{"id":4212,"date":"2024-11-29T17:45:43","date_gmt":"2024-11-29T17:45:43","guid":{"rendered":"https:\/\/delingvo.de\/?page_id=4212"},"modified":"2025-11-24T19:49:31","modified_gmt":"2025-11-24T19:49:31","slug":"%d8%b9%d8%b1%d9%88%d8%b6-%d8%a7%d9%84%d8%b4%d8%b1%d9%83%d8%a9","status":"publish","type":"page","link":"https:\/\/delingvo.de\/ar\/firmenangebote\/","title":{"rendered":"\u0639\u0631\u0648\u0636 \u0627\u0644\u0634\u0631\u0643\u0629"},"content":{"rendered":"<h1>\u0639\u0631\u0648\u0636 \u0627\u0644\u0634\u0631\u0643\u0627\u062a \u2013 \u062d\u0644\u0648\u0644 \u0644\u063a\u0648\u064a\u0629 \u0627\u062d\u062a\u0631\u0627\u0641\u064a\u0629 \u0644\u0634\u0631\u0643\u062a\u0643<\/h1>\n<p>\u0639\u0632\u0632 \u0641\u0631\u064a\u0642\u0643 \u0628\u062f\u0648\u0631\u0627\u062a \u0627\u0644\u0644\u063a\u0629 \u0627\u0644\u0623\u0644\u0645\u0627\u0646\u064a\u0629 \u0627\u0644\u0645\u0635\u0645\u0645\u0629 \u062e\u0635\u064a\u0635\u064b\u0627 \u0645\u0646 DeLingvo.<\/p>\n<p>\u064a\u0639\u062f \u0627\u0644\u062a\u0648\u0627\u0635\u0644 \u0627\u0644\u0648\u0627\u0636\u062d \u0648\u0627\u0644\u062f\u0642\u064a\u0642 \u0639\u0627\u0645\u0644 \u0646\u062c\u0627\u062d \u062d\u0627\u0633\u0645\u064b\u0627 \u0641\u064a \u0627\u0644\u0641\u0631\u0642 \u0627\u0644\u062f\u0648\u0644\u064a\u0629. \u062a\u062f\u0639\u0645 \u062f\u0648\u0631\u0627\u062a\u0646\u0627 \u0627\u0644\u062e\u0627\u0635\u0629 \u0644\u0644\u0634\u0631\u0643\u0627\u062a \u0645\u0648\u0638\u0641\u064a\u0643 \u0644\u0644\u062a\u0646\u0642\u0644 \u0628\u062b\u0642\u0629 \u0641\u064a \u0628\u064a\u0626\u0629 \u0627\u0644\u0639\u0645\u0644 \u0627\u0644\u0623\u0644\u0645\u0627\u0646\u064a\u0629\u060c \u0644\u063a\u0648\u064a\u064b\u0627 \u0648\u062b\u0642\u0627\u0641\u064a\u064b\u0627.<br \/>\nOb online, vor Ort oder hybrid \u2013 wir passen uns flexibel Ihren Unternehmensanforderungen an.<\/p>\n<hr \/>\n<h2>\u0639\u0631\u0648\u0636\u0646\u0627 \u0644\u0644\u0634\u0631\u0643\u0627\u062a<\/h2>\n<h3>\u062f\u0648\u0631\u0627\u062a \u0627\u0644\u0644\u063a\u0629 \u0627\u0644\u0623\u0644\u0645\u0627\u0646\u064a\u0629 \u0627\u0644\u0641\u0631\u062f\u064a\u0629<\/h3>\n<p>\u0645\u0635\u0645\u0645\u0629 \u062e\u0635\u064a\u0635\u064b\u0627 \u0644\u062a\u0644\u0628\u064a\u0629 \u0627\u0644\u0645\u062a\u0637\u0644\u0628\u0627\u062a \u0627\u0644\u0645\u0647\u0646\u064a\u0629\u060c \u0648\u0627\u0644\u0635\u0644\u0629 \u0628\u0627\u0644\u0642\u0637\u0627\u0639\u060c \u0648\u0627\u0644\u0645\u0633\u062a\u0648\u0649 \u0627\u0644\u0644\u063a\u0648\u064a \u0644\u0645\u0648\u0638\u0641\u064a\u0643.<\/p>\n<h3>\u0627\u0644\u062a\u0639\u0644\u0651\u0645 \u0627\u0644\u0645\u0631\u0646<\/h3>\n<p>Online, in Ihrem Unternehmen oder hybrid \u2013 wir integrieren die Weiterbildung nahtlos in den Arbeitsalltag.<\/p>\n<h3>\u0627\u0644\u062a\u0631\u0643\u064a\u0632 \u0627\u0644\u062e\u0627\u0635 \u0628\u0627\u0644\u0645\u0647\u0646\u0629<\/h3>\n<p>Kommunikation am Arbeitsplatz: Meetings, E-Mails, Telefonate, Berichte und professionelle Korrespondenz.<\/p>\n<h3>\u0627\u0644\u0627\u0646\u062f\u0645\u0627\u062c \u0648\u0627\u0644\u062b\u0642\u0627\u0641\u0629<\/h3>\n<p>\u0646\u0642\u0644 \u062b\u0642\u0627\u0641\u0629 \u0627\u0644\u0639\u0645\u0644 \u0648\u0627\u0644\u0634\u0631\u0643\u0627\u062a \u0627\u0644\u0623\u0644\u0645\u0627\u0646\u064a\u0629 \u0644\u062a\u0648\u062c\u064a\u0647 \u0623\u0641\u0636\u0644 \u0641\u064a \u0627\u0644\u0628\u064a\u0626\u0629 \u0627\u0644\u0645\u0647\u0646\u064a\u0629.<\/p>\n<hr \/>\n<h2>\u0635\u064a\u063a \u0627\u0644\u062a\u062f\u0631\u064a\u0628 \/ \u0623\u0634\u0643\u0627\u0644 \u0627\u0644\u062a\u062f\u0631\u064a\u0628<\/h2>\n<h3>\u0627\u0644\u062a\u062f\u0631\u064a\u0628 \u0627\u0644\u0641\u0631\u062f\u064a<\/h3>\n<p>\u062a\u062f\u0631\u064a\u0628 \u0641\u0631\u062f\u064a \u0645\u0643\u062b\u0641 \u0644\u0644\u0645\u062a\u062e\u0635\u0635\u064a\u0646 \u0648\u0627\u0644\u0645\u062f\u064a\u0631\u064a\u0646 \u0627\u0644\u062a\u0646\u0641\u064a\u0630\u064a\u064a\u0646 \u2013 \u0633\u0631\u064a \u0648\u0641\u0639\u0627\u0644 \u0648\u0645\u0648\u062c\u0647 \u0646\u062d\u0648 \u0627\u0644\u0647\u062f\u0641.<\/p>\n<h3>\u0627\u0644\u062f\u0648\u0631\u0627\u062a \u0627\u0644\u062c\u0645\u0627\u0639\u064a\u0629<\/h3>\n<p>Ideal f\u00fcr internationale Teams, die gemeinsam lernen und wachsen m\u00f6chten.<\/p>\n<h3>\u0627\u0644\u0623\u0644\u0645\u0627\u0646\u064a\u0629 \u0644\u0644\u0648\u0638\u064a\u0641\u0629<\/h3>\n<p>\u0645\u0641\u0631\u062f\u0627\u062a \u062e\u0627\u0635\u0629 \u0628\u0627\u0644\u0642\u0637\u0627\u0639 \u0648\u0627\u0644\u062a\u062e\u0635\u0635\u060c \u0645\u062f\u0645\u062c\u0629 \u0645\u0639 \u0645\u0648\u0627\u0642\u0641 \u0627\u0644\u062a\u0648\u0627\u0635\u0644 \u0627\u0644\u0648\u0627\u0642\u0639\u064a\u0629.<\/p>\n<h3>\u0627\u0644\u062a\u062f\u0631\u064a\u0628 \u0645\u062a\u0639\u062f\u062f \u0627\u0644\u062b\u0642\u0627\u0641\u0627\u062a<\/h3>\n<p>Vertiefung des Verst\u00e4ndnisses f\u00fcr deutsche Arbeitsweisen, Strukturen und Erwartungen.<\/p>\n<h3>\u0627\u0644\u0645\u0647\u0627\u0631\u0627\u062a \u0627\u0644\u0634\u062e\u0635\u064a\u0629 \u0628\u0627\u0644\u0644\u063a\u0629 \u0627\u0644\u0623\u0644\u0645\u0627\u0646\u064a\u0629<\/h3>\n<p>\u0627\u0644\u0639\u0631\u0648\u0636 \u0627\u0644\u062a\u0642\u062f\u064a\u0645\u064a\u0629 \u0627\u0644\u0627\u062d\u062a\u0631\u0627\u0641\u064a\u0629\u060c \u0648\u0627\u0644\u0645\u0641\u0627\u0648\u0636\u0627\u062a\u060c \u0648\u0645\u062d\u0627\u062f\u062b\u0627\u062a \u0627\u0644\u0639\u0645\u0644\u0627\u0621\u060c \u0648\u0627\u0644\u062a\u0648\u0627\u0635\u0644 \u0641\u064a \u0627\u0644\u0627\u062c\u062a\u0645\u0627\u0639\u0627\u062a.<\/p>\n<h3>\u062f\u0648\u0631\u0627\u062a \u0627\u0644\u0645\u062d\u0627\u062f\u062b\u0629<\/h3>\n<p>\u0627\u0644\u062a\u0637\u0648\u064a\u0631 \u0627\u0644\u0647\u0627\u062f\u0641 \u0644\u0642\u062f\u0631\u0629 \u0627\u0644\u062a\u0639\u0628\u064a\u0631 \u0627\u0644\u0634\u0641\u0648\u064a \u0648\u0627\u0644\u062b\u0642\u0629 \u0627\u0644\u0644\u063a\u0648\u064a\u0629 \u0628\u0627\u0644\u0646\u0641\u0633.<\/p>\n<h3>\u0627\u0644\u062a\u062d\u0636\u064a\u0631 \u0644\u0644\u0627\u0645\u062a\u062d\u0627\u0646<\/h3>\n<p>\u0627\u0644\u0625\u0639\u062f\u0627\u062f \u0627\u0644\u0645\u0646\u0647\u062c\u064a \u0644\u0644\u0627\u062e\u062a\u0628\u0627\u0631\u0627\u062a \u0627\u0644\u0645\u0639\u062a\u0631\u0641 \u0628\u0647\u0627 \u0645\u062b\u0644 telc \u0623\u0648 Goethe \u0623\u0648 DTZ.<\/p>\n<hr \/>\n<h2>\u0627\u0644\u0645\u0646\u0647\u062c\u064a\u0629 \u0648\u0627\u0644\u0645\u0632\u0627\u064a\u0627<\/h2>\n<h3>\u0639\u0645\u0644\u064a \/ \u0645\u0648\u062c\u0647 \u0646\u062d\u0648 \u0627\u0644\u062a\u0637\u0628\u064a\u0642<\/h3>\n<p>\u064a\u0645\u0643\u0646 \u062a\u0637\u0628\u064a\u0642 \u062c\u0645\u064a\u0639 \u0627\u0644\u0645\u062d\u062a\u0648\u064a\u0627\u062a \u0641\u0648\u0631\u064b\u0627 \u0641\u064a \u0627\u0644\u062d\u064a\u0627\u0629 \u0627\u0644\u0639\u0645\u0644\u064a\u0629 \u0627\u0644\u064a\u0648\u0645\u064a\u0629 \u2013 \u0644\u0644\u062d\u0635\u0648\u0644 \u0639\u0644\u0649 \u0646\u062a\u0627\u0626\u062c \u0642\u0627\u0628\u0644\u0629 \u0644\u0644\u0642\u064a\u0627\u0633.<\/p>\n<h3>\u0627\u0644\u0648\u0633\u0627\u0626\u0637 \u0627\u0644\u0645\u062a\u0639\u062f\u062f\u0629<\/h3>\n<p>\u0645\u0648\u0627\u062f \u062a\u0641\u0627\u0639\u0644\u064a\u0629\u060c \u0648\u062a\u0645\u0627\u0631\u064a\u0646\u060c \u0648\u0648\u062d\u062f\u0627\u062a \u0641\u064a\u062f\u064a\u0648\u060c \u0648\u0645\u0648\u0627\u062f \u0631\u0642\u0645\u064a\u0629 \u0645\u0635\u0627\u062d\u0628\u0629.<\/p>\n<h3>\u0630\u0648 \u0623\u0633\u0627\u0633 \u062b\u0642\u0627\u0641\u064a<\/h3>\n<p>\u062a\u062f\u0631\u064a\u0628 \u0644\u063a\u0648\u064a \u0645\u064f\u0643\u0645\u0651\u064e\u0644 \u0628\u0627\u0644\u0643\u0641\u0627\u0621\u0629 \u0627\u0644\u062b\u0642\u0627\u0641\u064a\u0629 \u0630\u0627\u062a \u0627\u0644\u0635\u0644\u0629 \u0645\u0646 \u0623\u062c\u0644 \u062a\u0639\u0627\u064a\u0634 \u0623\u0641\u0636\u0644.<\/p>\n<hr \/>\n<h2>\u0645\u0632\u0627\u064a\u0627 \u0644\u0634\u0631\u0643\u062a\u0643<\/h2>\n<ul>\n<li><strong>\u0632\u064a\u0627\u062f\u0629 \u0627\u0644\u0643\u0641\u0627\u0621\u0629:<\/strong> \u062a\u0648\u0627\u0635\u0644 \u0623\u0641\u0636\u0644 \u062f\u0627\u062e\u0644 \u0627\u0644\u0641\u0631\u064a\u0642 \u0648\u0645\u0639 \u0627\u0644\u0639\u0645\u0644\u0627\u0621<\/li>\n<li><strong>\u0627\u0644\u0627\u0646\u062f\u0645\u0627\u062c \u0627\u0644\u062b\u0642\u0627\u0641\u064a:<\/strong> \u062a\u0623\u0642\u0644\u0645 \u0623\u0633\u0631\u0639 \u0644\u0644\u0645\u0648\u0638\u0641\u064a\u0646 \u0627\u0644\u062f\u0648\u0644\u064a\u064a\u0646<\/li>\n<li><strong>\u0627\u0644\u0627\u062d\u062a\u0641\u0627\u0638 \u0628\u0627\u0644\u0645\u0648\u0638\u0641\u064a\u0646:<\/strong> \u0639\u0631\u0648\u0636 \u0627\u0644\u062a\u062f\u0631\u064a\u0628 \u0627\u0644\u0645\u0647\u0646\u064a \u0627\u0644\u062c\u0630\u0627\u0628\u0629 \u062a\u0639\u0632\u0632 \u0627\u0644\u0648\u0644\u0627\u0621<\/li>\n<li><strong>\u062a\u0642\u0644\u064a\u0644 \u0633\u0648\u0621 \u0627\u0644\u0641\u0647\u0645:<\/strong> \u0627\u0644\u0623\u0645\u0627\u0646 \u0627\u0644\u0644\u063a\u0648\u064a \u0641\u064a \u0627\u0644\u0639\u0645\u0644\u064a\u0627\u062a \u0648\u0627\u0644\u0645\u0634\u0627\u0631\u064a\u0639<\/li>\n<\/ul>\n<hr \/>\n<h2>\u0637\u0631\u064a\u0642\u0643 \u0625\u0644\u0649 \u062f\u0648\u0631\u0629 \u0627\u0644\u0634\u0631\u0643\u0629<\/h2>\n<ol>\n<li><strong>\u062a\u062d\u0644\u064a\u0644 \u0627\u0644\u0627\u062d\u062a\u064a\u0627\u062c\u0627\u062a:<\/strong> \u0646\u062d\u0646 \u0646\u062d\u062f\u062f \u0627\u0644\u0623\u0647\u062f\u0627\u0641 \u0648\u0627\u0644\u0645\u062d\u062a\u0648\u064a\u0627\u062a \u0648\u0627\u0644\u0635\u064a\u063a.<\/li>\n<li><strong>\u062a\u062e\u0637\u064a\u0637 \u0627\u0644\u062f\u0648\u0631\u0629 \u0627\u0644\u062a\u062f\u0631\u064a\u0628\u064a\u0629:<\/strong> Flexible Terminmodelle, angepasst an Arbeitszeiten und Teamstrukturen.<\/li>\n<li><strong>\u0627\u0644\u0625\u062f\u0631\u0627\u0643:<\/strong> \u0645\u062f\u0631\u0628\u0648\u0646 \u0645\u0624\u0647\u0644\u0648\u0646 \u0628\u062e\u0628\u0631\u0629 \u0641\u064a \u0627\u0644\u062a\u0648\u0627\u0635\u0644 \u0627\u0644\u0645\u0647\u0646\u064a.<\/li>\n<li><strong>\u0645\u0631\u0627\u062c\u0639\u0629 \u0627\u0644\u0623\u062f\u0627\u0621:<\/strong> \u062a\u0642\u064a\u064a\u0645\u0627\u062a \u0645\u0646\u062a\u0638\u0645\u0629\u060c \u0648\u062a\u0642\u062f\u0645 \u0641\u064a \u0627\u0644\u062a\u0639\u0644\u0645\u060c \u0648\u0634\u0647\u0627\u062f\u0627\u062a \u0625\u062a\u0645\u0627\u0645.<\/li>\n<\/ol>\n<hr \/>\n<h2>\u0627\u062a\u0635\u0644 \u0628\u0646\u0627<\/h2>\n<p><strong>\u0627\u0644\u0647\u0627\u062a\u0641:<\/strong> +49 40 23813117<br \/>\n<strong>\u0627\u0644\u0645\u0648\u0642\u0639 \u0627\u0644\u0625\u0644\u0643\u062a\u0631\u0648\u0646\u064a:<\/strong> <a href=\"https:\/\/delingvo.de\/ar\/\">www.delingvo.de<\/a><\/p>\n<p><em>\u0627\u0639\u062a\u0645\u062f \u0639\u0644\u0649 \u0627\u0644\u062f\u0639\u0645 \u0627\u0644\u0644\u063a\u0648\u064a \u0627\u0644\u0627\u062d\u062a\u0631\u0627\u0641\u064a \u0648\u0627\u0644\u0627\u0646\u062f\u0645\u0627\u062c \u0627\u0644\u0645\u0633\u062a\u062f\u0627\u0645 \u2013 \u0645\u0639 DeLingvo.<\/em><\/p>","protected":false},"excerpt":{"rendered":"<p>Firmenangebote \u2013 Professionelle Sprachl\u00f6sungen f\u00fcr Ihr Unternehmen St\u00e4rken Sie Ihr Team mit ma\u00dfgeschneiderten Deutschkursen von DeLingvo. Klare und pr\u00e4zise Kommunikation [&hellip;]<\/p>\n","protected":false},"author":1,"featured_media":4861,"parent":0,"menu_order":4,"comment_status":"open","ping_status":"closed","template":"","meta":{"footnotes":""},"class_list":["post-4212","page","type-page","status-publish","has-post-thumbnail","hentry"],"_links":{"self":[{"href":"https:\/\/delingvo.de\/ar\/wp-json\/wp\/v2\/pages\/4212","targetHints":{"allow":["GET"]}}],"collection":[{"href":"https:\/\/delingvo.de\/ar\/wp-json\/wp\/v2\/pages"}],"about":[{"href":"https:\/\/delingvo.de\/ar\/wp-json\/wp\/v2\/types\/page"}],"author":[{"embeddable":true,"href":"https:\/\/delingvo.de\/ar\/wp-json\/wp\/v2\/users\/1"}],"replies":[{"embeddable":true,"href":"https:\/\/delingvo.de\/ar\/wp-json\/wp\/v2\/comments?post=4212"}],"version-history":[{"count":5,"href":"https:\/\/delingvo.de\/ar\/wp-json\/wp\/v2\/pages\/4212\/revisions"}],"predecessor-version":[{"id":16022,"href":"https:\/\/delingvo.de\/ar\/wp-json\/wp\/v2\/pages\/4212\/revisions\/16022"}],"wp:featuredmedia":[{"embeddable":true,"href":"https:\/\/delingvo.de\/ar\/wp-json\/wp\/v2\/media\/4861"}],"wp:attachment":[{"href":"https:\/\/delingvo.de\/ar\/wp-json\/wp\/v2\/media?parent=4212"}],"curies":[{"name":"\u062f\u0628\u0644\u064a\u0648 \u0628\u064a","href":"https:\/\/api.w.org\/{rel}","templated":true}]}}