{"id":4536,"date":"2024-08-01T09:51:09","date_gmt":"2024-08-01T09:51:09","guid":{"rendered":"https:\/\/wp.themepure.net\/acadia\/?page_id=4536"},"modified":"2025-11-24T17:36:56","modified_gmt":"2025-11-24T17:36:56","slug":"%d9%86%d8%a8%d8%b0%d8%a9-%d8%b9%d9%86%d8%a7-%d8%af%d9%8a%d9%84%d9%8a%d9%86%d8%ac%d9%81%d9%88","status":"publish","type":"page","link":"https:\/\/delingvo.de\/ar\/ueber-uns-delingvo\/","title":{"rendered":"\u00dcber uns DeLingvo"},"content":{"rendered":"<div data-elementor-type=\"wp-page\" data-elementor-id=\"4536\" class=\"elementor elementor-4536\">\n\t\t\t\t<div class=\"elementor-element elementor-element-48d4b16 e-con-full e-flex e-con e-parent\" data-id=\"48d4b16\" data-element_type=\"container\" data-e-type=\"container\" data-settings=\"{&quot;background_background&quot;:&quot;classic&quot;}\">\n\t\t<div class=\"elementor-element elementor-element-b420351 e-flex e-con-boxed e-con e-child\" data-id=\"b420351\" data-element_type=\"container\" data-e-type=\"container\">\n\t\t\t\t\t<div class=\"e-con-inner\">\n\t\t\t\t<div class=\"elementor-element elementor-element-08aa68c elementor-widget elementor-widget-tp-heading\" data-id=\"08aa68c\" data-element_type=\"widget\" data-e-type=\"widget\" data-settings=\"{&quot;tp_anima_type&quot;:&quot;fadeInUp&quot;}\" data-widget_type=\"tp-heading.default\">\n\t\t\t\t<div class=\"elementor-widget-container\">\n\t\t\t\t\t\r\n\t\t\r\n\t\t\t<div class=\"tp-section tp-el-section align-box mb-40 wow fadeInUp\" data-wow-duration=\"1.5s\" data-wow-delay=\"0.3s\">\r\n\r\n\t\t\t\t\t\t\t\t\t<h5 class=\"tp-section-3-subtitle tp-el-subtitle\">\r\n\t\t\t\t\t\t\u0646\u0628\u0630\u0629 \u0639\u0646\u0627\n\t\t\t\t\t<\/h5>\r\n\t\t\t\t\r\n\t\t\t\t<h2 class=\"tp-section-3-title tp-el-span-image  tp-el-acadia-title tp-hero-2-title tp-el-title\">\u0646\u0642\u062f\u0645 \u062f\u0648\u0631\u0627\u062a \u0644\u063a\u0629 \u0623\u0644\u0645\u0627\u0646\u064a\u0629<br>\n\u0628\u0623\u0641\u0636\u0644 \u062c\u0648\u062f\u0629 \u0641\u064a \u0647\u0627\u0645\u0628\u0648\u0631\u063a<\/h2>\r\n\t\t\t\t\t\t\t<\/div>\r\n\r\n\t\t\t\t\t\t<\/div>\n\t\t\t\t<\/div>\n\t\t\t\t\t<\/div>\n\t\t\t\t<\/div>\n\t\t\t\t<\/div>\n\t\t<div class=\"elementor-element elementor-element-63fbd87 e-flex e-con-boxed e-con e-child\" data-id=\"63fbd87\" data-element_type=\"container\" data-e-type=\"container\">\n\t\t\t\t\t<div class=\"e-con-inner\">\n\t\t<div class=\"elementor-element elementor-element-af117d5 e-con-full e-flex e-con e-child\" data-id=\"af117d5\" data-element_type=\"container\" data-e-type=\"container\">\n\t\t\t\t<div class=\"elementor-element elementor-element-8520999 elementor-widget elementor-widget-tp-icon-box\" data-id=\"8520999\" data-element_type=\"widget\" data-e-type=\"widget\" data-settings=\"{&quot;tp_anima_type&quot;:&quot;fadeInUp&quot;}\" data-widget_type=\"tp-icon-box.default\">\n\t\t\t\t<div class=\"elementor-widget-container\">\n\t\t\t\t\t\r\n\t\t\r\n\t\t\t<div class=\"tp-tutor-item about text-center tp-el-section mb-30 wow fadeInUp\" data-wow-duration=\"1.5s\" data-wow-delay=\"0.3s\">\r\n\t\t\t\t<div class=\"tp-tutor-icon tp-icon-box-icon\">\r\n\t\t\t\t\t            <span class=\"tp-icon_box-image-icon\">\r\n                            <img decoding=\"async\" src=\"https:\/\/wp.themepure.net\/acadia\/wp-content\/uploads\/2024\/08\/Group.png\" alt=\"\" title=\"\">\r\n                    <\/span>\r\n    \t\t\t\t<\/div>\r\n\t\t\t\t<div class=\"tp-tutor-content\">\r\n\r\n\t\t\t\t\t\t\t\t\t\t\t<h4 class=\"tp-category-title tp-el-title\">\r\n\t\t\t\t\t\t\t\u0645\u0639\u0644\u0645\u0648\u0646 \u0645\u062a\u062e\u0635\u0635\u0648\u0646 \/ \u062a\u0631\u0628\u0648\u064a\u0648\u0646 \u0645\u062d\u062a\u0631\u0641\u0648\u0646\t\t\t\t\t\t<\/h4>\r\n\t\t\t\t\t\t\t\t\t\t\t\t\t\t\t\t<p class=\"tp-el-content\">\r\n\t\t\t\t\t\t\t\u0627\u062d\u0635\u0644 \u0639\u0644\u0649 \u062f\u0639\u0645 \u0634\u062e\u0635\u064a \u0645\u0646 \u062e\u0628\u0631\u0627\u0626\u0646\u0627 \u0627\u0644\u0645\u062a\u062e\u0635\u0635\u064a\u0646.\n\n\t\t\t\t\t\t<\/p>\r\n\t\t\t\t\t\t\t\t\t<\/div>\r\n\t\t\t<\/div>\r\n\r\n\t\t\r\n\t\t\t\t\t\t<\/div>\n\t\t\t\t<\/div>\n\t\t\t\t<\/div>\n\t\t<div class=\"elementor-element elementor-element-28c1ff4 e-con-full e-flex e-con e-child\" data-id=\"28c1ff4\" data-element_type=\"container\" data-e-type=\"container\">\n\t\t\t\t<div class=\"elementor-element elementor-element-ee29634 elementor-widget elementor-widget-tp-icon-box\" data-id=\"ee29634\" data-element_type=\"widget\" data-e-type=\"widget\" data-settings=\"{&quot;tp_anima_type&quot;:&quot;fadeInUp&quot;}\" data-widget_type=\"tp-icon-box.default\">\n\t\t\t\t<div class=\"elementor-widget-container\">\n\t\t\t\t\t\r\n\t\t\r\n\t\t\t<div class=\"tp-tutor-item about text-center tp-el-section mb-30 wow fadeInUp\" data-wow-duration=\"1.7s\" data-wow-delay=\"0.3s\">\r\n\t\t\t\t<div class=\"tp-tutor-icon tp-icon-box-icon\">\r\n\t\t\t\t\t            <span class=\"tp-icon_box-image-icon\">\r\n                            <img decoding=\"async\" src=\"https:\/\/wp.themepure.net\/acadia\/wp-content\/uploads\/2024\/08\/icon6.png\" alt=\"\" title=\"\">\r\n                    <\/span>\r\n    \t\t\t\t<\/div>\r\n\t\t\t\t<div class=\"tp-tutor-content\">\r\n\r\n\t\t\t\t\t\t\t\t\t\t\t<h4 class=\"tp-category-title tp-el-title\">\r\n\t\t\t\t\t\t\t\u062f\u0639\u0645 \u0641\u064a \u0627\u0644\u0648\u0642\u062a \u0627\u0644\u0641\u0639\u0644\u064a\t\t\t\t\t\t<\/h4>\r\n\t\t\t\t\t\t\t\t\t\t\t\t\t\t\t\t<p class=\"tp-el-content\">\r\n\t\t\t\t\t\t\t\u0627\u062d\u0635\u0644 \u0639\u0644\u0649 \u062f\u0639\u0645 \u0641\u0631\u062f\u064a \u0645\u0646 \u062e\u0628\u0631\u0627\u0626\u0646\u0627 \u0627\u0644\u0645\u062a\u062e\u0635\u0635\u064a\u0646.\t\t\t\t\t\t<\/p>\r\n\t\t\t\t\t\t\t\t\t<\/div>\r\n\t\t\t<\/div>\r\n\r\n\t\t\r\n\t\t\t\t\t\t<\/div>\n\t\t\t\t<\/div>\n\t\t\t\t<\/div>\n\t\t<div class=\"elementor-element elementor-element-69fd6f9 e-con-full e-flex e-con e-child\" data-id=\"69fd6f9\" data-element_type=\"container\" data-e-type=\"container\">\n\t\t\t\t<div class=\"elementor-element elementor-element-b127c20 elementor-widget elementor-widget-tp-icon-box\" data-id=\"b127c20\" data-element_type=\"widget\" data-e-type=\"widget\" data-settings=\"{&quot;tp_anima_type&quot;:&quot;fadeInUp&quot;}\" data-widget_type=\"tp-icon-box.default\">\n\t\t\t\t<div class=\"elementor-widget-container\">\n\t\t\t\t\t\r\n\t\t\r\n\t\t\t<div class=\"tp-tutor-item about text-center tp-el-section mb-30 wow fadeInUp\" data-wow-duration=\"1.9s\" data-wow-delay=\"0.3s\">\r\n\t\t\t\t<div class=\"tp-tutor-icon tp-icon-box-icon\">\r\n\t\t\t\t\t            <span class=\"tp-icon_box-image-icon\">\r\n                            <img decoding=\"async\" src=\"https:\/\/wp.themepure.net\/acadia\/wp-content\/uploads\/2024\/08\/icon5.png\" alt=\"\" title=\"\">\r\n                    <\/span>\r\n    \t\t\t\t<\/div>\r\n\t\t\t\t<div class=\"tp-tutor-content\">\r\n\r\n\t\t\t\t\t\t\t\t\t\t\t<h4 class=\"tp-category-title tp-el-title\">\r\n\t\t\t\t\t\t\t\u0627\u0644\u0646\u062c\u0627\u062d \u0625\u0644\u0649 \u062c\u0627\u0646\u0628\u0643\t\t\t\t\t\t<\/h4>\r\n\t\t\t\t\t\t\t\t\t\t\t\t\t\t\t\t<p class=\"tp-el-content\">\r\n\t\t\t\t\t\t\t\u0646\u062d\u0646 \u0625\u0644\u0649 \u062c\u0627\u0646\u0628\u0643 \u2013 \u0641\u064a \u0627\u0644\u0627\u0645\u062a\u062d\u0627\u0646\u0627\u062a \u0648\u0627\u0644\u062d\u064a\u0627\u0629 \u0627\u0644\u0645\u0647\u0646\u064a\u0629\u060c \u0645\u0646 \u0623\u062c\u0644 \u0646\u062c\u0627\u062d\u0643.\t\t\t\t\t\t<\/p>\r\n\t\t\t\t\t\t\t\t\t<\/div>\r\n\t\t\t<\/div>\r\n\r\n\t\t\r\n\t\t\t\t\t\t<\/div>\n\t\t\t\t<\/div>\n\t\t\t\t<\/div>\n\t\t\t\t\t<\/div>\n\t\t\t\t<\/div>\n\t\t<div class=\"elementor-element elementor-element-54aef36c e-flex e-con-boxed e-con e-parent\" data-id=\"54aef36c\" data-element_type=\"container\" data-e-type=\"container\">\n\t\t\t\t\t<div class=\"e-con-inner\">\n\t\t<div class=\"elementor-element elementor-element-9ba9ca8 e-con-full e-flex e-con e-child\" data-id=\"9ba9ca8\" data-element_type=\"container\" data-e-type=\"container\">\n\t\t<div class=\"elementor-element elementor-element-30252c89 e-con-full e-flex e-con e-child\" data-id=\"30252c89\" data-element_type=\"container\" data-e-type=\"container\">\n\t\t<div class=\"elementor-element elementor-element-19f1d58f e-con-full e-flex e-con e-child\" data-id=\"19f1d58f\" data-element_type=\"container\" data-e-type=\"container\" data-settings=\"{&quot;background_background&quot;:&quot;gradient&quot;}\">\n\t\t\t\t<div class=\"elementor-element elementor-element-55f0d7c8 elementor-widget elementor-widget-image\" data-id=\"55f0d7c8\" data-element_type=\"widget\" data-e-type=\"widget\" data-widget_type=\"image.default\">\n\t\t\t\t\t\t\t\t\t\t\t\t\t\t\t<img decoding=\"async\" width=\"20\" height=\"20\" src=\"https:\/\/delingvo.de\/wp-content\/uploads\/2025\/11\/icon4.png\" class=\"attachment-full size-full wp-image-15901\" alt=\"\" title=\"\">\t\t\t\t\t\t\t\t\t\t\t\t\t\t\t<\/div>\n\t\t\t\t<\/div>\n\t\t\t\t<div class=\"elementor-element elementor-element-3b5d126b elementor-widget elementor-widget-heading\" data-id=\"3b5d126b\" data-element_type=\"widget\" data-e-type=\"widget\" data-widget_type=\"heading.default\">\n\t\t\t\t\t<h2 class=\"elementor-heading-title elementor-size-default\">\u0627\u0643\u062a\u0634\u0641 \u0627\u0644\u0645\u0632\u064a\u062f \u0639\u0646 \u062f\u0648\u0631\u0627\u062a\u0646\u0627<\/h2>\t\t\t\t<\/div>\n\t\t\t\t<\/div>\n\t\t\t\t<div class=\"elementor-element elementor-element-27019c8 elementor-widget elementor-widget-heading\" data-id=\"27019c8\" data-element_type=\"widget\" data-e-type=\"widget\" data-widget_type=\"heading.default\">\n\t\t\t\t\t<h2 class=\"elementor-heading-title elementor-size-default\"><h2 class=\"tp-section-3-title tp-el-span-image  tp-el-acadia-title tp-hero-2-title tp-el-title\" style=\"margin-bottom: 0px;font-weight: 600;font-size: 50px;font-family: Outfit, sans-serif;letter-spacing: -1px\">\u0646\u062d\u0646 \u0646\u0646\u0634\u0626 \u062a\u062c\u0627\u0631\u0628<br>\u062a\u0639\u0644\u0645 \u0641\u0631\u064a\u062f\u0629<\/h2><\/h2>\t\t\t\t<\/div>\n\t\t\t\t<div class=\"elementor-element elementor-element-7ae48c2 elementor-widget elementor-widget-text-editor\" data-id=\"7ae48c2\" data-element_type=\"widget\" data-e-type=\"widget\" data-widget_type=\"text-editor.default\">\n\t\t\t\t\t\t\t\t\t<p>\u062f\u064a \u0644\u064a\u0646\u063a\u0641\u0648 \u0647\u0648 \u0639\u0646\u0648\u0627\u0646\u0643 \u0627\u0644\u0631\u0627\u0626\u062f \u0644\u062f\u0648\u0631\u0627\u062a \u0627\u0644\u0644\u063a\u0629 \u0627\u0644\u0623\u0644\u0645\u0627\u0646\u064a\u0629 \u0648\u0627\u0644\u0627\u0646\u062f\u0645\u0627\u062c \u0641\u064a \u0623\u0644\u0645\u0627\u0646\u064a\u0627. \u0628\u0635\u0641\u062a\u0646\u0627 \u0645\u0624\u0633\u0633\u0629 \u062a\u0639\u0644\u064a\u0645\u064a\u0629 \u0645\u0639\u062a\u0645\u062f\u0629 \u0645\u0646 AZAV \u0628\u0645\u0648\u062c\u0628 $\\S$ 178 SGB III\u060c \u0646\u0642\u062f\u0645 \u062f\u0648\u0631\u0627\u062a \u0644\u063a\u0648\u064a\u0629 \u0639\u0627\u0644\u064a\u0629 \u0627\u0644\u062c\u0648\u062f\u0629 \u0648\u0625\u062c\u0631\u0627\u0621\u0627\u062a \u062a\u062f\u0631\u064a\u0628 \u0645\u0647\u0646\u064a \u0644\u0644\u0623\u0634\u062e\u0627\u0635 \u0645\u0646 \u062c\u0645\u064a\u0639 \u0623\u0646\u062d\u0627\u0621 \u0627\u0644\u0639\u0627\u0644\u0645. \u0645\u0647\u0645\u062a\u0646\u0627 \u0647\u064a \u062a\u0645\u0647\u064a\u062f \u0637\u0631\u064a\u0642\u0643 \u0646\u062d\u0648 \u062d\u064a\u0627\u0629 \u0648\u0639\u0645\u0644 \u0646\u0627\u062c\u062d\u064a\u0646 \u0641\u064a \u0623\u0644\u0645\u0627\u0646\u064a\u0627 \u2013 \u0644\u063a\u0648\u064a\u064b\u0627 \u0648\u0645\u0647\u0646\u064a\u064b\u0627 \u0648\u062b\u0642\u0627\u0641\u064a\u064b\u0627.<\/p><p>\u0646\u0642\u062f\u0645 \u062f\u0648\u0631\u0627\u062a \u0644\u063a\u0629 \u0623\u0644\u0645\u0627\u0646\u064a\u0629 \u0639\u0645\u0644\u064a\u0629 \u0645\u0646 \u0627\u0644\u0645\u0633\u062a\u0648\u0649 A1 \u0625\u0644\u0649 C1\u060c \u0645\u0635\u0645\u0645\u0629 \u0644\u062a\u0643\u0648\u0646 \u0645\u0631\u0646\u0629 \u0648\u0645\u0648\u062c\u0647\u0629 \u0646\u062d\u0648 \u0627\u0644\u0647\u062f\u0641\u060c \u0633\u0648\u0627\u0621 \u0641\u064a \u0645\u062c\u0645\u0648\u0639\u0627\u062a \u0635\u063a\u064a\u0631\u0629 \u0623\u0648 \u0628\u0634\u0643\u0644 \u0641\u0631\u062f\u064a\u060c \u062d\u0636\u0648\u0631\u064a\u064b\u0627 \u0623\u0648 \u0639\u0628\u0631 \u0627\u0644\u0625\u0646\u062a\u0631\u0646\u062a. \u0628\u0627\u0644\u0625\u0636\u0627\u0641\u0629 \u0625\u0644\u0649 \u0630\u0644\u0643\u060c \u0646\u0642\u0648\u0645 \u0628\u062a\u0646\u0641\u064a\u0630 \u0625\u062c\u0631\u0627\u0621\u0627\u062a \u0627\u0644\u062a\u062f\u0631\u064a\u0628 \u0627\u0644\u0645\u0647\u0646\u064a \u0627\u0644\u0645\u0645\u0648\u0644\u0629 \u0645\u0646 AZAV\u060c \u0648\u0647\u064a \u0645\u062b\u0627\u0644\u064a\u0629 \u0644\u0644\u0645\u0647\u0646\u064a\u064a\u0646 \u0648\u0627\u0644\u0645\u0628\u062a\u062f\u0626\u064a\u0646 \u0641\u064a \u0627\u0644\u062d\u064a\u0627\u0629 \u0627\u0644\u0645\u0647\u0646\u064a\u0629 \u0648\u0627\u0644\u0645\u0647\u0627\u062c\u0631\u064a\u0646 \u0627\u0644\u0630\u064a\u0646 \u0644\u062f\u064a\u0647\u0645 \u0623\u0647\u062f\u0627\u0641 \u0627\u0646\u062f\u0645\u0627\u062c. \u0644\u0644\u0623\u0637\u0628\u0627\u0621 \u0627\u0644\u062f\u0648\u0644\u064a\u064a\u0646\u060c \u0646\u0642\u062f\u0645 \u062f\u0648\u0631\u0627\u062a \u062a\u062d\u0636\u064a\u0631\u064a\u0629 \u0645\u064f\u0633\u062a\u0647\u062f\u0641\u0629 \u0644\u0627\u062e\u062a\u0628\u0627\u0631 \u0627\u0644\u0644\u063a\u0629 \u0627\u0644\u062a\u062e\u0635\u0635\u064a\u0629 \u0627\u0644\u0637\u0628\u064a\u0629 (C1)\u060c \u0645\u0639 \u0627\u0644\u062a\u0631\u0643\u064a\u0632 \u0639\u0644\u0649 \u0627\u0644\u0645\u0635\u0637\u0644\u062d\u0627\u062a \u0627\u0644\u0637\u0628\u064a\u0629 \u0627\u0644\u0645\u062a\u062e\u0635\u0635\u0629 \u0648\u0645\u062d\u0627\u062f\u062b\u0627\u062a \u0627\u0644\u0645\u0631\u0636\u0649 \u0648\u0627\u0633\u062a\u0631\u0627\u062a\u064a\u062c\u064a\u0627\u062a \u0627\u0644\u0627\u062e\u062a\u0628\u0627\u0631.<\/p><p>\u0639\u0644\u0627\u0648\u0629 \u0639\u0644\u0649 \u0630\u0644\u0643\u060c \u062a\u064f\u0639\u062f\u0651 \u062f\u0648\u0631\u0627\u062a\u0646\u0627 \u0628\u0634\u0643\u0644 \u0647\u0627\u062f\u0641 \u0644\u0634\u0647\u0627\u062f\u0627\u062a \u0645\u062b\u0644 Goethe \u0648 telc \u0648 TestDaF \u0648 DSH\u060c \u0644\u0625\u062a\u0642\u0627\u0646 \u0627\u0644\u0645\u062a\u0637\u0644\u0628\u0627\u062a \u0627\u0644\u0644\u063a\u0648\u064a\u0629 \u0648\u0627\u0644\u0645\u0646\u0647\u062c\u064a\u0629 \u0648\u0627\u0644\u0631\u0633\u0645\u064a\u0629 \u0628\u062b\u0642\u0629. \u0628\u0627\u0644\u0625\u0636\u0627\u0641\u0629 \u0625\u0644\u0649 \u0630\u0644\u0643\u060c \u0646\u0642\u062f\u0645 \u0648\u0631\u0634 \u0639\u0645\u0644 \u0648\u062f\u0648\u0631\u0627\u062a \u062a\u0648\u062c\u064a\u0647\u064a\u0629 \u062d\u0648\u0644 \u0627\u0644\u062b\u0642\u0627\u0641\u0629 \u0648\u0627\u0644\u0645\u062c\u062a\u0645\u0639 \u0648\u0633\u0648\u0642 \u0627\u0644\u0639\u0645\u0644 \u0627\u0644\u0623\u0644\u0645\u0627\u0646\u064a\u0629 \u0644\u062f\u0639\u0645 \u0627\u0644\u0627\u0646\u062f\u0645\u0627\u062c \u0627\u0644\u0633\u0631\u064a\u0639 \u0648\u0627\u0644\u0646\u0627\u062c\u062d.<\/p><p>\u0646\u0631\u0627\u0641\u0642\u0643 \u0634\u062e\u0635\u064a\u064b\u0627 \u0641\u064a \u0627\u0644\u0645\u0633\u0627\u0626\u0644 \u0627\u0644\u062a\u0646\u0638\u064a\u0645\u064a\u0629\u060c \u0627\u0644\u0637\u0644\u0628\u0627\u062a\u060c \u0627\u0644\u0645\u0639\u0627\u0645\u0644\u0627\u062a \u0627\u0644\u062d\u0643\u0648\u0645\u064a\u0629\u060c \u0648\u0627\u0644\u062a\u0648\u062c\u064a\u0647 \u0627\u0644\u0645\u0647\u0646\u064a \u0641\u064a \u0623\u0644\u0645\u0627\u0646\u064a\u0627 \u2013 \u0628\u0645\u0648\u062b\u0648\u0642\u064a\u0629 \u0648\u0644\u063a\u0627\u062a \u0645\u062a\u0639\u062f\u062f\u0629. \u0628\u0641\u0636\u0644 \u0627\u0644\u0645\u062d\u0627\u0636\u0631\u064a\u0646 \u0630\u0648\u064a \u0627\u0644\u062e\u0628\u0631\u0629\u060c \u0623\u0633\u0627\u0644\u064a\u0628 \u0627\u0644\u062a\u062f\u0631\u064a\u0633 \u0627\u0644\u062d\u062f\u064a\u062b\u0629\u060c \u0627\u0644\u0623\u062f\u0648\u0627\u062a \u0627\u0644\u0631\u0642\u0645\u064a\u0629\u060c \u0648\u0627\u0644\u062f\u0639\u0645 \u0627\u0644\u062a\u0639\u0644\u064a\u0645\u064a \u0627\u0644\u0641\u0631\u062f\u064a\u060c \u0646\u062e\u0644\u0642 \u062c\u0648\u064b\u0627 \u062a\u0639\u0644\u064a\u0645\u064a\u064b\u0627 \u0634\u062e\u0635\u064a\u064b\u0627 \u0648\u062f\u0627\u0639\u0645\u064b\u0627.<\/p><p>\u0643\u0646 \u062c\u0632\u0621\u064b\u0627 \u0645\u0646 \u0645\u062c\u062a\u0645\u0639\u0646\u0627 \u0627\u0644\u0645\u062a\u0646\u0627\u0645\u064a \u0648\u0627\u0628\u062f\u0623 \u0645\u0633\u062a\u0642\u0628\u0644\u0643 \u0641\u064a \u0623\u0644\u0645\u0627\u0646\u064a\u0627 \u0645\u0639 DeLingvo \u2013 \u0634\u0631\u064a\u0643\u0643 \u0627\u0644\u0642\u0648\u064a \u0644\u0644\u0643\u0641\u0627\u0621\u0629 \u0627\u0644\u0644\u063a\u0648\u064a\u0629 \u0648\u0627\u0644\u0627\u0646\u062f\u0645\u0627\u062c.<\/p>\t\t\t\t\t\t\t\t<\/div>\n\t\t\t\t<\/div>\n\t\t<div class=\"elementor-element elementor-element-68c7fb96 e-con-full e-flex e-con e-child\" data-id=\"68c7fb96\" data-element_type=\"container\" data-e-type=\"container\">\n\t\t\t\t<div class=\"elementor-element elementor-element-27753dc8 elementor-widget__width-initial elementor-widget elementor-widget-text-editor\" data-id=\"27753dc8\" data-element_type=\"widget\" data-e-type=\"widget\" data-widget_type=\"text-editor.default\">\n\t\t\t\t\t\t\t\t\t<div style=\"font-family: Arial, sans-serif; font-size: 16px; line-height: 1.6; width: 100%;\">\n  <div style=\"width: 100%; border-bottom: 1px dashed #999; margin-bottom: 15px; padding: 8px 0 12px 0;\">\n    \u0627\u0644\u0647\u0627\u062a\u0641: \n    <a style=\"color: #555;\" href=\"tel:+494023813117\">+49 4023813117<\/a>\n  <\/div>\n  \n  <div style=\"width: 100%; border-bottom: 1px dashed #999; margin-bottom: 15px; padding: 8px 0 12px 0;\">\n    \u0627\u0644\u0628\u0631\u064a\u062f \u0627\u0644\u0625\u0644\u0643\u062a\u0631\u0648\u0646\u064a: \n    <a style=\"color: #555;\" href=\"mailto:info@delingvo.de\">info@delingvo.de<\/a>\n  <\/div>\n  \n  <div style=\"width: 100%; border-bottom: 1px dashed #999; margin-bottom: 15px; padding: 8px 0 15px 0;\">\n    \u0627\u0644\u0645\u0648\u0642\u0639 \u0627\u0644\u0625\u0644\u0643\u062a\u0631\u0648\u0646\u064a: \n    <a style=\"text-decoration: underline; color: #555;\" href=\"https:\/\/delingvo.de\/ar\/\" target=\"_blank\" rel=\"noopener\">\n      www.delingvo.de\n    <\/a>\n  <\/div>\n<\/div>\t\t\t\t\t\t\t\t<\/div>\n\t\t\t\t<div class=\"elementor-element elementor-element-15ed67c6 elementor-widget elementor-widget-google_maps\" data-id=\"15ed67c6\" data-element_type=\"widget\" data-e-type=\"widget\" data-widget_type=\"google_maps.default\">\n\t\t\t\t\t\t\t<div class=\"elementor-custom-embed\">\n\t\t\t<iframe loading=\"lazy\"\n\t\t\t\t\tsrc=\"https:\/\/maps.google.com\/maps?q=Wendenstra%C3%9Fe%2029%2C%2020097%20Hamburg&#038;t=m&#038;z=14&#038;output=embed&#038;iwloc=near\"\n\t\t\t\t\ttitle=\"\u0641\u064a\u0646\u062f\u0646\u0634\u062a\u0631\u0627\u0633\u0647 29\u060c 20097 \u0647\u0627\u0645\u0628\u0648\u0631\u063a\"\n\t\t\t\t\taria-label=\"\u0641\u064a\u0646\u062f\u0646\u0634\u062a\u0631\u0627\u0633\u0647 29\u060c 20097 \u0647\u0627\u0645\u0628\u0648\u0631\u063a\"\n\t\t\t><\/iframe>\n\t\t<\/div>\n\t\t\t\t\t\t<\/div>\n\t\t\t\t<div class=\"elementor-element elementor-element-3c69d23f elementor-widget elementor-widget-image\" data-id=\"3c69d23f\" data-element_type=\"widget\" data-e-type=\"widget\" data-widget_type=\"image.default\">\n\t\t\t\t\t\t\t\t\t\t\t\t\t\t\t<img fetchpriority=\"high\" decoding=\"async\" width=\"600\" height=\"400\" src=\"https:\/\/delingvo.de\/wp-content\/uploads\/2025\/11\/AZAV-Zertifizierung-600x400-1.webp\" class=\"attachment-medium size-medium wp-image-15905\" alt=\"\" title=\"\">\t\t\t\t\t\t\t\t\t\t\t\t\t\t\t<\/div>\n\t\t\t\t<div class=\"elementor-element elementor-element-ae5af65 elementor-align-left elementor-widget elementor-widget-button\" data-id=\"ae5af65\" data-element_type=\"widget\" data-e-type=\"widget\" data-widget_type=\"button.default\">\n\t\t\t\t\t\t\t\t\t\t<a class=\"elementor-button elementor-button-link elementor-size-sm\" href=\"\/ar\/%d8%a7%d8%b3%d8%aa%d9%85%d8%a7%d8%b1%d8%a9-%d8%a7%d9%84%d8%aa%d8%b3%d8%ac%d9%8a%d9%84\/\">\n\t\t\t\t\t\t<span class=\"elementor-button-content-wrapper\">\n\t\t\t\t\t\t\t\t\t<span class=\"elementor-button-text\">\u0627\u0639\u062b\u0631 \u0639\u0644\u0649 \u062f\u0648\u0631\u062a\u0643<\/span>\n\t\t\t\t\t<\/span>\n\t\t\t\t\t<\/a>\n\t\t\t\t\t\t\t\t<\/div>\n\t\t\t\t<\/div>\n\t\t\t\t\t<\/div>\n\t\t\t\t<\/div>\n\t\t<div class=\"elementor-element elementor-element-bf68945 e-flex e-con-boxed e-con e-parent\" data-id=\"bf68945\" data-element_type=\"container\" data-e-type=\"container\" data-settings=\"{&quot;background_background&quot;:&quot;classic&quot;}\">\n\t\t\t\t\t<div class=\"e-con-inner\">\n\t\t<div class=\"elementor-element elementor-element-052e76c e-con-full e-flex e-con e-child\" data-id=\"052e76c\" data-element_type=\"container\" data-e-type=\"container\">\n\t\t<div class=\"elementor-element elementor-element-6e54787 e-con-full e-flex e-con e-child\" data-id=\"6e54787\" data-element_type=\"container\" data-e-type=\"container\">\n\t\t\t\t<div class=\"elementor-element elementor-element-fdf116c elementor-widget elementor-widget-tp-counter\" data-id=\"fdf116c\" data-element_type=\"widget\" data-e-type=\"widget\" data-widget_type=\"tp-counter.default\">\n\t\t\t\t<div class=\"elementor-widget-container\">\n\t\t\t\t\t\r\n    \r\n      <div class=\"tp-counter-item text-center tp-el-section\">\r\n                  <span class=\"tp-acadia-counter-border\"><\/span>\r\n                <h3 class=\"tp-counter-count mb-10 tp_counter_title_align\">\r\n          \r\n          <i data-purecounter-duration=\"1\" data-purecounter-end=\"10\" class=\"tp-el-counter-number purecounter\">0<\/i>\r\n\r\n                  <\/h3>\r\n\r\n        <p class=\"tp-el-counter-title tp_counter_title_align\">Unsere Filialen f\u00fcr Sie im Einsatz\n\n<\/p>      <\/div>\r\n\r\n    \r\n    \t\t\t\t<\/div>\n\t\t\t\t<\/div>\n\t\t\t\t<\/div>\n\t\t<div class=\"elementor-element elementor-element-4d02625 e-con-full e-flex e-con e-child\" data-id=\"4d02625\" data-element_type=\"container\" data-e-type=\"container\">\n\t\t\t\t<div class=\"elementor-element elementor-element-c3975ac elementor-widget elementor-widget-tp-counter\" data-id=\"c3975ac\" data-element_type=\"widget\" data-e-type=\"widget\" data-widget_type=\"tp-counter.default\">\n\t\t\t\t<div class=\"elementor-widget-container\">\n\t\t\t\t\t\r\n    \r\n      <div class=\"tp-counter-item text-center tp-el-section\">\r\n                  <span class=\"tp-acadia-counter-border\"><\/span>\r\n                <h3 class=\"tp-counter-count mb-10 tp_counter_title_align\">\r\n          \r\n          <i data-purecounter-duration=\"1\" data-purecounter-end=\"25\" class=\"tp-el-counter-number purecounter\">0<\/i>\r\n\r\n                      <span class=\"tp-el-counter-suffix\">\r\n              +            <\/span>\r\n                  <\/h3>\r\n\r\n        <p class=\"tp-el-counter-title tp_counter_title_align\">\u062f\u0648\u0631\u0627\u062a\u0646\u0627 \u0627\u0644\u062a\u062f\u0631\u064a\u0628\u064a\u0629<br>\n\u0644\u0643\u0644 \u0645\u0633\u062a\u0648\u0649<\/p>      <\/div>\r\n\r\n    \r\n    \t\t\t\t<\/div>\n\t\t\t\t<\/div>\n\t\t\t\t<\/div>\n\t\t<div class=\"elementor-element elementor-element-c22d15c e-con-full e-flex e-con e-child\" data-id=\"c22d15c\" data-element_type=\"container\" data-e-type=\"container\">\n\t\t\t\t<div class=\"elementor-element elementor-element-a241ec3 elementor-widget elementor-widget-tp-counter\" data-id=\"a241ec3\" data-element_type=\"widget\" data-e-type=\"widget\" data-widget_type=\"tp-counter.default\">\n\t\t\t\t<div class=\"elementor-widget-container\">\n\t\t\t\t\t\r\n    \r\n      <div class=\"tp-counter-item text-center tp-el-section\">\r\n                  <span class=\"tp-acadia-counter-border\"><\/span>\r\n                <h3 class=\"tp-counter-count mb-10 tp_counter_title_align\">\r\n          \r\n          <i data-purecounter-duration=\"1\" data-purecounter-end=\"250\" class=\"tp-el-counter-number purecounter\">0<\/i>\r\n\r\n                      <span class=\"tp-el-counter-suffix\">\r\n              +            <\/span>\r\n                  <\/h3>\r\n\r\n        <p class=\"tp-el-counter-title tp_counter_title_align\">\u0627\u0644\u0637\u0644\u0627\u0628 \u0627\u0644\u0646\u0627\u062c\u062d\u0648\u0646\n<\/p>      <\/div>\r\n\r\n    \r\n    \t\t\t\t<\/div>\n\t\t\t\t<\/div>\n\t\t\t\t<\/div>\n\t\t<div class=\"elementor-element elementor-element-c17d9cc e-con-full e-flex e-con e-child\" data-id=\"c17d9cc\" data-element_type=\"container\" data-e-type=\"container\">\n\t\t\t\t<div class=\"elementor-element elementor-element-967b534 elementor-widget elementor-widget-tp-counter\" data-id=\"967b534\" data-element_type=\"widget\" data-e-type=\"widget\" data-widget_type=\"tp-counter.default\">\n\t\t\t\t<div class=\"elementor-widget-container\">\n\t\t\t\t\t\r\n    \r\n      <div class=\"tp-counter-item text-center tp-el-section\">\r\n                <h3 class=\"tp-counter-count mb-10 tp_counter_title_align\">\r\n          \r\n          <i data-purecounter-duration=\"1\" data-purecounter-end=\"5\" class=\"tp-el-counter-number purecounter\">0<\/i>\r\n\r\n                  <\/h3>\r\n\r\n        <p class=\"tp-el-counter-title tp_counter_title_align\">\u0645\u062d\u0627\u0636\u0631\u0648\u0646 \u0630\u0648\u0648 \u062e\u0628\u0631\u0629<\/p>      <\/div>\r\n\r\n    \r\n    \t\t\t\t<\/div>\n\t\t\t\t<\/div>\n\t\t\t\t<\/div>\n\t\t\t\t<\/div>\n\t\t\t\t\t<\/div>\n\t\t\t\t<\/div>\n\t\t\t\t<\/div>","protected":false},"excerpt":{"rendered":"<p>\u00dcber uns Wir bieten Deutschkurse von bester Qualit\u00e4t in Hamburg an Professional Educators Erhalten Sie pers\u00f6nliche Unterst\u00fctzung von unseren Fachexperten. [&hellip;]<\/p>\n","protected":false},"author":64,"featured_media":0,"parent":0,"menu_order":0,"comment_status":"closed","ping_status":"closed","template":"elementor_header_footer","meta":{"footnotes":""},"class_list":["post-4536","page","type-page","status-publish","hentry"],"_links":{"self":[{"href":"https:\/\/delingvo.de\/ar\/wp-json\/wp\/v2\/pages\/4536","targetHints":{"allow":["GET"]}}],"collection":[{"href":"https:\/\/delingvo.de\/ar\/wp-json\/wp\/v2\/pages"}],"about":[{"href":"https:\/\/delingvo.de\/ar\/wp-json\/wp\/v2\/types\/page"}],"author":[{"embeddable":true,"href":"https:\/\/delingvo.de\/ar\/wp-json\/wp\/v2\/users\/64"}],"replies":[{"embeddable":true,"href":"https:\/\/delingvo.de\/ar\/wp-json\/wp\/v2\/comments?post=4536"}],"version-history":[{"count":13,"href":"https:\/\/delingvo.de\/ar\/wp-json\/wp\/v2\/pages\/4536\/revisions"}],"predecessor-version":[{"id":15915,"href":"https:\/\/delingvo.de\/ar\/wp-json\/wp\/v2\/pages\/4536\/revisions\/15915"}],"wp:attachment":[{"href":"https:\/\/delingvo.de\/ar\/wp-json\/wp\/v2\/media?parent=4536"}],"curies":[{"name":"\u062f\u0628\u0644\u064a\u0648 \u0628\u064a","href":"https:\/\/api.w.org\/{rel}","templated":true}]}}