{"id":4322,"date":"2024-12-26T12:27:46","date_gmt":"2024-12-26T12:27:46","guid":{"rendered":"https:\/\/delingvo.de\/?page_id=4322"},"modified":"2025-06-26T08:17:06","modified_gmt":"2025-06-26T08:17:06","slug":"our-mission-statement","status":"publish","type":"page","link":"https:\/\/delingvo.de\/en\/unser-leitbild\/","title":{"rendered":"Our mission statement"},"content":{"rendered":"<h2><strong>Our mission statement\u00a0<\/strong><\/h2>\n<h3><strong>\ud83c\udf1f Our vision<\/strong><\/h3>\n<p>DeLingvo UG is an education provider from Hamburg that firmly believes that everyone has extraordinary potential.<br \/>\nOur vision is to accompany people who need support in entering the training and labor market.<br \/>\nWith <strong>customized educational offers<\/strong> we help, <strong>Barriers to placement<\/strong> overcome and <strong>Sustainable career prospects<\/strong> to create.<\/p>\n<hr \/>\n<h3><strong>\ud83c\udfaf Our mission<\/strong><\/h3>\n<p>As part of the <a href=\"https:\/\/de.wikipedia.org\/wiki\/Ma%C3%9Fnahmen_zur_Aktivierung_und_beruflichen_Eingliederung\" target=\"_blank\" rel=\"noopener\"><strong>Activation and integration measures in accordance with \u00a7 45 SGB III<\/strong> <\/a>our mission is to support people in a targeted manner:<\/p>\n<p><strong>\ud83c\udf0d Introduction to the labor market:<\/strong><br \/>\nWe build bridges to the world of work and help our participants to integrate successfully.<\/p>\n<p><strong>\ud83d\udee0\ufe0f Reduce barriers to employment:<\/strong><br \/>\nWith <strong>individual strategies<\/strong> and targeted support measures, we solve personal and professional challenges.<\/p>\n<p><strong>\ud83d\udcc8 Strengthen skills:<\/strong><br \/>\nPractice-oriented training and coaching promote personal initiative and increase the chances of <strong>Sustainable employment<\/strong>.<\/p>\n<hr \/>\n<h3><strong>\ud83d\udca1 Our values<\/strong><\/h3>\n<h4><strong>\ud83d\udee0\ufe0f Practical relevance &amp; individuality<\/strong><\/h4>\n<p>Our programs are practice-oriented and take into account the different needs of our participants.<br \/>\nThrough the use of <strong>modern methods<\/strong> and cooperation with companies, we make sure that the content is <strong>Market-driven and relevant<\/strong> are.<\/p>\n<hr \/>\n<h4><strong>\ud83c\udf0d Integration &amp; diversity<\/strong><\/h4>\n<p>We actively promote the <strong>Integration<\/strong> into the labor market and create a <strong>inclusive learning environment<\/strong>.<\/p>\n<ul>\n<li><strong>Measures for disadvantaged groups<\/strong><\/li>\n<li>Promotion of <strong>intercultural understanding<\/strong><\/li>\n<\/ul>\n<hr \/>\n<h3><strong>\ud83d\udd11 Our core values at a glance:<\/strong><\/h3>\n<p><strong>\u2764\ufe0f Commitment:<\/strong> We are passionate about the professional development of our participants.<\/p>\n<p><strong>\ud83c\udfc6 Quality:<\/strong> Our programs are individual and of the highest quality.<\/p>\n<p><strong>\ud83e\udd1d Partnership:<\/strong> We create strong networks through cooperation with employment agencies, companies and social organizations.<\/p>\n<hr \/>\n<p><a href=\"https:\/\/delingvo.de\/en\/\">DeLingvo UG<\/a> lives this mission statement with pride and actively contributes to the professional development and improvement of the lives of our participants.<\/p>","protected":false},"excerpt":{"rendered":"<p>Unser Leitbild\u00a0 \ud83c\udf1f Unsere Vision DeLingvo UG ist ein Bildungstr\u00e4ger aus Hamburg, der fest daran glaubt, dass jeder Mensch au\u00dfergew\u00f6hnliches [&hellip;]<\/p>\n","protected":false},"author":1,"featured_media":0,"parent":0,"menu_order":0,"comment_status":"closed","ping_status":"closed","template":"","meta":{"footnotes":""},"class_list":["post-4322","page","type-page","status-publish","hentry"],"_links":{"self":[{"href":"https:\/\/delingvo.de\/en\/wp-json\/wp\/v2\/pages\/4322","targetHints":{"allow":["GET"]}}],"collection":[{"href":"https:\/\/delingvo.de\/en\/wp-json\/wp\/v2\/pages"}],"about":[{"href":"https:\/\/delingvo.de\/en\/wp-json\/wp\/v2\/types\/page"}],"author":[{"embeddable":true,"href":"https:\/\/delingvo.de\/en\/wp-json\/wp\/v2\/users\/1"}],"replies":[{"embeddable":true,"href":"https:\/\/delingvo.de\/en\/wp-json\/wp\/v2\/comments?post=4322"}],"version-history":[{"count":2,"href":"https:\/\/delingvo.de\/en\/wp-json\/wp\/v2\/pages\/4322\/revisions"}],"predecessor-version":[{"id":5174,"href":"https:\/\/delingvo.de\/en\/wp-json\/wp\/v2\/pages\/4322\/revisions\/5174"}],"wp:attachment":[{"href":"https:\/\/delingvo.de\/en\/wp-json\/wp\/v2\/media?parent=4322"}],"curies":[{"name":"wp","href":"https:\/\/api.w.org\/{rel}","templated":true}]}}