{"id":4536,"date":"2024-08-01T09:51:09","date_gmt":"2024-08-01T09:51:09","guid":{"rendered":"https:\/\/wp.themepure.net\/acadia\/?page_id=4536"},"modified":"2025-11-24T17:36:56","modified_gmt":"2025-11-24T17:36:56","slug":"about-us-delingvo","status":"publish","type":"page","link":"https:\/\/delingvo.de\/en\/ueber-uns-delingvo\/","title":{"rendered":"\u00dcber uns DeLingvo"},"content":{"rendered":"<div data-elementor-type=\"wp-page\" data-elementor-id=\"4536\" class=\"elementor elementor-4536\">\n\t\t\t\t<div class=\"elementor-element elementor-element-48d4b16 e-con-full e-flex e-con e-parent\" data-id=\"48d4b16\" data-element_type=\"container\" data-e-type=\"container\" data-settings=\"{&quot;background_background&quot;:&quot;classic&quot;}\">\n\t\t<div class=\"elementor-element elementor-element-b420351 e-flex e-con-boxed e-con e-child\" data-id=\"b420351\" data-element_type=\"container\" data-e-type=\"container\">\n\t\t\t\t\t<div class=\"e-con-inner\">\n\t\t\t\t<div class=\"elementor-element elementor-element-08aa68c elementor-widget elementor-widget-tp-heading\" data-id=\"08aa68c\" data-element_type=\"widget\" data-e-type=\"widget\" data-settings=\"{&quot;tp_anima_type&quot;:&quot;fadeInUp&quot;}\" data-widget_type=\"tp-heading.default\">\n\t\t\t\t<div class=\"elementor-widget-container\">\n\t\t\t\t\t\r\n\t\t\r\n\t\t\t<div class=\"tp-section tp-el-section align-box mb-40 wow fadeInUp\" data-wow-duration=\"1.5s\" data-wow-delay=\"0.3s\">\r\n\r\n\t\t\t\t\t\t\t\t\t<h5 class=\"tp-section-3-subtitle tp-el-subtitle\">\r\n\t\t\t\t\t\tAbout us\n\t\t\t\t\t<\/h5>\r\n\t\t\t\t\r\n\t\t\t\t<h2 class=\"tp-section-3-title tp-el-span-image  tp-el-acadia-title tp-hero-2-title tp-el-title\">We offer German courses<br>\nof the best quality in Hamburg<\/h2>\r\n\t\t\t\t\t\t\t<\/div>\r\n\r\n\t\t\t\t\t\t<\/div>\n\t\t\t\t<\/div>\n\t\t\t\t\t<\/div>\n\t\t\t\t<\/div>\n\t\t\t\t<\/div>\n\t\t<div class=\"elementor-element elementor-element-63fbd87 e-flex e-con-boxed e-con e-child\" data-id=\"63fbd87\" data-element_type=\"container\" data-e-type=\"container\">\n\t\t\t\t\t<div class=\"e-con-inner\">\n\t\t<div class=\"elementor-element elementor-element-af117d5 e-con-full e-flex e-con e-child\" data-id=\"af117d5\" data-element_type=\"container\" data-e-type=\"container\">\n\t\t\t\t<div class=\"elementor-element elementor-element-8520999 elementor-widget elementor-widget-tp-icon-box\" data-id=\"8520999\" data-element_type=\"widget\" data-e-type=\"widget\" data-settings=\"{&quot;tp_anima_type&quot;:&quot;fadeInUp&quot;}\" data-widget_type=\"tp-icon-box.default\">\n\t\t\t\t<div class=\"elementor-widget-container\">\n\t\t\t\t\t\r\n\t\t\r\n\t\t\t<div class=\"tp-tutor-item about text-center tp-el-section mb-30 wow fadeInUp\" data-wow-duration=\"1.5s\" data-wow-delay=\"0.3s\">\r\n\t\t\t\t<div class=\"tp-tutor-icon tp-icon-box-icon\">\r\n\t\t\t\t\t            <span class=\"tp-icon_box-image-icon\">\r\n                            <img decoding=\"async\" src=\"https:\/\/wp.themepure.net\/acadia\/wp-content\/uploads\/2024\/08\/Group.png\" alt=\"\" title=\"\">\r\n                    <\/span>\r\n    \t\t\t\t<\/div>\r\n\t\t\t\t<div class=\"tp-tutor-content\">\r\n\r\n\t\t\t\t\t\t\t\t\t\t\t<h4 class=\"tp-category-title tp-el-title\">\r\n\t\t\t\t\t\t\tProfessional Educators\t\t\t\t\t\t<\/h4>\r\n\t\t\t\t\t\t\t\t\t\t\t\t\t\t\t\t<p class=\"tp-el-content\">\r\n\t\t\t\t\t\t\tReceive personal support from our specialized experts.\n\n\t\t\t\t\t\t<\/p>\r\n\t\t\t\t\t\t\t\t\t<\/div>\r\n\t\t\t<\/div>\r\n\r\n\t\t\r\n\t\t\t\t\t\t<\/div>\n\t\t\t\t<\/div>\n\t\t\t\t<\/div>\n\t\t<div class=\"elementor-element elementor-element-28c1ff4 e-con-full e-flex e-con e-child\" data-id=\"28c1ff4\" data-element_type=\"container\" data-e-type=\"container\">\n\t\t\t\t<div class=\"elementor-element elementor-element-ee29634 elementor-widget elementor-widget-tp-icon-box\" data-id=\"ee29634\" data-element_type=\"widget\" data-e-type=\"widget\" data-settings=\"{&quot;tp_anima_type&quot;:&quot;fadeInUp&quot;}\" data-widget_type=\"tp-icon-box.default\">\n\t\t\t\t<div class=\"elementor-widget-container\">\n\t\t\t\t\t\r\n\t\t\r\n\t\t\t<div class=\"tp-tutor-item about text-center tp-el-section mb-30 wow fadeInUp\" data-wow-duration=\"1.7s\" data-wow-delay=\"0.3s\">\r\n\t\t\t\t<div class=\"tp-tutor-icon tp-icon-box-icon\">\r\n\t\t\t\t\t            <span class=\"tp-icon_box-image-icon\">\r\n                            <img decoding=\"async\" src=\"https:\/\/wp.themepure.net\/acadia\/wp-content\/uploads\/2024\/08\/icon6.png\" alt=\"\" title=\"\">\r\n                    <\/span>\r\n    \t\t\t\t<\/div>\r\n\t\t\t\t<div class=\"tp-tutor-content\">\r\n\r\n\t\t\t\t\t\t\t\t\t\t\t<h4 class=\"tp-category-title tp-el-title\">\r\n\t\t\t\t\t\t\tReal-time support\t\t\t\t\t\t<\/h4>\r\n\t\t\t\t\t\t\t\t\t\t\t\t\t\t\t\t<p class=\"tp-el-content\">\r\n\t\t\t\t\t\t\tReceive individual support from our specialized experts.\t\t\t\t\t\t<\/p>\r\n\t\t\t\t\t\t\t\t\t<\/div>\r\n\t\t\t<\/div>\r\n\r\n\t\t\r\n\t\t\t\t\t\t<\/div>\n\t\t\t\t<\/div>\n\t\t\t\t<\/div>\n\t\t<div class=\"elementor-element elementor-element-69fd6f9 e-con-full e-flex e-con e-child\" data-id=\"69fd6f9\" data-element_type=\"container\" data-e-type=\"container\">\n\t\t\t\t<div class=\"elementor-element elementor-element-b127c20 elementor-widget elementor-widget-tp-icon-box\" data-id=\"b127c20\" data-element_type=\"widget\" data-e-type=\"widget\" data-settings=\"{&quot;tp_anima_type&quot;:&quot;fadeInUp&quot;}\" data-widget_type=\"tp-icon-box.default\">\n\t\t\t\t<div class=\"elementor-widget-container\">\n\t\t\t\t\t\r\n\t\t\r\n\t\t\t<div class=\"tp-tutor-item about text-center tp-el-section mb-30 wow fadeInUp\" data-wow-duration=\"1.9s\" data-wow-delay=\"0.3s\">\r\n\t\t\t\t<div class=\"tp-tutor-icon tp-icon-box-icon\">\r\n\t\t\t\t\t            <span class=\"tp-icon_box-image-icon\">\r\n                            <img decoding=\"async\" src=\"https:\/\/wp.themepure.net\/acadia\/wp-content\/uploads\/2024\/08\/icon5.png\" alt=\"\" title=\"\">\r\n                    <\/span>\r\n    \t\t\t\t<\/div>\r\n\t\t\t\t<div class=\"tp-tutor-content\">\r\n\r\n\t\t\t\t\t\t\t\t\t\t\t<h4 class=\"tp-category-title tp-el-title\">\r\n\t\t\t\t\t\t\tSuccess by your side\t\t\t\t\t\t<\/h4>\r\n\t\t\t\t\t\t\t\t\t\t\t\t\t\t\t\t<p class=\"tp-el-content\">\r\n\t\t\t\t\t\t\tWe are by your side \u2013 in exams and professional life, for your success.\t\t\t\t\t\t<\/p>\r\n\t\t\t\t\t\t\t\t\t<\/div>\r\n\t\t\t<\/div>\r\n\r\n\t\t\r\n\t\t\t\t\t\t<\/div>\n\t\t\t\t<\/div>\n\t\t\t\t<\/div>\n\t\t\t\t\t<\/div>\n\t\t\t\t<\/div>\n\t\t<div class=\"elementor-element elementor-element-54aef36c e-flex e-con-boxed e-con e-parent\" data-id=\"54aef36c\" data-element_type=\"container\" data-e-type=\"container\">\n\t\t\t\t\t<div class=\"e-con-inner\">\n\t\t<div class=\"elementor-element elementor-element-9ba9ca8 e-con-full e-flex e-con e-child\" data-id=\"9ba9ca8\" data-element_type=\"container\" data-e-type=\"container\">\n\t\t<div class=\"elementor-element elementor-element-30252c89 e-con-full e-flex e-con e-child\" data-id=\"30252c89\" data-element_type=\"container\" data-e-type=\"container\">\n\t\t<div class=\"elementor-element elementor-element-19f1d58f e-con-full e-flex e-con e-child\" data-id=\"19f1d58f\" data-element_type=\"container\" data-e-type=\"container\" data-settings=\"{&quot;background_background&quot;:&quot;gradient&quot;}\">\n\t\t\t\t<div class=\"elementor-element elementor-element-55f0d7c8 elementor-widget elementor-widget-image\" data-id=\"55f0d7c8\" data-element_type=\"widget\" data-e-type=\"widget\" data-widget_type=\"image.default\">\n\t\t\t\t\t\t\t\t\t\t\t\t\t\t\t<img decoding=\"async\" width=\"20\" height=\"20\" src=\"https:\/\/delingvo.de\/wp-content\/uploads\/2025\/11\/icon4.png\" class=\"attachment-full size-full wp-image-15901\" alt=\"\" title=\"\">\t\t\t\t\t\t\t\t\t\t\t\t\t\t\t<\/div>\n\t\t\t\t<\/div>\n\t\t\t\t<div class=\"elementor-element elementor-element-3b5d126b elementor-widget elementor-widget-heading\" data-id=\"3b5d126b\" data-element_type=\"widget\" data-e-type=\"widget\" data-widget_type=\"heading.default\">\n\t\t\t\t\t<h2 class=\"elementor-heading-title elementor-size-default\">Learn more about our courses<\/h2>\t\t\t\t<\/div>\n\t\t\t\t<\/div>\n\t\t\t\t<div class=\"elementor-element elementor-element-27019c8 elementor-widget elementor-widget-heading\" data-id=\"27019c8\" data-element_type=\"widget\" data-e-type=\"widget\" data-widget_type=\"heading.default\">\n\t\t\t\t\t<h2 class=\"elementor-heading-title elementor-size-default\"><h2 class=\"tp-section-3-title tp-el-span-image  tp-el-acadia-title tp-hero-2-title tp-el-title\" style=\"margin-bottom: 0px;font-weight: 600;font-size: 50px;font-family: Outfit, sans-serif;letter-spacing: -1px\">We create unique learning<br>experiences.<\/h2><\/h2>\t\t\t\t<\/div>\n\t\t\t\t<div class=\"elementor-element elementor-element-7ae48c2 elementor-widget elementor-widget-text-editor\" data-id=\"7ae48c2\" data-element_type=\"widget\" data-e-type=\"widget\" data-widget_type=\"text-editor.default\">\n\t\t\t\t\t\t\t\t\t<p>DeLingvo is your leading address for German courses and integration in Germany. As an AZAV-certified educational institution under $\\S$ 178 SGB III, we offer high-quality language courses and vocational training measures to people from all over the world. Our mission is to pave your way to a successful life and career in Germany \u2013 linguistically, professionally, and culturally.<\/p><p>We offer practical German courses from A1 to C1, which are designed to be flexible and goal-oriented, both in small groups and individually, on-site or online. Additionally, we conduct AZAV-funded vocational training measures, ideal for professionals, career starters, and migrants with integration goals. For international doctors, we offer targeted preparation courses for the Medical Language Examination (C1), focusing on medical terminology, patient communication, and examination strategies.<\/p><p>Furthermore, our courses offer targeted preparation for certificates such as Goethe, telc, TestDaF, and DSH, to securely master the linguistic, methodological, and formal requirements. In addition, we offer workshops and orientation courses on German culture, society, and the working world to support fast and successful integration.<\/p><p>We personally accompany you with organizational questions, applications, dealings with authorities, and career orientation in Germany \u2013 reliably and multilingual. With experienced lecturers, modern teaching methods, digital tools, and individual learning support, we create a personal and conducive learning atmosphere.<\/p><p>Become part of our growing community and start your future in Germany with DeLingvo \u2013 your strong partner for language competence and integration.<\/p>\t\t\t\t\t\t\t\t<\/div>\n\t\t\t\t<\/div>\n\t\t<div class=\"elementor-element elementor-element-68c7fb96 e-con-full e-flex e-con e-child\" data-id=\"68c7fb96\" data-element_type=\"container\" data-e-type=\"container\">\n\t\t\t\t<div class=\"elementor-element elementor-element-27753dc8 elementor-widget__width-initial elementor-widget elementor-widget-text-editor\" data-id=\"27753dc8\" data-element_type=\"widget\" data-e-type=\"widget\" data-widget_type=\"text-editor.default\">\n\t\t\t\t\t\t\t\t\t<div style=\"font-family: Arial, sans-serif; font-size: 16px; line-height: 1.6; width: 100%;\">\n  <div style=\"width: 100%; border-bottom: 1px dashed #999; margin-bottom: 15px; padding: 8px 0 12px 0;\">\n    Phone: \n    <a style=\"color: #555;\" href=\"tel:+494023813117\">+49 4023813117<\/a>\n  <\/div>\n  \n  <div style=\"width: 100%; border-bottom: 1px dashed #999; margin-bottom: 15px; padding: 8px 0 12px 0;\">\n    E-Mail: \n    <a style=\"color: #555;\" href=\"mailto:info@delingvo.de\">info@delingvo.de<\/a>\n  <\/div>\n  \n  <div style=\"width: 100%; border-bottom: 1px dashed #999; margin-bottom: 15px; padding: 8px 0 15px 0;\">\n    Website: \n    <a style=\"text-decoration: underline; color: #555;\" href=\"https:\/\/delingvo.de\/en\/\" target=\"_blank\" rel=\"noopener\">\n      www.delingvo.de\n    <\/a>\n  <\/div>\n<\/div>\t\t\t\t\t\t\t\t<\/div>\n\t\t\t\t<div class=\"elementor-element elementor-element-15ed67c6 elementor-widget elementor-widget-google_maps\" data-id=\"15ed67c6\" data-element_type=\"widget\" data-e-type=\"widget\" data-widget_type=\"google_maps.default\">\n\t\t\t\t\t\t\t<div class=\"elementor-custom-embed\">\n\t\t\t<iframe loading=\"lazy\"\n\t\t\t\t\tsrc=\"https:\/\/maps.google.com\/maps?q=Wendenstra%C3%9Fe%2029%2C%2020097%20Hamburg&#038;t=m&#038;z=14&#038;output=embed&#038;iwloc=near\"\n\t\t\t\t\ttitle=\"Wendenstra\u00dfe 29, 20097 Hamburg\"\n\t\t\t\t\taria-label=\"Wendenstra\u00dfe 29, 20097 Hamburg\"\n\t\t\t><\/iframe>\n\t\t<\/div>\n\t\t\t\t\t\t<\/div>\n\t\t\t\t<div class=\"elementor-element elementor-element-3c69d23f elementor-widget elementor-widget-image\" data-id=\"3c69d23f\" data-element_type=\"widget\" data-e-type=\"widget\" data-widget_type=\"image.default\">\n\t\t\t\t\t\t\t\t\t\t\t\t\t\t\t<img fetchpriority=\"high\" decoding=\"async\" width=\"600\" height=\"400\" src=\"https:\/\/delingvo.de\/wp-content\/uploads\/2025\/11\/AZAV-Zertifizierung-600x400-1.webp\" class=\"attachment-medium size-medium wp-image-15905\" alt=\"\" title=\"\">\t\t\t\t\t\t\t\t\t\t\t\t\t\t\t<\/div>\n\t\t\t\t<div class=\"elementor-element elementor-element-ae5af65 elementor-align-left elementor-widget elementor-widget-button\" data-id=\"ae5af65\" data-element_type=\"widget\" data-e-type=\"widget\" data-widget_type=\"button.default\">\n\t\t\t\t\t\t\t\t\t\t<a class=\"elementor-button elementor-button-link elementor-size-sm\" href=\"\/en\/registration-form\/\">\n\t\t\t\t\t\t<span class=\"elementor-button-content-wrapper\">\n\t\t\t\t\t\t\t\t\t<span class=\"elementor-button-text\">Find Your Course<\/span>\n\t\t\t\t\t<\/span>\n\t\t\t\t\t<\/a>\n\t\t\t\t\t\t\t\t<\/div>\n\t\t\t\t<\/div>\n\t\t\t\t\t<\/div>\n\t\t\t\t<\/div>\n\t\t<div class=\"elementor-element elementor-element-bf68945 e-flex e-con-boxed e-con e-parent\" data-id=\"bf68945\" data-element_type=\"container\" data-e-type=\"container\" data-settings=\"{&quot;background_background&quot;:&quot;classic&quot;}\">\n\t\t\t\t\t<div class=\"e-con-inner\">\n\t\t<div class=\"elementor-element elementor-element-052e76c e-con-full e-flex e-con e-child\" data-id=\"052e76c\" data-element_type=\"container\" data-e-type=\"container\">\n\t\t<div class=\"elementor-element elementor-element-6e54787 e-con-full e-flex e-con e-child\" data-id=\"6e54787\" data-element_type=\"container\" data-e-type=\"container\">\n\t\t\t\t<div class=\"elementor-element elementor-element-fdf116c elementor-widget elementor-widget-tp-counter\" data-id=\"fdf116c\" data-element_type=\"widget\" data-e-type=\"widget\" data-widget_type=\"tp-counter.default\">\n\t\t\t\t<div class=\"elementor-widget-container\">\n\t\t\t\t\t\r\n    \r\n      <div class=\"tp-counter-item text-center tp-el-section\">\r\n                  <span class=\"tp-acadia-counter-border\"><\/span>\r\n                <h3 class=\"tp-counter-count mb-10 tp_counter_title_align\">\r\n          \r\n          <i data-purecounter-duration=\"1\" data-purecounter-end=\"10\" class=\"tp-el-counter-number purecounter\">0<\/i>\r\n\r\n                  <\/h3>\r\n\r\n        <p class=\"tp-el-counter-title tp_counter_title_align\">Unsere Filialen f\u00fcr Sie im Einsatz\n\n<\/p>      <\/div>\r\n\r\n    \r\n    \t\t\t\t<\/div>\n\t\t\t\t<\/div>\n\t\t\t\t<\/div>\n\t\t<div class=\"elementor-element elementor-element-4d02625 e-con-full e-flex e-con e-child\" data-id=\"4d02625\" data-element_type=\"container\" data-e-type=\"container\">\n\t\t\t\t<div class=\"elementor-element elementor-element-c3975ac elementor-widget elementor-widget-tp-counter\" data-id=\"c3975ac\" data-element_type=\"widget\" data-e-type=\"widget\" data-widget_type=\"tp-counter.default\">\n\t\t\t\t<div class=\"elementor-widget-container\">\n\t\t\t\t\t\r\n    \r\n      <div class=\"tp-counter-item text-center tp-el-section\">\r\n                  <span class=\"tp-acadia-counter-border\"><\/span>\r\n                <h3 class=\"tp-counter-count mb-10 tp_counter_title_align\">\r\n          \r\n          <i data-purecounter-duration=\"1\" data-purecounter-end=\"25\" class=\"tp-el-counter-number purecounter\">0<\/i>\r\n\r\n                      <span class=\"tp-el-counter-suffix\">\r\n              +            <\/span>\r\n                  <\/h3>\r\n\r\n        <p class=\"tp-el-counter-title tp_counter_title_align\">Our courses<br>\nFor every level<\/p>      <\/div>\r\n\r\n    \r\n    \t\t\t\t<\/div>\n\t\t\t\t<\/div>\n\t\t\t\t<\/div>\n\t\t<div class=\"elementor-element elementor-element-c22d15c e-con-full e-flex e-con e-child\" data-id=\"c22d15c\" data-element_type=\"container\" data-e-type=\"container\">\n\t\t\t\t<div class=\"elementor-element elementor-element-a241ec3 elementor-widget elementor-widget-tp-counter\" data-id=\"a241ec3\" data-element_type=\"widget\" data-e-type=\"widget\" data-widget_type=\"tp-counter.default\">\n\t\t\t\t<div class=\"elementor-widget-container\">\n\t\t\t\t\t\r\n    \r\n      <div class=\"tp-counter-item text-center tp-el-section\">\r\n                  <span class=\"tp-acadia-counter-border\"><\/span>\r\n                <h3 class=\"tp-counter-count mb-10 tp_counter_title_align\">\r\n          \r\n          <i data-purecounter-duration=\"1\" data-purecounter-end=\"250\" class=\"tp-el-counter-number purecounter\">0<\/i>\r\n\r\n                      <span class=\"tp-el-counter-suffix\">\r\n              +            <\/span>\r\n                  <\/h3>\r\n\r\n        <p class=\"tp-el-counter-title tp_counter_title_align\">Successful students\n<\/p>      <\/div>\r\n\r\n    \r\n    \t\t\t\t<\/div>\n\t\t\t\t<\/div>\n\t\t\t\t<\/div>\n\t\t<div class=\"elementor-element elementor-element-c17d9cc e-con-full e-flex e-con e-child\" data-id=\"c17d9cc\" data-element_type=\"container\" data-e-type=\"container\">\n\t\t\t\t<div class=\"elementor-element elementor-element-967b534 elementor-widget elementor-widget-tp-counter\" data-id=\"967b534\" data-element_type=\"widget\" data-e-type=\"widget\" data-widget_type=\"tp-counter.default\">\n\t\t\t\t<div class=\"elementor-widget-container\">\n\t\t\t\t\t\r\n    \r\n      <div class=\"tp-counter-item text-center tp-el-section\">\r\n                <h3 class=\"tp-counter-count mb-10 tp_counter_title_align\">\r\n          \r\n          <i data-purecounter-duration=\"1\" data-purecounter-end=\"5\" class=\"tp-el-counter-number purecounter\">0<\/i>\r\n\r\n                  <\/h3>\r\n\r\n        <p class=\"tp-el-counter-title tp_counter_title_align\">Experienced Lecturers<\/p>      <\/div>\r\n\r\n    \r\n    \t\t\t\t<\/div>\n\t\t\t\t<\/div>\n\t\t\t\t<\/div>\n\t\t\t\t<\/div>\n\t\t\t\t\t<\/div>\n\t\t\t\t<\/div>\n\t\t\t\t<\/div>","protected":false},"excerpt":{"rendered":"<p>\u00dcber uns Wir bieten Deutschkurse von bester Qualit\u00e4t in Hamburg an Professional Educators Erhalten Sie pers\u00f6nliche Unterst\u00fctzung von unseren Fachexperten. [&hellip;]<\/p>\n","protected":false},"author":64,"featured_media":0,"parent":0,"menu_order":0,"comment_status":"closed","ping_status":"closed","template":"elementor_header_footer","meta":{"footnotes":""},"class_list":["post-4536","page","type-page","status-publish","hentry"],"_links":{"self":[{"href":"https:\/\/delingvo.de\/en\/wp-json\/wp\/v2\/pages\/4536","targetHints":{"allow":["GET"]}}],"collection":[{"href":"https:\/\/delingvo.de\/en\/wp-json\/wp\/v2\/pages"}],"about":[{"href":"https:\/\/delingvo.de\/en\/wp-json\/wp\/v2\/types\/page"}],"author":[{"embeddable":true,"href":"https:\/\/delingvo.de\/en\/wp-json\/wp\/v2\/users\/64"}],"replies":[{"embeddable":true,"href":"https:\/\/delingvo.de\/en\/wp-json\/wp\/v2\/comments?post=4536"}],"version-history":[{"count":13,"href":"https:\/\/delingvo.de\/en\/wp-json\/wp\/v2\/pages\/4536\/revisions"}],"predecessor-version":[{"id":15915,"href":"https:\/\/delingvo.de\/en\/wp-json\/wp\/v2\/pages\/4536\/revisions\/15915"}],"wp:attachment":[{"href":"https:\/\/delingvo.de\/en\/wp-json\/wp\/v2\/media?parent=4536"}],"curies":[{"name":"wp","href":"https:\/\/api.w.org\/{rel}","templated":true}]}}