{"id":5001,"date":"2025-05-16T14:20:18","date_gmt":"2025-05-16T14:20:18","guid":{"rendered":"https:\/\/delingvo.de\/?page_id=5001"},"modified":"2025-08-05T16:02:05","modified_gmt":"2025-08-05T16:02:05","slug":"quality-management","status":"publish","type":"page","link":"https:\/\/delingvo.de\/en\/unser-leitbild\/qualitaetsmanagement\/","title":{"rendered":"Quality management"},"content":{"rendered":"<h3 data-start=\"158\" data-end=\"213\"><strong data-start=\"162\" data-end=\"213\">Quality has top priority at DeLingvo UG.<\/strong><\/h3>\n<p data-start=\"215\" data-end=\"531\">The quality of our work at <strong data-start=\"247\" data-end=\"262\">DeLingvo UG<\/strong> is no coincidence - it is the result of a structured, professional quality management system. Our training provider is certified in accordance with the <a href=\"https:\/\/www.bmas.de\/DE\/Arbeit\/Arbeitsfoerderung\/akkreditierung.html\" target=\"_blank\" rel=\"noopener\"><strong data-start=\"403\" data-end=\"472\">Accreditation and Approval Ordinance for Employment Promotion (AZAV)<\/strong> <\/a>by the specialist department <strong data-start=\"494\" data-end=\"517\">Kiwa Zertpunkt GmbH<\/strong> certified.<\/p>\n<figure id=\"attachment_5003\" aria-describedby=\"caption-attachment-5003\" style=\"width: 419px\" class=\"wp-caption alignnone\"><a href=\"https:\/\/delingvo.de\/wp-content\/uploads\/2025\/05\/ZertTraeg_Traegerzulassung.pdf\"><img fetchpriority=\"high\" decoding=\"async\" class=\"size-medium wp-image-5003\" src=\"https:\/\/delingvo.de\/wp-content\/uploads\/2025\/05\/AZAV-Traegerzulassung--419x600.webp\" alt=\"AZAV carrier approval\" width=\"419\" height=\"600\" title=\"\" srcset=\"https:\/\/delingvo.de\/wp-content\/uploads\/2025\/05\/AZAV-Traegerzulassung--419x600.webp 419w, https:\/\/delingvo.de\/wp-content\/uploads\/2025\/05\/AZAV-Traegerzulassung--105x150.webp 105w, https:\/\/delingvo.de\/wp-content\/uploads\/2025\/05\/AZAV-Traegerzulassung--8x12.webp 8w, https:\/\/delingvo.de\/wp-content\/uploads\/2025\/05\/AZAV-Traegerzulassung--600x860.webp 600w, https:\/\/delingvo.de\/wp-content\/uploads\/2025\/05\/AZAV-Traegerzulassung--jpg.webp 633w\" sizes=\"(max-width: 419px) 100vw, 419px\" \/><\/a><figcaption id=\"caption-attachment-5003\" class=\"wp-caption-text\">\ud83c\udfc6 <strong data-start=\"541\" data-end=\"565\">AZAV approval<\/strong><\/figcaption><\/figure>\n<p data-start=\"567\" data-end=\"760\">This certification confirms that our programs meet the high standards of the <strong data-start=\"645\" data-end=\"691\">Federal Ministry of Labor and Social Affairs<\/strong> both in terms of content and organization. This includes<\/p>\n<ul data-start=\"762\" data-end=\"939\">\n<li data-start=\"762\" data-end=\"814\">\n<p data-start=\"764\" data-end=\"814\">The qualifications of our coaches and lecturers<\/p>\n<\/li>\n<li data-start=\"815\" data-end=\"848\">\n<p data-start=\"817\" data-end=\"848\">Our educational concepts<\/p>\n<\/li>\n<li data-start=\"849\" data-end=\"876\">\n<p data-start=\"851\" data-end=\"876\">Our labor market focus<\/p>\n<\/li>\n<li data-start=\"877\" data-end=\"939\">\n<p data-start=\"879\" data-end=\"939\">As well as the support we offer our participants.<\/p>\n<\/li>\n<\/ul>\n<hr data-start=\"941\" data-end=\"944\" \/>\n<p data-start=\"946\" data-end=\"1152\">\ud83d\udcbc <strong data-start=\"949\" data-end=\"1002\">Our subsidized coaching and training offers<\/strong> - especially the <a href=\"https:\/\/delingvo.de\/en\/courses-2\/job-application-coaching-in-hamburg\/\"><strong data-start=\"1022\" data-end=\"1044\">Job application coaching<\/strong><\/a> - support people specifically in (re-)entering the labor market. Participants benefit from:<\/p>\n<p data-start=\"1154\" data-end=\"1274\">\u2705 Individual advice<br data-start=\"1178\" data-end=\"1181\" \/>\u2705 Practical support in the application process<br data-start=\"1229\" data-end=\"1232\" \/>\u2705 Targeted development of their German language skills<\/p>\n<p data-start=\"1276\" data-end=\"1323\">... to successfully gain a foothold in the job market.<\/p>\n<hr data-start=\"1325\" data-end=\"1328\" \/>\n<p data-start=\"1330\" data-end=\"1495\">\ud83d\udd12 With the <strong data-start=\"1341\" data-end=\"1390\">AZAV certification by <a href=\"https:\/\/www.kiwa.com\/de\/de\/kontakt\/standorte2\/kiwa-zertpunkt-gmbh\/\" target=\"_blank\" rel=\"noopener\">Kiwa Zertpunkt GmbH<\/a><\/strong> we are committed to ensuring a high standard of our services at all times - for you this means:<\/p>\n<p data-start=\"1497\" data-end=\"1632\">\u2728 <strong data-start=\"1499\" data-end=\"1524\">Reliable quality<\/strong><br data-start=\"1524\" data-end=\"1527\" \/>\u2728 <strong data-start=\"1529\" data-end=\"1556\">Transparent structures<\/strong><br data-start=\"1556\" data-end=\"1559\" \/>\u2728 <strong data-start=\"1561\" data-end=\"1632\">The best possible support on your path to your professional future.<\/strong><\/p>","protected":false},"excerpt":{"rendered":"<p>Qualit\u00e4t hat bei DeLingvo UG oberste Priorit\u00e4t. Die Qualit\u00e4t unserer Arbeit bei DeLingvo UG ist kein Zufall \u2013 sie ist [&hellip;]<\/p>\n","protected":false},"author":1,"featured_media":5007,"parent":4322,"menu_order":0,"comment_status":"closed","ping_status":"closed","template":"","meta":{"footnotes":""},"class_list":["post-5001","page","type-page","status-publish","has-post-thumbnail","hentry"],"_links":{"self":[{"href":"https:\/\/delingvo.de\/en\/wp-json\/wp\/v2\/pages\/5001","targetHints":{"allow":["GET"]}}],"collection":[{"href":"https:\/\/delingvo.de\/en\/wp-json\/wp\/v2\/pages"}],"about":[{"href":"https:\/\/delingvo.de\/en\/wp-json\/wp\/v2\/types\/page"}],"author":[{"embeddable":true,"href":"https:\/\/delingvo.de\/en\/wp-json\/wp\/v2\/users\/1"}],"replies":[{"embeddable":true,"href":"https:\/\/delingvo.de\/en\/wp-json\/wp\/v2\/comments?post=5001"}],"version-history":[{"count":4,"href":"https:\/\/delingvo.de\/en\/wp-json\/wp\/v2\/pages\/5001\/revisions"}],"predecessor-version":[{"id":5207,"href":"https:\/\/delingvo.de\/en\/wp-json\/wp\/v2\/pages\/5001\/revisions\/5207"}],"up":[{"embeddable":true,"href":"https:\/\/delingvo.de\/en\/wp-json\/wp\/v2\/pages\/4322"}],"wp:featuredmedia":[{"embeddable":true,"href":"https:\/\/delingvo.de\/en\/wp-json\/wp\/v2\/media\/5007"}],"wp:attachment":[{"href":"https:\/\/delingvo.de\/en\/wp-json\/wp\/v2\/media?parent=5001"}],"curies":[{"name":"wp","href":"https:\/\/api.w.org\/{rel}","templated":true}]}}