{"id":4212,"date":"2024-11-29T17:45:43","date_gmt":"2024-11-29T17:45:43","guid":{"rendered":"https:\/\/delingvo.de\/?page_id=4212"},"modified":"2025-11-24T19:49:31","modified_gmt":"2025-11-24T19:49:31","slug":"%d9%be%db%8c%d8%b4%d9%86%d9%87%d8%a7%d8%af%d8%a7%d8%aa-%d8%b4%d8%b1%da%a9%d8%aa","status":"publish","type":"page","link":"https:\/\/delingvo.de\/fa\/firmenangebote\/","title":{"rendered":"\u067e\u06cc\u0634\u0646\u0647\u0627\u062f\u0627\u062a \u0634\u0631\u06a9\u062a\u06cc"},"content":{"rendered":"<h1>\u067e\u06cc\u0634\u0646\u0647\u0627\u062f\u0627\u062a \u0634\u0631\u06a9\u062a\u06cc \u2013 \u0631\u0627\u0647\u200c\u062d\u0644\u200c\u0647\u0627\u06cc \u0632\u0628\u0627\u0646 \u062d\u0631\u0641\u0647\u200c\u0627\u06cc \u0628\u0631\u0627\u06cc \u0634\u0631\u06a9\u062a \u0634\u0645\u0627<\/h1>\n<p>\u062a\u06cc\u0645 \u062e\u0648\u062f \u0631\u0627 \u0628\u0627 \u062f\u0648\u0631\u0647\u200c\u0647\u0627\u06cc \u0622\u0644\u0645\u0627\u0646\u06cc \u0633\u0641\u0627\u0631\u0634\u06cc \u0627\u0632 \u062f \u0644\u06cc\u0646\u06af\u0648\u0648 \u062a\u0642\u0648\u06cc\u062a \u06a9\u0646\u06cc\u062f.<\/p>\n<p>\u0627\u0631\u062a\u0628\u0627\u0637 \u0648\u0627\u0636\u062d \u0648 \u062f\u0642\u06cc\u0642 \u06cc\u06a9 \u0639\u0627\u0645\u0644 \u0645\u0648\u0641\u0642\u06cc\u062a \u062a\u0639\u06cc\u06cc\u0646\u200c\u06a9\u0646\u0646\u062f\u0647 \u062f\u0631 \u062a\u06cc\u0645\u200c\u0647\u0627\u06cc \u0628\u06cc\u0646\u200c\u0627\u0644\u0645\u0644\u0644\u06cc \u0627\u0633\u062a. \u062f\u0648\u0631\u0647\u200c\u0647\u0627\u06cc \u0634\u0631\u06a9\u062a\u06cc \u06a9\u0647 \u0628\u0647 \u0637\u0648\u0631 \u0648\u06cc\u0698\u0647 \u062a\u0648\u0633\u0637 \u0645\u0627 \u0637\u0631\u0627\u062d\u06cc \u0634\u062f\u0647\u200c\u0627\u0646\u062f\u060c \u0628\u0647 \u06a9\u0627\u0631\u06a9\u0646\u0627\u0646 \u0634\u0645\u0627 \u06a9\u0645\u06a9 \u0645\u06cc\u200c\u06a9\u0646\u0646\u062f \u062a\u0627 \u0628\u0647 \u0644\u062d\u0627\u0638 \u0632\u0628\u0627\u0646\u06cc \u0648 \u0641\u0631\u0647\u0646\u06af\u06cc \u0628\u0627 \u0627\u0637\u0645\u06cc\u0646\u0627\u0646 \u062f\u0631 \u0645\u062d\u06cc\u0637 \u06a9\u0627\u0631 \u0622\u0644\u0645\u0627\u0646 \u062d\u0631\u06a9\u062a \u06a9\u0646\u0646\u062f.<br \/>\nOb online, vor Ort oder hybrid \u2013 wir passen uns flexibel Ihren Unternehmensanforderungen an.<\/p>\n<hr \/>\n<h2>\u067e\u06cc\u0634\u0646\u0647\u0627\u062f\u0627\u062a \u0634\u0631\u06a9\u062a\u06cc \u0645\u0627<\/h2>\n<h3>\u062f\u0648\u0631\u0647 \u0647\u0627\u06cc \u062e\u0635\u0648\u0635\u06cc \u0632\u0628\u0627\u0646 \u0622\u0644\u0645\u0627\u0646\u06cc<\/h3>\n<p>\u0645\u062a\u0646\u0627\u0633\u0628 \u0628\u0627 \u0646\u06cc\u0627\u0632\u0647\u0627\u06cc \u0634\u063a\u0644\u06cc\u060c \u0627\u0631\u062a\u0628\u0627\u0637 \u0628\u0627 \u0635\u0646\u0639\u062a \u0648 \u0633\u0637\u062d \u0632\u0628\u0627\u0646 \u06a9\u0627\u0631\u06a9\u0646\u0627\u0646 \u0634\u0645\u0627.<\/p>\n<h3>\u06cc\u0627\u062f\u06af\u06cc\u0631\u06cc \u0627\u0646\u0639\u0637\u0627\u0641\u200c\u067e\u0630\u06cc\u0631<\/h3>\n<p>Online, in Ihrem Unternehmen oder hybrid \u2013 wir integrieren die Weiterbildung nahtlos in den Arbeitsalltag.<\/p>\n<h3>\u062a\u0645\u0631\u06a9\u0632 \u0648\u06cc\u0698\u0647 \u0628\u0631 \u0634\u063a\u0644<\/h3>\n<p>Kommunikation am Arbeitsplatz: Meetings, E-Mails, Telefonate, Berichte und professionelle Korrespondenz.<\/p>\n<h3>\u0627\u062f\u063a\u0627\u0645 \u0648 \u0641\u0631\u0647\u0646\u06af<\/h3>\n<p>\u0627\u0646\u062a\u0642\u0627\u0644 \u0641\u0631\u0647\u0646\u06af \u06a9\u0627\u0631 \u0648 \u0634\u0631\u06a9\u062a \u0622\u0644\u0645\u0627\u0646 \u0628\u0631\u0627\u06cc \u062c\u0647\u062a\u200c\u06af\u06cc\u0631\u06cc \u0628\u0647\u062a\u0631 \u062f\u0631 \u0645\u062d\u06cc\u0637 \u0634\u063a\u0644\u06cc.<\/p>\n<hr \/>\n<h2>\u0642\u0627\u0644\u0628\u200c\u0647\u0627\u06cc \u0622\u0645\u0648\u0632\u0634\u06cc<\/h2>\n<h3>\u0645\u0631\u0628\u06cc\u06af\u0631\u06cc \u0641\u0631\u062f\u06cc<\/h3>\n<p>\u0622\u0645\u0648\u0632\u0634 \u0641\u0634\u0631\u062f\u0647 \u0627\u0646\u0641\u0631\u0627\u062f\u06cc \u0628\u0631\u0627\u06cc \u0645\u062a\u062e\u0635\u0635\u0627\u0646 \u0648 \u0645\u062f\u06cc\u0631\u0627\u0646 \u2013 \u0645\u062d\u0631\u0645\u0627\u0646\u0647\u060c \u06a9\u0627\u0631\u0622\u0645\u062f \u0648 \u0647\u062f\u0641\u200c\u06af\u0631\u0627.<\/p>\n<h3>\u062f\u0648\u0631\u0647\u200c\u0647\u0627\u06cc \u06af\u0631\u0648\u0647\u06cc<\/h3>\n<p>Ideal f\u00fcr internationale Teams, die gemeinsam lernen und wachsen m\u00f6chten.<\/p>\n<h3>\u0622\u0644\u0645\u0627\u0646\u06cc \u0628\u0631\u0627\u06cc \u0645\u062d\u0644 \u06a9\u0627\u0631<\/h3>\n<p>\u0648\u0627\u0698\u06af\u0627\u0646 \u062e\u0627\u0635 \u0635\u0646\u0639\u062a \u0648 \u062a\u062e\u0635\u0635\u06cc \u0647\u0645\u0631\u0627\u0647 \u0628\u0627 \u0645\u0648\u0642\u0639\u06cc\u062a\u200c\u0647\u0627\u06cc \u0627\u0631\u062a\u0628\u0627\u0637\u06cc \u0648\u0627\u0642\u0639\u06cc.<\/p>\n<h3>\u0622\u0645\u0648\u0632\u0634 \u0628\u06cc\u0646 \u0641\u0631\u0647\u0646\u06af\u06cc<\/h3>\n<p>Vertiefung des Verst\u00e4ndnisses f\u00fcr deutsche Arbeitsweisen, Strukturen und Erwartungen.<\/p>\n<h3>\u0645\u0647\u0627\u0631\u062a\u200c\u0647\u0627\u06cc \u0646\u0631\u0645 \u062f\u0631 \u0632\u0628\u0627\u0646 \u0622\u0644\u0645\u0627\u0646\u06cc<\/h3>\n<p>\u0627\u0631\u0627\u0626\u0647 \u0647\u0627\u06cc \u062d\u0631\u0641\u0647\u200c\u0627\u06cc\u060c \u0645\u0630\u0627\u06a9\u0631\u0627\u062a\u060c \u06af\u0641\u062a\u06af\u0648\u0647\u0627\u06cc \u0645\u0634\u062a\u0631\u06cc \u0648 \u0627\u0631\u062a\u0628\u0627\u0637\u0627\u062a \u062c\u0644\u0633\u0627\u062a.<\/p>\n<h3>\u062f\u0648\u0631\u0647\u200c\u0647\u0627\u06cc \u0645\u06a9\u0627\u0644\u0645\u0647<\/h3>\n<p>\u062a\u0648\u0633\u0639\u0647 \u0647\u062f\u0641\u0645\u0646\u062f \u062a\u0648\u0627\u0646\u0627\u06cc\u06cc \u0628\u06cc\u0627\u0646 \u0634\u0641\u0627\u0647\u06cc \u0648 \u0627\u0639\u062a\u0645\u0627\u062f \u0628\u0647 \u0646\u0641\u0633 \u0632\u0628\u0627\u0646\u06cc.<\/p>\n<h3>\u0622\u0645\u0627\u062f\u06af\u06cc \u0628\u0631\u0627\u06cc \u0627\u0645\u062a\u062d\u0627\u0646<\/h3>\n<p>\u0622\u0645\u0627\u062f\u06af\u06cc \u0633\u06cc\u0633\u062a\u0645\u0627\u062a\u06cc\u06a9 \u0628\u0631\u0627\u06cc \u0622\u0632\u0645\u0648\u0646\u200c\u0647\u0627\u06cc \u0634\u0646\u0627\u062e\u062a\u0647 \u0634\u062f\u0647 \u0645\u0627\u0646\u0646\u062f telc\u060c \u06af\u0648\u062a\u0647 \u06cc\u0627 DTZ.<\/p>\n<hr \/>\n<h2>\u0645\u062a\u062f \u0648 \u0645\u0632\u0627\u06cc\u0627<\/h2>\n<h3>\u0639\u0645\u0644\u200c\u06af\u0631\u0627 \/ \u06a9\u0627\u0631\u0628\u0631\u062f\u06cc<\/h3>\n<p>\u062a\u0645\u0627\u0645 \u0645\u062d\u062a\u0648\u0627 \u0628\u0644\u0627\u0641\u0627\u0635\u0644\u0647 \u062f\u0631 \u0631\u0648\u0627\u0644 \u06a9\u0627\u0631\u06cc \u0631\u0648\u0632\u0645\u0631\u0647 \u0642\u0627\u0628\u0644 \u0627\u0633\u062a\u0641\u0627\u062f\u0647 \u0627\u0633\u062a \u2013 \u0628\u0631\u0627\u06cc \u0646\u062a\u0627\u06cc\u062c \u0642\u0627\u0628\u0644 \u0627\u0646\u062f\u0627\u0632\u0647\u200c\u06af\u06cc\u0631\u06cc.<\/p>\n<h3>\u0686\u0646\u062f\u0631\u0633\u0627\u0646\u0647\u200c\u0627\u06cc<\/h3>\n<p>\u0645\u0637\u0627\u0644\u0628 \u062a\u0639\u0627\u0645\u0644\u06cc\u060c \u062a\u0645\u0631\u06cc\u0646\u200c\u0647\u0627\u060c \u0645\u0627\u0698\u0648\u0644\u200c\u0647\u0627\u06cc \u0648\u06cc\u062f\u06cc\u0648\u06cc\u06cc \u0648 \u0645\u0648\u0627\u062f \u0647\u0645\u0631\u0627\u0647 \u062f\u06cc\u062c\u06cc\u062a\u0627\u0644.<\/p>\n<h3>\u0628\u0627 \u067e\u0627\u06cc\u0647 \u0641\u0631\u0647\u0646\u06af\u06cc<\/h3>\n<p>\u0622\u0645\u0648\u0632\u0634 \u0632\u0628\u0627\u0646 \u062a\u06a9\u0645\u06cc\u0644 \u0634\u062f\u0647 \u0628\u0627 \u0634\u0627\u06cc\u0633\u062a\u06af\u06cc \u0641\u0631\u0647\u0646\u06af\u06cc \u0645\u0631\u062a\u0628\u0637 \u0628\u0631\u0627\u06cc \u0647\u0645\u0632\u06cc\u0633\u062a\u06cc \u0628\u0647\u062a\u0631.<\/p>\n<hr \/>\n<h2>\u0645\u0632\u0627\u06cc\u0627\u06cc \u0628\u0631\u0627\u06cc \u0634\u0631\u06a9\u062a \u0634\u0645\u0627<\/h2>\n<ul>\n<li><strong>\u0627\u0641\u0632\u0627\u06cc\u0634 \u06a9\u0627\u0631\u0627\u06cc\u06cc:<\/strong> \u0627\u0631\u062a\u0628\u0627\u0637 \u0628\u0647\u062a\u0631 \u062f\u0631 \u062a\u06cc\u0645 \u0648 \u0628\u0627 \u0645\u0634\u062a\u0631\u06cc\u0627\u0646<\/li>\n<li><strong>\u0627\u062f\u063a\u0627\u0645 \u0641\u0631\u0647\u0646\u06af\u06cc:<\/strong> \u0633\u0627\u0632\u06af\u0627\u0631\u06cc \u0633\u0631\u06cc\u0639\u200c\u062a\u0631 \u06a9\u0627\u0631\u06a9\u0646\u0627\u0646 \u0628\u06cc\u0646\u200c\u0627\u0644\u0645\u0644\u0644\u06cc<\/li>\n<li><strong>\u062d\u0641\u0638 \u06a9\u0627\u0631\u06a9\u0646\u0627\u0646:<\/strong> \u067e\u06cc\u0634\u0646\u0647\u0627\u062f\u0627\u062a \u062c\u0630\u0627\u0628 \u0622\u0645\u0648\u0632\u0634\u200c\u0647\u0627\u06cc \u062a\u06a9\u0645\u06cc\u0644\u06cc\u060c \u0648\u0641\u0627\u062f\u0627\u0631\u06cc \u0631\u0627 \u062a\u0642\u0648\u06cc\u062a \u0645\u06cc\u200c\u06a9\u0646\u062f<\/li>\n<li><strong>\u06a9\u0627\u0647\u0634 \u0633\u0648\u0621\u062a\u0641\u0627\u0647\u0645\u200c\u0647\u0627:<\/strong> \u0627\u0637\u0645\u06cc\u0646\u0627\u0646 \u0632\u0628\u0627\u0646\u06cc \u062f\u0631 \u0641\u0631\u0622\u06cc\u0646\u062f\u0647\u0627 \u0648 \u067e\u0631\u0648\u0698\u0647\u200c\u0647\u0627<\/li>\n<\/ul>\n<hr \/>\n<h2>\u0645\u0633\u06cc\u0631 \u0634\u0645\u0627 \u0628\u0647 \u0633\u0645\u062a \u062f\u0648\u0631\u0647 \u0634\u0631\u06a9\u062a\u06cc<\/h2>\n<ol>\n<li><strong>\u062a\u062d\u0644\u06cc\u0644 \u0646\u06cc\u0627\u0632\u0647\u0627:<\/strong> \u0645\u0627 \u0627\u0647\u062f\u0627\u0641\u060c \u0645\u062d\u062a\u0648\u0627 \u0648 \u0642\u0627\u0644\u0628\u200c\u0647\u0627 \u0631\u0627 \u062a\u0639\u0631\u06cc\u0641 \u0645\u06cc\u200c\u06a9\u0646\u06cc\u0645.<\/li>\n<li><strong>\u0628\u0631\u0646\u0627\u0645\u0647 \u0631\u06cc\u0632\u06cc \u062f\u0648\u0631\u0647:<\/strong> Flexible Terminmodelle, angepasst an Arbeitszeiten und Teamstrukturen.<\/li>\n<li><strong>\u067e\u06cc\u0627\u062f\u0647\u200c\u0633\u0627\u0632\u06cc:<\/strong> \u0645\u0631\u0628\u06cc\u0627\u0646 \u0648\u0627\u062c\u062f \u0634\u0631\u0627\u06cc\u0637 \u0628\u0627 \u062a\u062c\u0631\u0628\u0647 \u062f\u0631 \u0627\u0631\u062a\u0628\u0627\u0637\u0627\u062a \u062d\u0631\u0641\u0647\u200c\u0627\u06cc.<\/li>\n<li><strong>\u06a9\u0646\u062a\u0631\u0644 \u0645\u0648\u0641\u0642\u06cc\u062a:<\/strong> \u0628\u0627\u0632\u062e\u0648\u0631\u062f\u0647\u0627\u06cc \u0645\u0646\u0638\u0645\u060c \u067e\u06cc\u0634\u0631\u0641\u062a \u06cc\u0627\u062f\u06af\u06cc\u0631\u06cc \u0648 \u06af\u0648\u0627\u0647\u06cc\u0646\u0627\u0645\u0647\u200c\u0647\u0627\u06cc \u067e\u0627\u06cc\u0627\u0646 \u062f\u0648\u0631\u0647.<\/li>\n<\/ol>\n<hr \/>\n<h2>\u062a\u0645\u0627\u0633<\/h2>\n<p><strong>\u062a\u0644\u0641\u0646:<\/strong> +49 40 23813117<br \/>\n<strong>\u0648\u0628\u200c\u0633\u0627\u06cc\u062a:<\/strong> <a href=\"https:\/\/delingvo.de\/fa\/\">www.delingvo.de<\/a><\/p>\n<p><em>\u0631\u0648\u06cc \u067e\u0634\u062a\u06cc\u0628\u0627\u0646\u06cc \u0632\u0628\u0627\u0646 \u062d\u0631\u0641\u0647\u200c\u0627\u06cc \u0648 \u0627\u062f\u063a\u0627\u0645 \u067e\u0627\u06cc\u062f\u0627\u0631 \u062d\u0633\u0627\u0628 \u06a9\u0646\u06cc\u062f \u2013 \u0628\u0627 \u062f \u0644\u06cc\u0646\u06af\u0648\u0648.<\/em><\/p>","protected":false},"excerpt":{"rendered":"<p>Firmenangebote \u2013 Professionelle Sprachl\u00f6sungen f\u00fcr Ihr Unternehmen St\u00e4rken Sie Ihr Team mit ma\u00dfgeschneiderten Deutschkursen von DeLingvo. Klare und pr\u00e4zise Kommunikation [&hellip;]<\/p>\n","protected":false},"author":1,"featured_media":4861,"parent":0,"menu_order":4,"comment_status":"open","ping_status":"closed","template":"","meta":{"footnotes":""},"class_list":["post-4212","page","type-page","status-publish","has-post-thumbnail","hentry"],"_links":{"self":[{"href":"https:\/\/delingvo.de\/fa\/wp-json\/wp\/v2\/pages\/4212","targetHints":{"allow":["GET"]}}],"collection":[{"href":"https:\/\/delingvo.de\/fa\/wp-json\/wp\/v2\/pages"}],"about":[{"href":"https:\/\/delingvo.de\/fa\/wp-json\/wp\/v2\/types\/page"}],"author":[{"embeddable":true,"href":"https:\/\/delingvo.de\/fa\/wp-json\/wp\/v2\/users\/1"}],"replies":[{"embeddable":true,"href":"https:\/\/delingvo.de\/fa\/wp-json\/wp\/v2\/comments?post=4212"}],"version-history":[{"count":5,"href":"https:\/\/delingvo.de\/fa\/wp-json\/wp\/v2\/pages\/4212\/revisions"}],"predecessor-version":[{"id":16022,"href":"https:\/\/delingvo.de\/fa\/wp-json\/wp\/v2\/pages\/4212\/revisions\/16022"}],"wp:featuredmedia":[{"embeddable":true,"href":"https:\/\/delingvo.de\/fa\/wp-json\/wp\/v2\/media\/4861"}],"wp:attachment":[{"href":"https:\/\/delingvo.de\/fa\/wp-json\/wp\/v2\/media?parent=4212"}],"curies":[{"name":"\u0648\u0631\u062f\u067e\u0631\u0633","href":"https:\/\/api.w.org\/{rel}","templated":true}]}}