{"id":4322,"date":"2024-12-26T12:27:46","date_gmt":"2024-12-26T12:27:46","guid":{"rendered":"https:\/\/delingvo.de\/?page_id=4322"},"modified":"2025-06-26T08:17:06","modified_gmt":"2025-06-26T08:17:06","slug":"%d8%a8%db%8c%d8%a7%d9%86%db%8c%d9%87-%d9%85%d8%a7%d9%85%d9%88%d8%b1%db%8c%d8%aa-%d9%85%d8%a7","status":"publish","type":"page","link":"https:\/\/delingvo.de\/fa\/unser-leitbild\/","title":{"rendered":"\u0628\u06cc\u0627\u0646\u06cc\u0647 \u0645\u0627\u0645\u0648\u0631\u06cc\u062a \u0645\u0627"},"content":{"rendered":"<h2><strong>\u0628\u06cc\u0627\u0646\u06cc\u0647 \u0645\u0627\u0645\u0648\u0631\u06cc\u062a \u0645\u0627\u00a0<\/strong><\/h2>\n<h3><strong>\ud83c\udf1f \u0686\u0634\u0645 \u0627\u0646\u062f\u0627\u0632 \u0645\u0627<\/strong><\/h3>\n<p>DeLingvo UG \u06cc\u06a9 \u0627\u0631\u0627\u0626\u0647 \u062f\u0647\u0646\u062f\u0647 \u062e\u062f\u0645\u0627\u062a \u0622\u0645\u0648\u0632\u0634\u06cc \u0627\u0632 \u0647\u0627\u0645\u0628\u0648\u0631\u06af \u0627\u0633\u062a \u06a9\u0647 \u0642\u0627\u0637\u0639\u0627\u0646\u0647 \u0645\u0639\u062a\u0642\u062f \u0627\u0633\u062a \u0647\u0631 \u0641\u0631\u062f\u06cc \u067e\u062a\u0627\u0646\u0633\u06cc\u0644 \u062e\u0627\u0631\u0642 \u0627\u0644\u0639\u0627\u062f\u0647 \u0627\u06cc \u062f\u0627\u0631\u062f.<br \/>\n\u0686\u0634\u0645\u200c\u0627\u0646\u062f\u0627\u0632 \u0645\u0627 \u0647\u0645\u0631\u0627\u0647\u06cc \u0627\u0641\u0631\u0627\u062f\u06cc \u0627\u0633\u062a \u06a9\u0647 \u0628\u0631\u0627\u06cc \u0648\u0631\u0648\u062f \u0628\u0647 \u0628\u0627\u0632\u0627\u0631 \u06a9\u0627\u0631 \u0648 \u0622\u0645\u0648\u0632\u0634 \u0628\u0647 \u067e\u0634\u062a\u06cc\u0628\u0627\u0646\u06cc \u0646\u06cc\u0627\u0632 \u062f\u0627\u0631\u0646\u062f.<br \/>\n\u0628\u0627 <strong>\u067e\u06cc\u0634\u0646\u0647\u0627\u062f\u0627\u062a \u0622\u0645\u0648\u0632\u0634\u06cc \u0633\u0641\u0627\u0631\u0634\u06cc<\/strong> \u0645\u0627 \u06a9\u0645\u06a9 \u0645\u06cc\u200c\u06a9\u0646\u06cc\u0645\u060c <strong>\u0645\u0648\u0627\u0646\u0639 \u0642\u0631\u0627\u0631\u06af\u06cc\u0631\u06cc<\/strong> \u063a\u0644\u0628\u0647 \u06a9\u0631\u062f\u0646 \u0648 <strong>\u0686\u0634\u0645\u200c\u0627\u0646\u062f\u0627\u0632 \u0634\u063a\u0644\u06cc \u067e\u0627\u06cc\u062f\u0627\u0631<\/strong> \u0628\u0631\u0627\u06cc \u0628\u0647 \u0627\u0646\u062c\u0627\u0645 \u0631\u0633\u0627\u0646\u062f\u0646.<\/p>\n<hr \/>\n<h3><strong>\ud83c\udfaf \u0645\u0627\u0645\u0648\u0631\u06cc\u062a \u0645\u0627<\/strong><\/h3>\n<p>\u0628\u0647 \u0639\u0646\u0648\u0627\u0646 \u0628\u062e\u0634\u06cc \u0627\u0632 <a href=\"https:\/\/de.wikipedia.org\/wiki\/Ma%C3%9Fnahmen_zur_Aktivierung_und_beruflichen_Eingliederung\" target=\"_blank\" rel=\"noopener\"><strong>\u0627\u0642\u062f\u0627\u0645\u0627\u062a \u0641\u0639\u0627\u0644\u200c\u0633\u0627\u0632\u06cc \u0648 \u0627\u062f\u063a\u0627\u0645 \u0637\u0628\u0642 \u0628\u062e\u0634 \u06f4\u06f5 \u0642\u0627\u0646\u0648\u0646 \u0622\u06cc\u06cc\u0646 \u062f\u0627\u062f\u0631\u0633\u06cc \u0645\u062f\u0646\u06cc III<\/strong> <\/a>\u0645\u0627\u0645\u0648\u0631\u06cc\u062a \u0645\u0627 \u062d\u0645\u0627\u06cc\u062a \u0647\u062f\u0641\u0645\u0646\u062f \u0627\u0632 \u0645\u0631\u062f\u0645 \u0627\u0633\u062a:<\/p>\n<p><strong>\ud83c\udf0d \u0622\u0634\u0646\u0627\u06cc\u06cc \u0628\u0627 \u0628\u0627\u0632\u0627\u0631 \u06a9\u0627\u0631:<\/strong><br \/>\n\u0645\u0627 \u067e\u0644\u200c\u0647\u0627\u06cc\u06cc \u0628\u0647 \u062f\u0646\u06cc\u0627\u06cc \u062d\u0631\u0641\u0647\u200c\u0627\u06cc \u0645\u06cc\u200c\u0633\u0627\u0632\u06cc\u0645 \u0648 \u0627\u0632 \u0634\u0631\u06a9\u062a\u200c\u06a9\u0646\u0646\u062f\u06af\u0627\u0646 \u062e\u0648\u062f \u062f\u0631 \u0627\u062f\u063a\u0627\u0645 \u0645\u0648\u0641\u0642\u06cc\u062a\u200c\u0622\u0645\u06cc\u0632 \u062d\u0645\u0627\u06cc\u062a \u0645\u06cc\u200c\u06a9\u0646\u06cc\u0645.<\/p>\n<p><strong>\ud83d\udee0\ufe0f \u0645\u0648\u0627\u0646\u0639 \u0627\u0633\u062a\u062e\u062f\u0627\u0645 \u0631\u0627 \u06a9\u0627\u0647\u0634 \u062f\u0647\u06cc\u062f:<\/strong><br \/>\n\u0628\u0627 <strong>\u0627\u0633\u062a\u0631\u0627\u062a\u0698\u06cc\u200c\u0647\u0627\u06cc \u0641\u0631\u062f\u06cc<\/strong> \u0648 \u0627\u0642\u062f\u0627\u0645\u0627\u062a \u067e\u0634\u062a\u06cc\u0628\u0627\u0646\u06cc \u0647\u062f\u0641\u0645\u0646\u062f\u060c \u0645\u0627 \u0686\u0627\u0644\u0634\u200c\u0647\u0627\u06cc \u0634\u062e\u0635\u06cc \u0648 \u062d\u0631\u0641\u0647\u200c\u0627\u06cc \u0631\u0627 \u062d\u0644 \u0645\u06cc\u200c\u06a9\u0646\u06cc\u0645.<\/p>\n<p><strong>\ud83d\udcc8 \u062a\u0642\u0648\u06cc\u062a \u0645\u0647\u0627\u0631\u062a\u200c\u0647\u0627:<\/strong><br \/>\n\u0622\u0645\u0648\u0632\u0634 \u0648 \u0645\u0631\u0628\u06cc\u06af\u0631\u06cc \u0645\u0628\u062a\u0646\u06cc \u0628\u0631 \u0639\u0645\u0644\u060c \u0627\u0628\u062a\u06a9\u0627\u0631 \u0639\u0645\u0644 \u0631\u0627 \u0627\u0631\u062a\u0642\u0627 \u062f\u0627\u062f\u0647 \u0648 \u0634\u0627\u0646\u0633 ... \u0631\u0627 \u0627\u0641\u0632\u0627\u06cc\u0634 \u0645\u06cc\u200c\u062f\u0647\u062f. <strong>\u0627\u0634\u062a\u063a\u0627\u0644 \u067e\u0627\u06cc\u062f\u0627\u0631<\/strong>.<\/p>\n<hr \/>\n<h3><strong>\ud83d\udca1 \u0627\u0631\u0632\u0634\u200c\u0647\u0627\u06cc \u0645\u0627<\/strong><\/h3>\n<h4><strong>\ud83d\udee0\ufe0f \u0627\u0631\u062a\u0628\u0627\u0637 \u0639\u0645\u0644\u06cc \u0648 \u0641\u0631\u062f\u06cc\u062a<\/strong><\/h4>\n<p>\u0628\u0631\u0646\u0627\u0645\u0647\u200c\u0647\u0627\u06cc \u0645\u0627 \u0639\u0645\u0644\u200c\u0645\u062d\u0648\u0631 \u0647\u0633\u062a\u0646\u062f \u0648 \u0646\u06cc\u0627\u0632\u0647\u0627\u06cc \u0645\u062a\u0646\u0648\u0639 \u0634\u0631\u06a9\u062a\u200c\u06a9\u0646\u0646\u062f\u06af\u0627\u0646 \u0631\u0627 \u062f\u0631 \u0646\u0638\u0631 \u0645\u06cc\u200c\u06af\u06cc\u0631\u0646\u062f.<br \/>\n\u0628\u0627 \u0627\u0633\u062a\u0641\u0627\u062f\u0647 \u0627\u0632 <strong>\u0631\u0648\u0634\u200c\u0647\u0627\u06cc \u0645\u062f\u0631\u0646<\/strong> \u0648 \u0628\u0627 \u0647\u0645\u06a9\u0627\u0631\u06cc \u0634\u0631\u06a9\u062a\u200c\u0647\u0627\u060c \u0645\u0627 \u062a\u0636\u0645\u06cc\u0646 \u0645\u06cc\u200c\u06a9\u0646\u06cc\u0645 \u06a9\u0647 \u0645\u062d\u062a\u0648\u0627 <strong>\u0628\u0627\u0632\u0627\u0631\u06af\u0631\u0627 \u0648 \u0645\u0631\u062a\u0628\u0637<\/strong> \u0647\u0633\u062a\u0646\u062f.<\/p>\n<hr \/>\n<h4><strong>\ud83c\udf0d \u0627\u062f\u063a\u0627\u0645 \u0648 \u062a\u0646\u0648\u0639<\/strong><\/h4>\n<p>\u0645\u0627 \u0628\u0647 \u0637\u0648\u0631 \u0641\u0639\u0627\u0644 \u062a\u0628\u0644\u06cc\u063a \u0645\u06cc\u200c\u06a9\u0646\u06cc\u0645 <strong>\u0627\u062f\u063a\u0627\u0645<\/strong> \u0648\u0631\u0648\u062f \u0628\u0647 \u0628\u0627\u0632\u0627\u0631 \u06a9\u0627\u0631 \u0648 \u0627\u06cc\u062c\u0627\u062f <strong>\u0645\u062d\u06cc\u0637 \u06cc\u0627\u062f\u06af\u06cc\u0631\u06cc \u0641\u0631\u0627\u06af\u06cc\u0631<\/strong>.<\/p>\n<ul>\n<li><strong>\u0627\u0642\u062f\u0627\u0645\u0627\u062a \u0628\u0631\u0627\u06cc \u06af\u0631\u0648\u0647\u200c\u0647\u0627\u06cc \u0645\u062d\u0631\u0648\u0645<\/strong><\/li>\n<li>\u062a\u0631\u0648\u06cc\u062c <strong>\u062a\u0641\u0627\u0647\u0645 \u0628\u06cc\u0646 \u0641\u0631\u0647\u0646\u06af\u06cc<\/strong><\/li>\n<\/ul>\n<hr \/>\n<h3><strong>\ud83d\udd11 \u0627\u0631\u0632\u0634\u200c\u0647\u0627\u06cc \u0627\u0635\u0644\u06cc \u0645\u0627 \u062f\u0631 \u06cc\u06a9 \u0646\u06af\u0627\u0647:<\/strong><\/h3>\n<p><strong>\u2764\ufe0f \u062a\u0639\u0647\u062f:<\/strong> \u0645\u0627 \u0645\u0634\u062a\u0627\u0642 \u067e\u06cc\u0634\u0631\u0641\u062a \u062d\u0631\u0641\u0647\u200c\u0627\u06cc \u0634\u0631\u06a9\u062a\u200c\u06a9\u0646\u0646\u062f\u06af\u0627\u0646 \u062e\u0648\u062f \u0647\u0633\u062a\u06cc\u0645.<\/p>\n<p><strong>\ud83c\udfc6 \u06a9\u06cc\u0641\u06cc\u062a:<\/strong> \u0628\u0631\u0646\u0627\u0645\u0647\u200c\u0647\u0627\u06cc \u0645\u0627 \u0628\u0647 \u0635\u0648\u0631\u062a \u0627\u0646\u0641\u0631\u0627\u062f\u06cc \u0648 \u0628\u0627 \u0628\u0627\u0644\u0627\u062a\u0631\u06cc\u0646 \u06a9\u06cc\u0641\u06cc\u062a \u0627\u0631\u0627\u0626\u0647 \u0645\u06cc\u200c\u0634\u0648\u0646\u062f.<\/p>\n<p><strong>\ud83e\udd1d \u0645\u0634\u0627\u0631\u06a9\u062a:<\/strong> \u0628\u0627 \u0647\u0645\u06a9\u0627\u0631\u06cc \u0628\u0627 \u0622\u0698\u0627\u0646\u0633\u200c\u0647\u0627\u06cc \u06a9\u0627\u0631\u06cc\u0627\u0628\u06cc\u060c \u0634\u0631\u06a9\u062a\u200c\u0647\u0627 \u0648 \u0633\u0627\u0632\u0645\u0627\u0646\u200c\u0647\u0627\u06cc \u0627\u062c\u062a\u0645\u0627\u0639\u06cc\u060c \u0645\u0627 \u0634\u0628\u06a9\u0647\u200c\u0647\u0627\u06cc \u0642\u0648\u06cc \u0627\u06cc\u062c\u0627\u062f \u0645\u06cc\u200c\u06a9\u0646\u06cc\u0645.<\/p>\n<hr \/>\n<p><a href=\"https:\/\/delingvo.de\/fa\/\">\u062f\u0644\u06cc\u0646\u06af\u0648\u0648\u060c \u06cc\u0648 \u062c\u06cc<\/a> \u0628\u0627 \u0627\u0641\u062a\u062e\u0627\u0631 \u0628\u0647 \u0627\u06cc\u0646 \u0628\u06cc\u0627\u0646\u06cc\u0647 \u0645\u0627\u0645\u0648\u0631\u06cc\u062a \u067e\u0627\u06cc\u0628\u0646\u062f \u0627\u0633\u062a \u0648 \u0628\u0647 \u0637\u0648\u0631 \u0641\u0639\u0627\u0644 \u062f\u0631 \u062a\u0648\u0633\u0639\u0647 \u062d\u0631\u0641\u0647\u200c\u0627\u06cc \u0648 \u0628\u0647\u0628\u0648\u062f \u0648\u0636\u0639\u06cc\u062a \u0632\u0646\u062f\u06af\u06cc \u0634\u0631\u06a9\u062a\u200c\u06a9\u0646\u0646\u062f\u06af\u0627\u0646 \u062e\u0648\u062f \u0645\u0634\u0627\u0631\u06a9\u062a \u0645\u06cc\u200c\u06a9\u0646\u062f.<\/p>","protected":false},"excerpt":{"rendered":"<p>Unser Leitbild\u00a0 \ud83c\udf1f Unsere Vision DeLingvo UG ist ein Bildungstr\u00e4ger aus Hamburg, der fest daran glaubt, dass jeder Mensch au\u00dfergew\u00f6hnliches [&hellip;]<\/p>\n","protected":false},"author":1,"featured_media":0,"parent":0,"menu_order":0,"comment_status":"closed","ping_status":"closed","template":"","meta":{"footnotes":""},"class_list":["post-4322","page","type-page","status-publish","hentry"],"_links":{"self":[{"href":"https:\/\/delingvo.de\/fa\/wp-json\/wp\/v2\/pages\/4322","targetHints":{"allow":["GET"]}}],"collection":[{"href":"https:\/\/delingvo.de\/fa\/wp-json\/wp\/v2\/pages"}],"about":[{"href":"https:\/\/delingvo.de\/fa\/wp-json\/wp\/v2\/types\/page"}],"author":[{"embeddable":true,"href":"https:\/\/delingvo.de\/fa\/wp-json\/wp\/v2\/users\/1"}],"replies":[{"embeddable":true,"href":"https:\/\/delingvo.de\/fa\/wp-json\/wp\/v2\/comments?post=4322"}],"version-history":[{"count":2,"href":"https:\/\/delingvo.de\/fa\/wp-json\/wp\/v2\/pages\/4322\/revisions"}],"predecessor-version":[{"id":5174,"href":"https:\/\/delingvo.de\/fa\/wp-json\/wp\/v2\/pages\/4322\/revisions\/5174"}],"wp:attachment":[{"href":"https:\/\/delingvo.de\/fa\/wp-json\/wp\/v2\/media?parent=4322"}],"curies":[{"name":"\u0648\u0631\u062f\u067e\u0631\u0633","href":"https:\/\/api.w.org\/{rel}","templated":true}]}}