{"id":5001,"date":"2025-05-16T14:20:18","date_gmt":"2025-05-16T14:20:18","guid":{"rendered":"https:\/\/delingvo.de\/?page_id=5001"},"modified":"2025-08-05T16:02:05","modified_gmt":"2025-08-05T16:02:05","slug":"%d9%85%d8%af%db%8c%d8%b1%db%8c%d8%aa-%da%a9%db%8c%d9%81%db%8c%d8%aa","status":"publish","type":"page","link":"https:\/\/delingvo.de\/fa\/unser-leitbild\/qualitaetsmanagement\/","title":{"rendered":"\u0645\u062f\u06cc\u0631\u06cc\u062a \u06a9\u06cc\u0641\u06cc\u062a"},"content":{"rendered":"<h3 data-start=\"158\" data-end=\"213\"><strong data-start=\"162\" data-end=\"213\">\u06a9\u06cc\u0641\u06cc\u062a\u060c \u0627\u0648\u0644\u0648\u06cc\u062a \u0627\u0635\u0644\u06cc DeLingvo UG \u0627\u0633\u062a.<\/strong><\/h3>\n<p data-start=\"215\" data-end=\"531\">\u06a9\u06cc\u0641\u06cc\u062a \u06a9\u0627\u0631 \u0645\u0627 \u062f\u0631 <strong data-start=\"247\" data-end=\"262\">\u062f\u0644\u06cc\u0646\u06af\u0648\u0648\u060c \u06cc\u0648 \u062c\u06cc<\/strong> \u062a\u0635\u0627\u062f\u0641\u06cc \u0646\u06cc\u0633\u062a - \u0627\u06cc\u0646 \u0646\u062a\u06cc\u062c\u0647 \u06cc\u06a9 \u0633\u06cc\u0633\u062a\u0645 \u0645\u062f\u06cc\u0631\u06cc\u062a \u06a9\u06cc\u0641\u06cc\u062a \u0633\u0627\u062e\u062a\u0627\u0631 \u06cc\u0627\u0641\u062a\u0647 \u0648 \u062d\u0631\u0641\u0647 \u0627\u06cc \u0627\u0633\u062a. \u0627\u0631\u0627\u0626\u0647 \u062f\u0647\u0646\u062f\u0647 \u062e\u062f\u0645\u0627\u062a \u0622\u0645\u0648\u0632\u0634\u06cc \u0645\u0627 \u0645\u0637\u0627\u0628\u0642 \u0628\u0627 ... \u06af\u0648\u0627\u0647\u06cc \u0634\u062f\u0647 \u0627\u0633\u062a. <a href=\"https:\/\/www.bmas.de\/DE\/Arbeit\/Arbeitsfoerderung\/akkreditierung.html\" target=\"_blank\" rel=\"noopener\"><strong data-start=\"403\" data-end=\"472\">\u0622\u06cc\u06cc\u0646\u200c\u0646\u0627\u0645\u0647 \u0627\u0639\u062a\u0628\u0627\u0631\u0628\u062e\u0634\u06cc \u0648 \u067e\u0630\u06cc\u0631\u0634 \u0628\u0631\u0627\u06cc \u0627\u0631\u062a\u0642\u0627\u06cc \u0634\u063a\u0644\u06cc (AZAV)<\/strong> <\/a>\u062a\u0648\u0633\u0637 \u062f\u067e\u0627\u0631\u062a\u0645\u0627\u0646 \u062a\u062e\u0635\u0635\u06cc <strong data-start=\"494\" data-end=\"517\">\u0634\u0631\u06a9\u062a \u06a9\u06cc\u0648\u0627 \u0632\u0631\u062a\u067e\u0648\u0646\u06a9\u062a<\/strong> \u06af\u0648\u0627\u0647\u06cc \u0634\u062f\u0647.<\/p>\n<figure id=\"attachment_5003\" aria-describedby=\"caption-attachment-5003\" style=\"width: 419px\" class=\"wp-caption alignnone\"><a href=\"https:\/\/delingvo.de\/wp-content\/uploads\/2025\/05\/ZertTraeg_Traegerzulassung.pdf\"><img fetchpriority=\"high\" decoding=\"async\" class=\"size-medium wp-image-5003\" src=\"https:\/\/delingvo.de\/wp-content\/uploads\/2025\/05\/AZAV-Traegerzulassung--419x600.webp\" alt=\"\u062a\u0623\u06cc\u06cc\u062f\u06cc\u0647 \u062d\u0627\u0645\u0644 AZAV\" width=\"419\" height=\"600\" title=\"\" srcset=\"https:\/\/delingvo.de\/wp-content\/uploads\/2025\/05\/AZAV-Traegerzulassung--419x600.webp 419w, https:\/\/delingvo.de\/wp-content\/uploads\/2025\/05\/AZAV-Traegerzulassung--105x150.webp 105w, https:\/\/delingvo.de\/wp-content\/uploads\/2025\/05\/AZAV-Traegerzulassung--8x12.webp 8w, https:\/\/delingvo.de\/wp-content\/uploads\/2025\/05\/AZAV-Traegerzulassung--600x860.webp 600w, https:\/\/delingvo.de\/wp-content\/uploads\/2025\/05\/AZAV-Traegerzulassung--jpg.webp 633w\" sizes=\"(max-width: 419px) 100vw, 419px\" \/><\/a><figcaption id=\"caption-attachment-5003\" class=\"wp-caption-text\">\ud83c\udfc6 <strong data-start=\"541\" data-end=\"565\">\u062a\u0623\u06cc\u06cc\u062f \u0627\u0631\u0627\u0626\u0647 \u062f\u0647\u0646\u062f\u0647 AZAV<\/strong><\/figcaption><\/figure>\n<p data-start=\"567\" data-end=\"760\">\u0627\u06cc\u0646 \u06af\u0648\u0627\u0647\u06cc\u0646\u0627\u0645\u0647 \u062a\u0623\u06cc\u06cc\u062f \u0645\u06cc\u200c\u06a9\u0646\u062f \u06a9\u0647 \u0628\u0631\u0646\u0627\u0645\u0647\u200c\u0647\u0627\u06cc \u0645\u0627 \u0627\u0633\u062a\u0627\u0646\u062f\u0627\u0631\u062f\u0647\u0627\u06cc \u0628\u0627\u0644\u0627\u06cc ... \u0631\u0627 \u0631\u0639\u0627\u06cc\u062a \u0645\u06cc\u200c\u06a9\u0646\u0646\u062f. <strong data-start=\"645\" data-end=\"691\">\u0648\u0632\u0627\u0631\u062a \u06a9\u0627\u0631 \u0648 \u0627\u0645\u0648\u0631 \u0627\u062c\u062a\u0645\u0627\u0639\u06cc \u0641\u062f\u0631\u0627\u0644<\/strong> \u2013 \u0647\u0645 \u0627\u0632 \u0646\u0638\u0631 \u0645\u062d\u062a\u0648\u0627 \u0648 \u0647\u0645 \u0627\u0632 \u0646\u0638\u0631 \u0633\u0627\u0632\u0645\u0627\u0646\u062f\u0647\u06cc. \u0627\u06cc\u0646 \u0645\u0648\u0627\u0631\u062f \u0639\u0628\u0627\u0631\u062a\u0646\u062f \u0627\u0632:<\/p>\n<ul data-start=\"762\" data-end=\"939\">\n<li data-start=\"762\" data-end=\"814\">\n<p data-start=\"764\" data-end=\"814\">\u0635\u0644\u0627\u062d\u06cc\u062a \u0645\u0631\u0628\u06cc\u0627\u0646 \u0648 \u0645\u062f\u0631\u0633\u0627\u0646 \u0645\u0627<\/p>\n<\/li>\n<li data-start=\"815\" data-end=\"848\">\n<p data-start=\"817\" data-end=\"848\">\u0645\u0641\u0627\u0647\u06cc\u0645 \u0622\u0645\u0648\u0632\u0634\u06cc \u0645\u0627<\/p>\n<\/li>\n<li data-start=\"849\" data-end=\"876\">\n<p data-start=\"851\" data-end=\"876\">\u062a\u0645\u0631\u06a9\u0632 \u0645\u0627 \u0628\u0631 \u0628\u0627\u0632\u0627\u0631 \u06a9\u0627\u0631<\/p>\n<\/li>\n<li data-start=\"877\" data-end=\"939\">\n<p data-start=\"879\" data-end=\"939\">\u0648 \u0647\u0645\u0686\u0646\u06cc\u0646 \u067e\u0634\u062a\u06cc\u0628\u0627\u0646\u06cc \u06a9\u0647 \u0645\u0627 \u0628\u0647 \u0634\u0631\u06a9\u062a \u06a9\u0646\u0646\u062f\u06af\u0627\u0646 \u062e\u0648\u062f \u0627\u0631\u0627\u0626\u0647 \u0645\u06cc \u062f\u0647\u06cc\u0645.<\/p>\n<\/li>\n<\/ul>\n<hr data-start=\"941\" data-end=\"944\" \/>\n<p data-start=\"946\" data-end=\"1152\">\ud83d\udcbc <strong data-start=\"949\" data-end=\"1002\">\u067e\u06cc\u0634\u0646\u0647\u0627\u062f\u0627\u062a \u0645\u0631\u0628\u06cc\u06af\u0631\u06cc \u0648 \u0622\u0645\u0648\u0632\u0634\u06cc \u062d\u0645\u0627\u06cc\u062a\u200c\u0634\u062f\u0647 \u0645\u0627<\/strong> \u2013 \u0628\u0647 \u0648\u06cc\u0698\u0647 <a href=\"https:\/\/delingvo.de\/fa\/%d8%af%d9%88%d8%b1%d9%87%d9%87%d8%a7\/%d8%a2%d9%85%d9%88%d8%b2%d8%b4-%da%a9%d8%a7%d8%b1%d8%a8%d8%b1%d8%af%db%8c-%d8%af%d8%b1-%d9%87%d8%a7%d9%85%d8%a8%d9%88%d8%b1%da%af\/\"><strong data-start=\"1022\" data-end=\"1044\">\u0622\u0645\u0648\u0632\u0634 \u06a9\u0627\u0631\u0628\u0631\u062f\u06cc<\/strong><\/a> \u2013 \u0627\u0631\u0627\u0626\u0647 \u067e\u0634\u062a\u06cc\u0628\u0627\u0646\u06cc \u0647\u062f\u0641\u0645\u0646\u062f \u0628\u0647 \u0627\u0641\u0631\u0627\u062f \u062f\u0631 \u0648\u0631\u0648\u062f (\u0645\u062c\u062f\u062f) \u0628\u0647 \u0628\u0627\u0632\u0627\u0631 \u06a9\u0627\u0631. \u0634\u0631\u06a9\u062a\u200c\u06a9\u0646\u0646\u062f\u06af\u0627\u0646 \u0627\u0632 \u0645\u0632\u0627\u06cc\u0627\u06cc \u0632\u06cc\u0631 \u0628\u0647\u0631\u0647\u200c\u0645\u0646\u062f \u0645\u06cc\u200c\u0634\u0648\u0646\u062f:<\/p>\n<p data-start=\"1154\" data-end=\"1274\">\u2705 \u0645\u0634\u0627\u0648\u0631\u0647 \u0641\u0631\u062f\u06cc<br data-start=\"1178\" data-end=\"1181\" \/>\u2705 \u067e\u0634\u062a\u06cc\u0628\u0627\u0646\u06cc \u0639\u0645\u0644\u06cc \u062f\u0631 \u0641\u0631\u0622\u06cc\u0646\u062f \u062f\u0631\u062e\u0648\u0627\u0633\u062a<br data-start=\"1229\" data-end=\"1232\" \/>\u2705 \u062a\u0648\u0633\u0639\u0647 \u0647\u062f\u0641\u0645\u0646\u062f \u0645\u0647\u0627\u0631\u062a\u200c\u0647\u0627\u06cc \u0632\u0628\u0627\u0646 \u0622\u0644\u0645\u0627\u0646\u06cc \u0634\u0645\u0627<\/p>\n<p data-start=\"1276\" data-end=\"1323\">... \u0628\u0631\u0627\u06cc \u06a9\u0633\u0628 \u0645\u0648\u0641\u0642\u06cc\u062a \u062f\u0631 \u0628\u0627\u0632\u0627\u0631 \u06a9\u0627\u0631.<\/p>\n<hr data-start=\"1325\" data-end=\"1328\" \/>\n<p data-start=\"1330\" data-end=\"1495\">\ud83d\udd12 \u0628\u0627 <strong data-start=\"1341\" data-end=\"1390\">\u0635\u062f\u0648\u0631 \u06af\u0648\u0627\u0647\u06cc\u0646\u0627\u0645\u0647 AZAV \u062a\u0648\u0633\u0637 <a href=\"https:\/\/www.kiwa.com\/de\/de\/kontakt\/standorte2\/kiwa-zertpunkt-gmbh\/\" target=\"_blank\" rel=\"noopener\">\u0634\u0631\u06a9\u062a \u06a9\u06cc\u0648\u0627 \u0632\u0631\u062a\u067e\u0648\u0646\u06a9\u062a<\/a><\/strong> \u0645\u0627 \u0645\u062a\u0639\u0647\u062f \u0628\u0647 \u062a\u0636\u0645\u06cc\u0646 \u0627\u0633\u062a\u0627\u0646\u062f\u0627\u0631\u062f \u0628\u0627\u0644\u0627\u06cc \u062e\u062f\u0645\u0627\u062a \u062e\u0648\u062f \u0647\u0633\u062a\u06cc\u0645 - \u0627\u06cc\u0646 \u0628\u0631\u0627\u06cc \u0634\u0645\u0627 \u0628\u0647 \u0627\u06cc\u0646 \u0645\u0639\u0646\u06cc \u0627\u0633\u062a:<\/p>\n<p data-start=\"1497\" data-end=\"1632\">\u2728 <strong data-start=\"1499\" data-end=\"1524\">\u06a9\u06cc\u0641\u06cc\u062a \u0642\u0627\u0628\u0644 \u0627\u0639\u062a\u0645\u0627\u062f<\/strong><br data-start=\"1524\" data-end=\"1527\" \/>\u2728 <strong data-start=\"1529\" data-end=\"1556\">\u0633\u0627\u0632\u0647\u200c\u0647\u0627\u06cc \u0634\u0641\u0627\u0641<\/strong><br data-start=\"1556\" data-end=\"1559\" \/>\u2728 <strong data-start=\"1561\" data-end=\"1632\">\u0628\u0647\u062a\u0631\u06cc\u0646 \u067e\u0634\u062a\u06cc\u0628\u0627\u0646\u06cc \u0645\u0645\u06a9\u0646 \u062f\u0631 \u0645\u0633\u06cc\u0631 \u0622\u06cc\u0646\u062f\u0647 \u062d\u0631\u0641\u0647\u200c\u0627\u06cc \u0634\u0645\u0627.<\/strong><\/p>","protected":false},"excerpt":{"rendered":"<p>Qualit\u00e4t hat bei DeLingvo UG oberste Priorit\u00e4t. Die Qualit\u00e4t unserer Arbeit bei DeLingvo UG ist kein Zufall \u2013 sie ist [&hellip;]<\/p>\n","protected":false},"author":1,"featured_media":5007,"parent":4322,"menu_order":0,"comment_status":"closed","ping_status":"closed","template":"","meta":{"footnotes":""},"class_list":["post-5001","page","type-page","status-publish","has-post-thumbnail","hentry"],"_links":{"self":[{"href":"https:\/\/delingvo.de\/fa\/wp-json\/wp\/v2\/pages\/5001","targetHints":{"allow":["GET"]}}],"collection":[{"href":"https:\/\/delingvo.de\/fa\/wp-json\/wp\/v2\/pages"}],"about":[{"href":"https:\/\/delingvo.de\/fa\/wp-json\/wp\/v2\/types\/page"}],"author":[{"embeddable":true,"href":"https:\/\/delingvo.de\/fa\/wp-json\/wp\/v2\/users\/1"}],"replies":[{"embeddable":true,"href":"https:\/\/delingvo.de\/fa\/wp-json\/wp\/v2\/comments?post=5001"}],"version-history":[{"count":4,"href":"https:\/\/delingvo.de\/fa\/wp-json\/wp\/v2\/pages\/5001\/revisions"}],"predecessor-version":[{"id":5207,"href":"https:\/\/delingvo.de\/fa\/wp-json\/wp\/v2\/pages\/5001\/revisions\/5207"}],"up":[{"embeddable":true,"href":"https:\/\/delingvo.de\/fa\/wp-json\/wp\/v2\/pages\/4322"}],"wp:featuredmedia":[{"embeddable":true,"href":"https:\/\/delingvo.de\/fa\/wp-json\/wp\/v2\/media\/5007"}],"wp:attachment":[{"href":"https:\/\/delingvo.de\/fa\/wp-json\/wp\/v2\/media?parent=5001"}],"curies":[{"name":"\u0648\u0631\u062f\u067e\u0631\u0633","href":"https:\/\/api.w.org\/{rel}","templated":true}]}}