{"id":4322,"date":"2024-12-26T12:27:46","date_gmt":"2024-12-26T12:27:46","guid":{"rendered":"https:\/\/delingvo.de\/?page_id=4322"},"modified":"2025-06-26T08:17:06","modified_gmt":"2025-06-26T08:17:06","slug":"%d0%b7%d0%b0%d1%8f%d0%b2%d0%bb%d0%b5%d0%bd%d0%b8%d0%b5-%d0%be-%d0%bd%d0%b0%d1%88%d0%b5%d0%b9-%d0%bc%d0%b8%d1%81%d1%81%d0%b8%d0%b8","status":"publish","type":"page","link":"https:\/\/delingvo.de\/ru\/unser-leitbild\/","title":{"rendered":"\u041d\u0430\u0448\u0435 \u043f\u0440\u043e\u0433\u0440\u0430\u043c\u043c\u043d\u043e\u0435 \u0437\u0430\u044f\u0432\u043b\u0435\u043d\u0438\u0435"},"content":{"rendered":"<h2><strong>\u041d\u0430\u0448\u0435 \u043f\u0440\u043e\u0433\u0440\u0430\u043c\u043c\u043d\u043e\u0435 \u0437\u0430\u044f\u0432\u043b\u0435\u043d\u0438\u0435\u00a0<\/strong><\/h2>\n<h3><strong>\ud83c\udf1f \u041d\u0430\u0448\u0435 \u0432\u0438\u0434\u0435\u043d\u0438\u0435<\/strong><\/h3>\n<p>DeLingvo UG - \u044d\u0442\u043e \u043e\u0431\u0440\u0430\u0437\u043e\u0432\u0430\u0442\u0435\u043b\u044c\u043d\u0430\u044f \u043e\u0440\u0433\u0430\u043d\u0438\u0437\u0430\u0446\u0438\u044f \u0438\u0437 \u0413\u0430\u043c\u0431\u0443\u0440\u0433\u0430, \u043a\u043e\u0442\u043e\u0440\u0430\u044f \u0442\u0432\u0435\u0440\u0434\u043e \u0432\u0435\u0440\u0438\u0442 \u0432 \u0442\u043e, \u0447\u0442\u043e \u043a\u0430\u0436\u0434\u044b\u0439 \u0447\u0435\u043b\u043e\u0432\u0435\u043a \u043e\u0431\u043b\u0430\u0434\u0430\u0435\u0442 \u043d\u0435\u043e\u0431\u044b\u043a\u043d\u043e\u0432\u0435\u043d\u043d\u044b\u043c \u043f\u043e\u0442\u0435\u043d\u0446\u0438\u0430\u043b\u043e\u043c.<br \/>\n\u041d\u0430\u0448\u0430 \u0446\u0435\u043b\u044c - \u0441\u043e\u043f\u0440\u043e\u0432\u043e\u0436\u0434\u0430\u0442\u044c \u043b\u044e\u0434\u0435\u0439, \u043a\u043e\u0442\u043e\u0440\u044b\u043c \u043d\u0443\u0436\u043d\u0430 \u043f\u043e\u0434\u0434\u0435\u0440\u0436\u043a\u0430 \u043f\u0440\u0438 \u0432\u044b\u0445\u043e\u0434\u0435 \u043d\u0430 \u0440\u044b\u043d\u043e\u043a \u043e\u0431\u0443\u0447\u0435\u043d\u0438\u044f \u0438 \u0442\u0440\u0443\u0434\u0430.<br \/>\n\u0421 <strong>\u0438\u043d\u0434\u0438\u0432\u0438\u0434\u0443\u0430\u043b\u044c\u043d\u044b\u0435 \u043e\u0431\u0440\u0430\u0437\u043e\u0432\u0430\u0442\u0435\u043b\u044c\u043d\u044b\u0435 \u043f\u0440\u0435\u0434\u043b\u043e\u0436\u0435\u043d\u0438\u044f<\/strong> \u043c\u044b \u043f\u043e\u043c\u043e\u0433\u0430\u0435\u043c, <strong>\u041f\u0440\u0435\u043f\u044f\u0442\u0441\u0442\u0432\u0438\u044f \u0434\u043b\u044f \u0440\u0430\u0437\u043c\u0435\u0449\u0435\u043d\u0438\u044f<\/strong> \u043f\u0440\u0435\u043e\u0434\u043e\u043b\u0435\u0442\u044c \u0438 <strong>\u0423\u0441\u0442\u043e\u0439\u0447\u0438\u0432\u044b\u0435 \u043f\u0435\u0440\u0441\u043f\u0435\u043a\u0442\u0438\u0432\u044b \u043a\u0430\u0440\u044c\u0435\u0440\u043d\u043e\u0433\u043e \u0440\u043e\u0441\u0442\u0430<\/strong> \u0447\u0442\u043e\u0431\u044b \u0441\u043e\u0437\u0434\u0430\u0442\u044c.<\/p>\n<hr \/>\n<h3><strong>\ud83c\udfaf \u041d\u0430\u0448\u0430 \u043c\u0438\u0441\u0441\u0438\u044f<\/strong><\/h3>\n<p>\u0412 \u0440\u0430\u043c\u043a\u0430\u0445 <a href=\"https:\/\/de.wikipedia.org\/wiki\/Ma%C3%9Fnahmen_zur_Aktivierung_und_beruflichen_Eingliederung\" target=\"_blank\" rel=\"noopener\"><strong>\u041c\u0435\u0440\u044b \u043f\u043e \u0430\u043a\u0442\u0438\u0432\u0438\u0437\u0430\u0446\u0438\u0438 \u0438 \u0438\u043d\u0442\u0435\u0433\u0440\u0430\u0446\u0438\u0438 \u0432 \u0441\u043e\u043e\u0442\u0432\u0435\u0442\u0441\u0442\u0432\u0438\u0438 \u0441 \u00a7 45 SGB III<\/strong> <\/a>\u041d\u0430\u0448\u0430 \u043c\u0438\u0441\u0441\u0438\u044f - \u0446\u0435\u043b\u0435\u043d\u0430\u043f\u0440\u0430\u0432\u043b\u0435\u043d\u043d\u0430\u044f \u043f\u043e\u0434\u0434\u0435\u0440\u0436\u043a\u0430 \u043b\u044e\u0434\u0435\u0439:<\/p>\n<p><strong>\ud83c\udf0d \u0412\u0432\u0435\u0434\u0435\u043d\u0438\u0435 \u0432 \u0440\u044b\u043d\u043e\u043a \u0442\u0440\u0443\u0434\u0430:<\/strong><br \/>\n\u041c\u044b \u043d\u0430\u0432\u043e\u0434\u0438\u043c \u043c\u043e\u0441\u0442\u044b \u0441 \u043c\u0438\u0440\u043e\u043c \u0442\u0440\u0443\u0434\u0430 \u0438 \u043f\u043e\u043c\u043e\u0433\u0430\u0435\u043c \u043d\u0430\u0448\u0438\u043c \u0443\u0447\u0430\u0441\u0442\u043d\u0438\u043a\u0430\u043c \u0443\u0441\u043f\u0435\u0448\u043d\u043e \u0438\u043d\u0442\u0435\u0433\u0440\u0438\u0440\u043e\u0432\u0430\u0442\u044c\u0441\u044f.<\/p>\n<p><strong>\ud83d\udee0\ufe0f \u0421\u043d\u0438\u0437\u0438\u0442\u044c \u0431\u0430\u0440\u044c\u0435\u0440\u044b \u043d\u0430 \u043f\u0443\u0442\u0438 \u043a \u0442\u0440\u0443\u0434\u043e\u0443\u0441\u0442\u0440\u043e\u0439\u0441\u0442\u0432\u0443:<\/strong><br \/>\n\u0421 <strong>\u0438\u043d\u0434\u0438\u0432\u0438\u0434\u0443\u0430\u043b\u044c\u043d\u044b\u0435 \u0441\u0442\u0440\u0430\u0442\u0435\u0433\u0438\u0438<\/strong> \u0438 \u0446\u0435\u043b\u0435\u043d\u0430\u043f\u0440\u0430\u0432\u043b\u0435\u043d\u043d\u044b\u0445 \u043c\u0435\u0440 \u043f\u043e\u0434\u0434\u0435\u0440\u0436\u043a\u0438, \u043c\u044b \u0440\u0435\u0448\u0430\u0435\u043c \u043b\u0438\u0447\u043d\u044b\u0435 \u0438 \u043f\u0440\u043e\u0444\u0435\u0441\u0441\u0438\u043e\u043d\u0430\u043b\u044c\u043d\u044b\u0435 \u043f\u0440\u043e\u0431\u043b\u0435\u043c\u044b.<\/p>\n<p><strong>\ud83d\udcc8 \u0423\u043a\u0440\u0435\u043f\u043b\u0435\u043d\u0438\u0435 \u043a\u043e\u043c\u043f\u0435\u0442\u0435\u043d\u0446\u0438\u0439:<\/strong><br \/>\n\u041f\u0440\u0430\u043a\u0442\u0438\u043a\u043e-\u043e\u0440\u0438\u0435\u043d\u0442\u0438\u0440\u043e\u0432\u0430\u043d\u043d\u043e\u0435 \u043e\u0431\u0443\u0447\u0435\u043d\u0438\u0435 \u0438 \u043a\u043e\u0443\u0447\u0438\u043d\u0433 \u0441\u043f\u043e\u0441\u043e\u0431\u0441\u0442\u0432\u0443\u044e\u0442 \u0440\u0430\u0437\u0432\u0438\u0442\u0438\u044e \u043b\u0438\u0447\u043d\u043e\u0439 \u0438\u043d\u0438\u0446\u0438\u0430\u0442\u0438\u0432\u044b \u0438 \u043f\u043e\u0432\u044b\u0448\u0430\u044e\u0442 \u0448\u0430\u043d\u0441\u044b <strong>\u0423\u0441\u0442\u043e\u0439\u0447\u0438\u0432\u0430\u044f \u0437\u0430\u043d\u044f\u0442\u043e\u0441\u0442\u044c<\/strong>.<\/p>\n<hr \/>\n<h3><strong>\ud83d\udca1 \u041d\u0430\u0448\u0438 \u0446\u0435\u043d\u043d\u043e\u0441\u0442\u0438<\/strong><\/h3>\n<h4><strong>\ud83d\udee0\ufe0f \u041f\u0440\u0430\u043a\u0442\u0438\u0447\u0435\u0441\u043a\u0430\u044f \u0437\u043d\u0430\u0447\u0438\u043c\u043e\u0441\u0442\u044c \u0438 \u0438\u043d\u0434\u0438\u0432\u0438\u0434\u0443\u0430\u043b\u044c\u043d\u043e\u0441\u0442\u044c<\/strong><\/h4>\n<p>\u041d\u0430\u0448\u0438 \u043f\u0440\u043e\u0433\u0440\u0430\u043c\u043c\u044b \u043e\u0440\u0438\u0435\u043d\u0442\u0438\u0440\u043e\u0432\u0430\u043d\u044b \u043d\u0430 \u043f\u0440\u0430\u043a\u0442\u0438\u043a\u0443 \u0438 \u0443\u0447\u0438\u0442\u044b\u0432\u0430\u044e\u0442 \u0440\u0430\u0437\u043b\u0438\u0447\u043d\u044b\u0435 \u043f\u043e\u0442\u0440\u0435\u0431\u043d\u043e\u0441\u0442\u0438 \u043d\u0430\u0448\u0438\u0445 \u0443\u0447\u0430\u0441\u0442\u043d\u0438\u043a\u043e\u0432.<br \/>\n\u0411\u043b\u0430\u0433\u043e\u0434\u0430\u0440\u044f \u0438\u0441\u043f\u043e\u043b\u044c\u0437\u043e\u0432\u0430\u043d\u0438\u044e <strong>\u0441\u043e\u0432\u0440\u0435\u043c\u0435\u043d\u043d\u044b\u0435 \u043c\u0435\u0442\u043e\u0434\u044b<\/strong> \u0438 \u0441\u043e\u0442\u0440\u0443\u0434\u043d\u0438\u0447\u0435\u0441\u0442\u0432\u0430 \u0441 \u043a\u043e\u043c\u043f\u0430\u043d\u0438\u044f\u043c\u0438, \u043c\u044b \u0433\u0430\u0440\u0430\u043d\u0442\u0438\u0440\u0443\u0435\u043c, \u0447\u0442\u043e \u0441\u043e\u0434\u0435\u0440\u0436\u0430\u043d\u0438\u0435 \u043d\u0430\u0448\u0438\u0445 \u043f\u0440\u043e\u0434\u0443\u043a\u0442\u043e\u0432 <strong>\u041e\u0440\u0438\u0435\u043d\u0442\u0438\u0440\u043e\u0432\u0430\u043d\u043d\u043e\u0441\u0442\u044c \u043d\u0430 \u0440\u044b\u043d\u043e\u043a \u0438 \u0430\u043a\u0442\u0443\u0430\u043b\u044c\u043d\u043e\u0441\u0442\u044c<\/strong> \u044d\u0442\u043e.<\/p>\n<hr \/>\n<h4><strong>\ud83c\udf0d \u0418\u043d\u0442\u0435\u0433\u0440\u0430\u0446\u0438\u044f \u0438 \u0440\u0430\u0437\u043d\u043e\u043e\u0431\u0440\u0430\u0437\u0438\u0435<\/strong><\/h4>\n<p>\u041c\u044b \u0430\u043a\u0442\u0438\u0432\u043d\u043e \u043f\u0440\u043e\u0434\u0432\u0438\u0433\u0430\u0435\u043c <strong>\u0418\u043d\u0442\u0435\u0433\u0440\u0430\u0446\u0438\u044f<\/strong> \u043d\u0430 \u0440\u044b\u043d\u043e\u043a \u0442\u0440\u0443\u0434\u0430 \u0438 \u0441\u043e\u0437\u0434\u0430\u0442\u044c <strong>\u0418\u043d\u043a\u043b\u044e\u0437\u0438\u0432\u043d\u0430\u044f \u0441\u0440\u0435\u0434\u0430 \u043e\u0431\u0443\u0447\u0435\u043d\u0438\u044f<\/strong>.<\/p>\n<ul>\n<li><strong>\u041c\u0435\u0440\u044b \u0432 \u043e\u0442\u043d\u043e\u0448\u0435\u043d\u0438\u0438 \u043d\u0435\u0431\u043b\u0430\u0433\u043e\u043f\u043e\u043b\u0443\u0447\u043d\u044b\u0445 \u0433\u0440\u0443\u043f\u043f \u043d\u0430\u0441\u0435\u043b\u0435\u043d\u0438\u044f<\/strong><\/li>\n<li>\u041f\u0440\u043e\u0434\u0432\u0438\u0436\u0435\u043d\u0438\u0435 <strong>\u043c\u0435\u0436\u043a\u0443\u043b\u044c\u0442\u0443\u0440\u043d\u043e\u0435 \u0432\u0437\u0430\u0438\u043c\u043e\u043f\u043e\u043d\u0438\u043c\u0430\u043d\u0438\u0435<\/strong><\/li>\n<\/ul>\n<hr \/>\n<h3><strong>\ud83d\udd11 \u041d\u0430\u0448\u0438 \u043e\u0441\u043d\u043e\u0432\u043d\u044b\u0435 \u0446\u0435\u043d\u043d\u043e\u0441\u0442\u0438 \u0441 \u043f\u0435\u0440\u0432\u043e\u0433\u043e \u0432\u0437\u0433\u043b\u044f\u0434\u0430:<\/strong><\/h3>\n<p><strong>\u2764\ufe0f \u041e\u0431\u044f\u0437\u0430\u0442\u0435\u043b\u044c\u0441\u0442\u0432\u0430:<\/strong> \u041c\u044b \u0437\u0430\u0431\u043e\u0442\u0438\u043c\u0441\u044f \u043e \u043f\u0440\u043e\u0444\u0435\u0441\u0441\u0438\u043e\u043d\u0430\u043b\u044c\u043d\u043e\u043c \u0440\u0430\u0437\u0432\u0438\u0442\u0438\u0438 \u043d\u0430\u0448\u0438\u0445 \u0443\u0447\u0430\u0441\u0442\u043d\u0438\u043a\u043e\u0432.<\/p>\n<p><strong>\ud83c\udfc6 \u041a\u0430\u0447\u0435\u0441\u0442\u0432\u043e:<\/strong> \u041d\u0430\u0448\u0438 \u043f\u0440\u043e\u0433\u0440\u0430\u043c\u043c\u044b \u0438\u043d\u0434\u0438\u0432\u0438\u0434\u0443\u0430\u043b\u044c\u043d\u044b \u0438 \u043e\u0442\u043b\u0438\u0447\u0430\u044e\u0442\u0441\u044f \u0432\u044b\u0441\u043e\u0447\u0430\u0439\u0448\u0438\u043c \u043a\u0430\u0447\u0435\u0441\u0442\u0432\u043e\u043c.<\/p>\n<p><strong>\ud83e\udd1d \u041f\u0430\u0440\u0442\u043d\u0435\u0440\u0441\u0442\u0432\u043e:<\/strong> \u041c\u044b \u0441\u043e\u0437\u0434\u0430\u0435\u043c \u043f\u0440\u043e\u0447\u043d\u044b\u0435 \u0441\u0435\u0442\u0438 \u0431\u043b\u0430\u0433\u043e\u0434\u0430\u0440\u044f \u0441\u043e\u0442\u0440\u0443\u0434\u043d\u0438\u0447\u0435\u0441\u0442\u0432\u0443 \u0441 \u0430\u0433\u0435\u043d\u0442\u0441\u0442\u0432\u0430\u043c\u0438 \u043f\u043e \u0442\u0440\u0443\u0434\u043e\u0443\u0441\u0442\u0440\u043e\u0439\u0441\u0442\u0432\u0443, \u043a\u043e\u043c\u043f\u0430\u043d\u0438\u044f\u043c\u0438 \u0438 \u043e\u0431\u0449\u0435\u0441\u0442\u0432\u0435\u043d\u043d\u044b\u043c\u0438 \u043e\u0440\u0433\u0430\u043d\u0438\u0437\u0430\u0446\u0438\u044f\u043c\u0438.<\/p>\n<hr \/>\n<p><a href=\"https:\/\/delingvo.de\/ru\/\">\u0414\u0435\u041b\u0438\u043d\u0433\u0432\u043e \u0423\u0413<\/a> \u0441 \u0433\u043e\u0440\u0434\u043e\u0441\u0442\u044c\u044e \u0432\u044b\u043f\u043e\u043b\u043d\u044f\u0435\u0442 \u044d\u0442\u0443 \u043c\u0438\u0441\u0441\u0438\u044e \u0438 \u0432\u043d\u043e\u0441\u0438\u0442 \u0430\u043a\u0442\u0438\u0432\u043d\u044b\u0439 \u0432\u043a\u043b\u0430\u0434 \u0432 \u043f\u0440\u043e\u0444\u0435\u0441\u0441\u0438\u043e\u043d\u0430\u043b\u044c\u043d\u043e\u0435 \u0440\u0430\u0437\u0432\u0438\u0442\u0438\u0435 \u0438 \u0443\u043b\u0443\u0447\u0448\u0435\u043d\u0438\u0435 \u0436\u0438\u0437\u043d\u0438 \u043d\u0430\u0448\u0438\u0445 \u0443\u0447\u0430\u0441\u0442\u043d\u0438\u043a\u043e\u0432.<\/p>","protected":false},"excerpt":{"rendered":"<p>Unser Leitbild\u00a0 \ud83c\udf1f Unsere Vision DeLingvo UG ist ein Bildungstr\u00e4ger aus Hamburg, der fest daran glaubt, dass jeder Mensch au\u00dfergew\u00f6hnliches [&hellip;]<\/p>\n","protected":false},"author":1,"featured_media":0,"parent":0,"menu_order":0,"comment_status":"closed","ping_status":"closed","template":"","meta":{"footnotes":""},"class_list":["post-4322","page","type-page","status-publish","hentry"],"_links":{"self":[{"href":"https:\/\/delingvo.de\/ru\/wp-json\/wp\/v2\/pages\/4322","targetHints":{"allow":["GET"]}}],"collection":[{"href":"https:\/\/delingvo.de\/ru\/wp-json\/wp\/v2\/pages"}],"about":[{"href":"https:\/\/delingvo.de\/ru\/wp-json\/wp\/v2\/types\/page"}],"author":[{"embeddable":true,"href":"https:\/\/delingvo.de\/ru\/wp-json\/wp\/v2\/users\/1"}],"replies":[{"embeddable":true,"href":"https:\/\/delingvo.de\/ru\/wp-json\/wp\/v2\/comments?post=4322"}],"version-history":[{"count":2,"href":"https:\/\/delingvo.de\/ru\/wp-json\/wp\/v2\/pages\/4322\/revisions"}],"predecessor-version":[{"id":5174,"href":"https:\/\/delingvo.de\/ru\/wp-json\/wp\/v2\/pages\/4322\/revisions\/5174"}],"wp:attachment":[{"href":"https:\/\/delingvo.de\/ru\/wp-json\/wp\/v2\/media?parent=4322"}],"curies":[{"name":"wp","href":"https:\/\/api.w.org\/{rel}","templated":true}]}}