{"id":5001,"date":"2025-05-16T14:20:18","date_gmt":"2025-05-16T14:20:18","guid":{"rendered":"https:\/\/delingvo.de\/?page_id=5001"},"modified":"2025-08-05T16:02:05","modified_gmt":"2025-08-05T16:02:05","slug":"%d1%83%d0%bf%d1%80%d0%b0%d0%b2%d0%bb%d0%b5%d0%bd%d0%b8%d0%b5-%d0%ba%d0%b0%d1%87%d0%b5%d1%81%d1%82%d0%b2%d0%be%d0%bc","status":"publish","type":"page","link":"https:\/\/delingvo.de\/ru\/unser-leitbild\/qualitaetsmanagement\/","title":{"rendered":"\u0423\u043f\u0440\u0430\u0432\u043b\u0435\u043d\u0438\u0435 \u043a\u0430\u0447\u0435\u0441\u0442\u0432\u043e\u043c"},"content":{"rendered":"<h3 data-start=\"158\" data-end=\"213\"><strong data-start=\"162\" data-end=\"213\">\u041a\u0430\u0447\u0435\u0441\u0442\u0432\u043e \u044f\u0432\u043b\u044f\u0435\u0442\u0441\u044f \u0433\u043b\u0430\u0432\u043d\u044b\u043c \u043f\u0440\u0438\u043e\u0440\u0438\u0442\u0435\u0442\u043e\u043c \u0432 DeLingvo UG.<\/strong><\/h3>\n<p data-start=\"215\" data-end=\"531\">\u041a\u0430\u0447\u0435\u0441\u0442\u0432\u043e \u043d\u0430\u0448\u0435\u0439 \u0440\u0430\u0431\u043e\u0442\u044b \u0432 <strong data-start=\"247\" data-end=\"262\">\u0414\u0435\u041b\u0438\u043d\u0433\u0432\u043e \u0423\u0413<\/strong> \u043d\u0435 \u0441\u043b\u0443\u0447\u0430\u0439\u043d\u043e - \u044d\u0442\u043e \u0440\u0435\u0437\u0443\u043b\u044c\u0442\u0430\u0442 \u0441\u0442\u0440\u0443\u043a\u0442\u0443\u0440\u0438\u0440\u043e\u0432\u0430\u043d\u043d\u043e\u0439, \u043f\u0440\u043e\u0444\u0435\u0441\u0441\u0438\u043e\u043d\u0430\u043b\u044c\u043d\u043e\u0439 \u0441\u0438\u0441\u0442\u0435\u043c\u044b \u0443\u043f\u0440\u0430\u0432\u043b\u0435\u043d\u0438\u044f \u043a\u0430\u0447\u0435\u0441\u0442\u0432\u043e\u043c. \u041d\u0430\u0448\u0430 \u0443\u0447\u0435\u0431\u043d\u0430\u044f \u043e\u0440\u0433\u0430\u043d\u0438\u0437\u0430\u0446\u0438\u044f \u0441\u0435\u0440\u0442\u0438\u0444\u0438\u0446\u0438\u0440\u043e\u0432\u0430\u043d\u0430 \u0432 \u0441\u043e\u043e\u0442\u0432\u0435\u0442\u0441\u0442\u0432\u0438\u0438 \u0441 <a href=\"https:\/\/www.bmas.de\/DE\/Arbeit\/Arbeitsfoerderung\/akkreditierung.html\" target=\"_blank\" rel=\"noopener\"><strong data-start=\"403\" data-end=\"472\">\u041f\u043e\u0441\u0442\u0430\u043d\u043e\u0432\u043b\u0435\u043d\u0438\u0435 \u043e\u0431 \u0430\u043a\u043a\u0440\u0435\u0434\u0438\u0442\u0430\u0446\u0438\u0438 \u0438 \u0430\u0432\u0442\u043e\u0440\u0438\u0437\u0430\u0446\u0438\u0438 \u0434\u043b\u044f \u0441\u043e\u0434\u0435\u0439\u0441\u0442\u0432\u0438\u044f \u0437\u0430\u043d\u044f\u0442\u043e\u0441\u0442\u0438 (AZAV)<\/strong> <\/a>\u0432 \u0441\u043f\u0435\u0446\u0438\u0430\u043b\u0438\u0437\u0438\u0440\u043e\u0432\u0430\u043d\u043d\u043e\u043c \u0446\u0435\u043d\u0442\u0440\u0435 <strong data-start=\"494\" data-end=\"517\">Kiwa Zertpunkt GmbH<\/strong> \u0441\u0435\u0440\u0442\u0438\u0444\u0438\u0446\u0438\u0440\u043e\u0432\u0430\u043d\u043d\u044b\u0439.<\/p>\n<figure id=\"attachment_5003\" aria-describedby=\"caption-attachment-5003\" style=\"width: 419px\" class=\"wp-caption alignnone\"><a href=\"https:\/\/delingvo.de\/wp-content\/uploads\/2025\/05\/ZertTraeg_Traegerzulassung.pdf\"><img fetchpriority=\"high\" decoding=\"async\" class=\"size-medium wp-image-5003\" src=\"https:\/\/delingvo.de\/wp-content\/uploads\/2025\/05\/AZAV-Traegerzulassung--419x600.webp\" alt=\"\u041e\u0434\u043e\u0431\u0440\u0435\u043d\u0438\u0435 \u043f\u0435\u0440\u0435\u0432\u043e\u0437\u0447\u0438\u043a\u0430 AZAV\" width=\"419\" height=\"600\" title=\"\" srcset=\"https:\/\/delingvo.de\/wp-content\/uploads\/2025\/05\/AZAV-Traegerzulassung--419x600.webp 419w, https:\/\/delingvo.de\/wp-content\/uploads\/2025\/05\/AZAV-Traegerzulassung--105x150.webp 105w, https:\/\/delingvo.de\/wp-content\/uploads\/2025\/05\/AZAV-Traegerzulassung--8x12.webp 8w, https:\/\/delingvo.de\/wp-content\/uploads\/2025\/05\/AZAV-Traegerzulassung--600x860.webp 600w, https:\/\/delingvo.de\/wp-content\/uploads\/2025\/05\/AZAV-Traegerzulassung--jpg.webp 633w\" sizes=\"(max-width: 419px) 100vw, 419px\" \/><\/a><figcaption id=\"caption-attachment-5003\" class=\"wp-caption-text\">\ud83c\udfc6 <strong data-start=\"541\" data-end=\"565\">\u0420\u0430\u0437\u0440\u0435\u0448\u0435\u043d\u0438\u0435 \u043d\u0430 \u0438\u0441\u043f\u043e\u043b\u044c\u0437\u043e\u0432\u0430\u043d\u0438\u0435 AZAV<\/strong><\/figcaption><\/figure>\n<p data-start=\"567\" data-end=\"760\">\u042d\u0442\u043e\u0442 \u0441\u0435\u0440\u0442\u0438\u0444\u0438\u043a\u0430\u0442 \u043f\u043e\u0434\u0442\u0432\u0435\u0440\u0436\u0434\u0430\u0435\u0442, \u0447\u0442\u043e \u043d\u0430\u0448\u0438 \u043f\u0440\u043e\u0433\u0440\u0430\u043c\u043c\u044b \u0441\u043e\u043e\u0442\u0432\u0435\u0442\u0441\u0442\u0432\u0443\u044e\u0442 \u0432\u044b\u0441\u043e\u043a\u0438\u043c \u0441\u0442\u0430\u043d\u0434\u0430\u0440\u0442\u0430\u043c <strong data-start=\"645\" data-end=\"691\">\u0424\u0435\u0434\u0435\u0440\u0430\u043b\u044c\u043d\u043e\u0435 \u043c\u0438\u043d\u0438\u0441\u0442\u0435\u0440\u0441\u0442\u0432\u043e \u0442\u0440\u0443\u0434\u0430 \u0438 \u0441\u043e\u0446\u0438\u0430\u043b\u044c\u043d\u044b\u0445 \u0434\u0435\u043b<\/strong> \u043a\u0430\u043a \u043f\u043e \u0441\u043e\u0434\u0435\u0440\u0436\u0430\u043d\u0438\u044e, \u0442\u0430\u043a \u0438 \u043f\u043e \u043e\u0440\u0433\u0430\u043d\u0438\u0437\u0430\u0446\u0438\u0438. \u042d\u0442\u043e \u0432\u043a\u043b\u044e\u0447\u0430\u0435\u0442 \u0432 \u0441\u0435\u0431\u044f<\/p>\n<ul data-start=\"762\" data-end=\"939\">\n<li data-start=\"762\" data-end=\"814\">\n<p data-start=\"764\" data-end=\"814\">\u041a\u0432\u0430\u043b\u0438\u0444\u0438\u043a\u0430\u0446\u0438\u044f \u043d\u0430\u0448\u0438\u0445 \u0442\u0440\u0435\u043d\u0435\u0440\u043e\u0432 \u0438 \u043f\u0440\u0435\u043f\u043e\u0434\u0430\u0432\u0430\u0442\u0435\u043b\u0435\u0439<\/p>\n<\/li>\n<li data-start=\"815\" data-end=\"848\">\n<p data-start=\"817\" data-end=\"848\">\u041d\u0430\u0448\u0438 \u043f\u0435\u0434\u0430\u0433\u043e\u0433\u0438\u0447\u0435\u0441\u043a\u0438\u0435 \u043a\u043e\u043d\u0446\u0435\u043f\u0446\u0438\u0438<\/p>\n<\/li>\n<li data-start=\"849\" data-end=\"876\">\n<p data-start=\"851\" data-end=\"876\">\u041c\u044b \u0443\u0434\u0435\u043b\u044f\u0435\u043c \u043e\u0441\u043e\u0431\u043e\u0435 \u0432\u043d\u0438\u043c\u0430\u043d\u0438\u0435 \u0440\u044b\u043d\u043a\u0443 \u0442\u0440\u0443\u0434\u0430<\/p>\n<\/li>\n<li data-start=\"877\" data-end=\"939\">\n<p data-start=\"879\" data-end=\"939\">\u0410 \u0442\u0430\u043a\u0436\u0435 \u043f\u043e\u0434\u0434\u0435\u0440\u0436\u043a\u0430, \u043a\u043e\u0442\u043e\u0440\u0443\u044e \u043c\u044b \u043e\u043a\u0430\u0437\u044b\u0432\u0430\u0435\u043c \u043d\u0430\u0448\u0438\u043c \u0443\u0447\u0430\u0441\u0442\u043d\u0438\u043a\u0430\u043c.<\/p>\n<\/li>\n<\/ul>\n<hr data-start=\"941\" data-end=\"944\" \/>\n<p data-start=\"946\" data-end=\"1152\">\ud83d\udcbc <strong data-start=\"949\" data-end=\"1002\">\u041d\u0430\u0448\u0438 \u0441\u0443\u0431\u0441\u0438\u0434\u0438\u0440\u0443\u0435\u043c\u044b\u0435 \u043f\u0440\u043e\u0433\u0440\u0430\u043c\u043c\u044b \u043a\u043e\u0443\u0447\u0438\u043d\u0433\u0430 \u0438 \u043e\u0431\u0443\u0447\u0435\u043d\u0438\u044f<\/strong> - \u043e\u0441\u043e\u0431\u0435\u043d\u043d\u043e <a href=\"https:\/\/delingvo.de\/ru\/%d0%ba%d1%83%d1%80%d1%81%d1%8b\/%d0%ba%d0%be%d1%83%d1%87%d0%b8%d0%bd%d0%b3-%d0%bf%d0%be-%d1%82%d1%80%d1%83%d0%b4%d0%be%d1%83%d1%81%d1%82%d1%80%d0%be%d0%b9%d1%81%d1%82%d0%b2%d1%83-%d0%b2-%d0%b3%d0%b0%d0%bc%d0%b1%d1%83%d1%80%d0%b3\/\"><strong data-start=\"1022\" data-end=\"1044\">\u041d\u0430\u0441\u0442\u0430\u0432\u043d\u0438\u0447\u0435\u0441\u0442\u0432\u043e \u043f\u0440\u0438 \u043f\u0440\u0438\u0435\u043c\u0435 \u043d\u0430 \u0440\u0430\u0431\u043e\u0442\u0443<\/strong><\/a> - \u043e\u043a\u0430\u0437\u044b\u0432\u0430\u0442\u044c \u043b\u044e\u0434\u044f\u043c \u043a\u043e\u043d\u043a\u0440\u0435\u0442\u043d\u0443\u044e \u043f\u043e\u0434\u0434\u0435\u0440\u0436\u043a\u0443 \u0432 (\u043f\u043e\u0432\u0442\u043e\u0440\u043d\u043e\u043c) \u0432\u044b\u0445\u043e\u0434\u0435 \u043d\u0430 \u0440\u044b\u043d\u043e\u043a \u0442\u0440\u0443\u0434\u0430. \u0423\u0447\u0430\u0441\u0442\u043d\u0438\u043a\u0438 \u043f\u043e\u043b\u0443\u0447\u0430\u044e\u0442 \u0441\u043b\u0435\u0434\u0443\u044e\u0449\u0438\u0435 \u043f\u0440\u0435\u0438\u043c\u0443\u0449\u0435\u0441\u0442\u0432\u0430:<\/p>\n<p data-start=\"1154\" data-end=\"1274\">\u2705 \u0418\u043d\u0434\u0438\u0432\u0438\u0434\u0443\u0430\u043b\u044c\u043d\u044b\u0435 \u043a\u043e\u043d\u0441\u0443\u043b\u044c\u0442\u0430\u0446\u0438\u0438<br data-start=\"1178\" data-end=\"1181\" \/>\u2705 \u041f\u0440\u0430\u043a\u0442\u0438\u0447\u0435\u0441\u043a\u0430\u044f \u043f\u043e\u0434\u0434\u0435\u0440\u0436\u043a\u0430 \u0432 \u043f\u0440\u043e\u0446\u0435\u0441\u0441\u0435 \u043f\u043e\u0434\u0430\u0447\u0438 \u0437\u0430\u044f\u0432\u043a\u0438<br data-start=\"1229\" data-end=\"1232\" \/>\u2705 \u0426\u0435\u043b\u0435\u043d\u0430\u043f\u0440\u0430\u0432\u043b\u0435\u043d\u043d\u043e\u0435 \u0440\u0430\u0437\u0432\u0438\u0442\u0438\u0435 \u043d\u0430\u0432\u044b\u043a\u043e\u0432 \u0432\u043b\u0430\u0434\u0435\u043d\u0438\u044f \u043d\u0435\u043c\u0435\u0446\u043a\u0438\u043c \u044f\u0437\u044b\u043a\u043e\u043c<\/p>\n<p data-start=\"1276\" data-end=\"1323\">...\u0447\u0442\u043e\u0431\u044b \u0443\u0441\u043f\u0435\u0448\u043d\u043e \u0437\u0430\u043a\u0440\u0435\u043f\u0438\u0442\u044c\u0441\u044f \u043d\u0430 \u0440\u044b\u043d\u043a\u0435 \u0442\u0440\u0443\u0434\u0430.<\/p>\n<hr data-start=\"1325\" data-end=\"1328\" \/>\n<p data-start=\"1330\" data-end=\"1495\">\ud83d\udd12 \u0421 <strong data-start=\"1341\" data-end=\"1390\">\u0421\u0435\u0440\u0442\u0438\u0444\u0438\u043a\u0430\u0446\u0438\u044f AZAV \u043f\u043e <a href=\"https:\/\/www.kiwa.com\/de\/de\/kontakt\/standorte2\/kiwa-zertpunkt-gmbh\/\" target=\"_blank\" rel=\"noopener\">Kiwa Zertpunkt GmbH<\/a><\/strong> \u041c\u044b \u0441\u0442\u0440\u0435\u043c\u0438\u043c\u0441\u044f \u0432\u0441\u0435\u0433\u0434\u0430 \u043e\u0431\u0435\u0441\u043f\u0435\u0447\u0438\u0432\u0430\u0442\u044c \u0432\u044b\u0441\u043e\u043a\u0438\u0439 \u0441\u0442\u0430\u043d\u0434\u0430\u0440\u0442 \u043d\u0430\u0448\u0438\u0445 \u0443\u0441\u043b\u0443\u0433 - \u0434\u043b\u044f \u0432\u0430\u0441 \u044d\u0442\u043e \u043e\u0437\u043d\u0430\u0447\u0430\u0435\u0442<\/p>\n<p data-start=\"1497\" data-end=\"1632\">\u2728 <strong data-start=\"1499\" data-end=\"1524\">\u041d\u0430\u0434\u0435\u0436\u043d\u043e\u0435 \u043a\u0430\u0447\u0435\u0441\u0442\u0432\u043e<\/strong><br data-start=\"1524\" data-end=\"1527\" \/>\u2728 <strong data-start=\"1529\" data-end=\"1556\">\u041f\u0440\u043e\u0437\u0440\u0430\u0447\u043d\u044b\u0435 \u0441\u0442\u0440\u0443\u043a\u0442\u0443\u0440\u044b<\/strong><br data-start=\"1556\" data-end=\"1559\" \/>\u2728 <strong data-start=\"1561\" data-end=\"1632\">\u041b\u0443\u0447\u0448\u0430\u044f \u043f\u043e\u0434\u0434\u0435\u0440\u0436\u043a\u0430 \u0434\u043b\u044f \u0432\u0430\u0448\u0435\u0439 \u0431\u0443\u0434\u0443\u0449\u0435\u0439 \u043a\u0430\u0440\u044c\u0435\u0440\u044b.<\/strong><\/p>","protected":false},"excerpt":{"rendered":"<p>Qualit\u00e4t hat bei DeLingvo UG oberste Priorit\u00e4t. Die Qualit\u00e4t unserer Arbeit bei DeLingvo UG ist kein Zufall \u2013 sie ist [&hellip;]<\/p>\n","protected":false},"author":1,"featured_media":5007,"parent":4322,"menu_order":0,"comment_status":"closed","ping_status":"closed","template":"","meta":{"footnotes":""},"class_list":["post-5001","page","type-page","status-publish","has-post-thumbnail","hentry"],"_links":{"self":[{"href":"https:\/\/delingvo.de\/ru\/wp-json\/wp\/v2\/pages\/5001","targetHints":{"allow":["GET"]}}],"collection":[{"href":"https:\/\/delingvo.de\/ru\/wp-json\/wp\/v2\/pages"}],"about":[{"href":"https:\/\/delingvo.de\/ru\/wp-json\/wp\/v2\/types\/page"}],"author":[{"embeddable":true,"href":"https:\/\/delingvo.de\/ru\/wp-json\/wp\/v2\/users\/1"}],"replies":[{"embeddable":true,"href":"https:\/\/delingvo.de\/ru\/wp-json\/wp\/v2\/comments?post=5001"}],"version-history":[{"count":4,"href":"https:\/\/delingvo.de\/ru\/wp-json\/wp\/v2\/pages\/5001\/revisions"}],"predecessor-version":[{"id":5207,"href":"https:\/\/delingvo.de\/ru\/wp-json\/wp\/v2\/pages\/5001\/revisions\/5207"}],"up":[{"embeddable":true,"href":"https:\/\/delingvo.de\/ru\/wp-json\/wp\/v2\/pages\/4322"}],"wp:featuredmedia":[{"embeddable":true,"href":"https:\/\/delingvo.de\/ru\/wp-json\/wp\/v2\/media\/5007"}],"wp:attachment":[{"href":"https:\/\/delingvo.de\/ru\/wp-json\/wp\/v2\/media?parent=5001"}],"curies":[{"name":"wp","href":"https:\/\/api.w.org\/{rel}","templated":true}]}}