{"id":1650,"date":"2018-01-31T06:23:30","date_gmt":"2018-01-31T06:23:30","guid":{"rendered":"https:\/\/delingvo.de\/?page_id=1650"},"modified":"2025-06-26T06:42:54","modified_gmt":"2025-06-26T06:42:54","slug":"ueruen-kaydirici","status":"publish","type":"page","link":"https:\/\/delingvo.de\/tr\/product-slider\/","title":{"rendered":"\u00dcr\u00fcn Kayd\u0131r\u0131c\u0131"},"content":{"rendered":"<div data-elementor-type=\"wp-page\" data-elementor-id=\"1650\" class=\"elementor elementor-1650\">\n\t\t\t\t\t\t<section class=\"elementor-section elementor-top-section elementor-element elementor-element-265dfb0 elementor-section-boxed elementor-section-height-default elementor-section-height-default\" data-id=\"265dfb0\" data-element_type=\"section\" data-e-type=\"section\">\n\t\t\t\t\t\t<div class=\"elementor-container elementor-column-gap-default\">\n\t\t\t\t\t<div class=\"elementor-column elementor-col-100 elementor-top-column elementor-element elementor-element-27744f2\" data-id=\"27744f2\" data-element_type=\"column\" data-e-type=\"column\">\n\t\t\t<div class=\"elementor-widget-wrap\">\n\t\t\t\t\t\t\t<\/div>\n\t\t<\/div>\n\t\t\t\t\t<\/div>\n\t\t<\/section>\n\t\t\t\t<\/div>","protected":false},"excerpt":{"rendered":"<p>Our Publications Sale! Book 1 Rated 4.00 out of 5 \u00a334.00 \u00a332.00 Book 9 \u00a329.00 Book 8 \u00a355.00 Book 7 [&hellip;]<\/p>\n","protected":false},"author":1,"featured_media":0,"parent":0,"menu_order":0,"comment_status":"closed","ping_status":"closed","template":"templates\/blank.php","meta":{"footnotes":""},"class_list":["post-1650","page","type-page","status-publish","hentry"],"_links":{"self":[{"href":"https:\/\/delingvo.de\/tr\/wp-json\/wp\/v2\/pages\/1650","targetHints":{"allow":["GET"]}}],"collection":[{"href":"https:\/\/delingvo.de\/tr\/wp-json\/wp\/v2\/pages"}],"about":[{"href":"https:\/\/delingvo.de\/tr\/wp-json\/wp\/v2\/types\/page"}],"author":[{"embeddable":true,"href":"https:\/\/delingvo.de\/tr\/wp-json\/wp\/v2\/users\/1"}],"replies":[{"embeddable":true,"href":"https:\/\/delingvo.de\/tr\/wp-json\/wp\/v2\/comments?post=1650"}],"version-history":[{"count":1,"href":"https:\/\/delingvo.de\/tr\/wp-json\/wp\/v2\/pages\/1650\/revisions"}],"predecessor-version":[{"id":5167,"href":"https:\/\/delingvo.de\/tr\/wp-json\/wp\/v2\/pages\/1650\/revisions\/5167"}],"wp:attachment":[{"href":"https:\/\/delingvo.de\/tr\/wp-json\/wp\/v2\/media?parent=1650"}],"curies":[{"name":"wp","href":"https:\/\/api.w.org\/{rel}","templated":true}]}}