{"id":2707,"date":"2021-10-08T05:07:26","date_gmt":"2021-10-08T05:07:26","guid":{"rendered":"https:\/\/delingvo.de\/lp-term-conditions\/"},"modified":"2025-06-26T06:28:34","modified_gmt":"2025-06-26T06:28:34","slug":"kosullar","status":"publish","type":"page","link":"https:\/\/delingvo.de\/tr\/konditionen\/","title":{"rendered":"Almanca kurslar\u0131 i\u00e7in ko\u015fullar"},"content":{"rendered":"<h3 data-start=\"150\" data-end=\"201\"><strong data-start=\"154\" data-end=\"199\"><span style=\"vertical-align: inherit;\"><span style=\"vertical-align: inherit;\">Almanca kurslar\u0131 i\u00e7in ko\u015fullar <\/span><\/span><\/strong><strong data-start=\"154\" data-end=\"199\"><span style=\"vertical-align: inherit;\"><span style=\"vertical-align: inherit;\">Delingvo UG'de<\/span><\/span><\/strong><\/h3>\n<h4 data-start=\"203\" data-end=\"240\"><strong data-start=\"208\" data-end=\"238\"><span style=\"vertical-align: inherit;\"><span style=\"vertical-align: inherit;\">1. Kurs teklifleri ve kat\u0131l\u0131m<\/span><\/span><\/strong><\/h4>\n<ul data-start=\"241\" data-end=\"488\">\n<li data-start=\"241\" data-end=\"331\"><span style=\"vertical-align: inherit;\"><span style=\"vertical-align: inherit;\">Sunulan Almanca kurslar\u0131 t\u00fcm dil seviyelerindeki (A1 - C1) kat\u0131l\u0131mc\u0131lara y\u00f6neliktir.<\/span><\/span><\/li>\n<li data-start=\"332\" data-end=\"405\"><span style=\"vertical-align: inherit;\"><span style=\"vertical-align: inherit;\">\u00c7evrimi\u00e7i veya \u015fahsen hem grup hem de bireysel kurslar vard\u0131r.<\/span><\/span><\/li>\n<li data-start=\"406\" data-end=\"488\"><span style=\"vertical-align: inherit;\"><span style=\"vertical-align: inherit;\">Kurs s\u00fcresi, kursun t\u00fcr\u00fcne ba\u011fl\u0131 olarak de\u011fi\u015fir ve bireysel olarak kararla\u015ft\u0131r\u0131labilir.<\/span><\/span><\/li>\n<\/ul>\n<h4 data-start=\"490\" data-end=\"535\"><strong data-start=\"495\" data-end=\"533\"><span style=\"vertical-align: inherit;\"><span style=\"vertical-align: inherit;\">2. kayit ve \u00f6deme ko\u015fullari<\/span><\/span><\/strong><\/h4>\n<ul data-start=\"536\" data-end=\"777\">\n<li data-start=\"536\" data-end=\"623\"><span style=\"vertical-align: inherit;\"><span style=\"vertical-align: inherit;\">Kay\u0131t \u00e7evrimi\u00e7i form arac\u0131l\u0131\u011f\u0131yla veya do\u011frudan dil okulumuzda yap\u0131l\u0131r.<\/span><\/span><\/li>\n<li data-start=\"624\" data-end=\"698\"><span style=\"vertical-align: inherit;\"><span style=\"vertical-align: inherit;\">Kurs \u00fccreti, kursun ba\u015flamas\u0131ndan en ge\u00e7 bir hafta \u00f6nce \u00f6denmelidir.<\/span><\/span><\/li>\n<li data-start=\"699\" data-end=\"777\"><span style=\"vertical-align: inherit;\"><span style=\"vertical-align: inherit;\">Kabul edilen \u00f6deme y\u00f6ntemleri: banka havalesi, PayPal veya yerinde nakit.<\/span><\/span><\/li>\n<\/ul>\n<h4 data-start=\"779\" data-end=\"816\"><strong data-start=\"784\" data-end=\"814\"><span style=\"vertical-align: inherit;\"><span style=\"vertical-align: inherit;\">3. geri\u0307 \u00e7eki\u0307lme ve i\u0307ptal<\/span><\/span><\/strong><\/h4>\n<ul data-start=\"817\" data-end=\"1152\">\n<li data-start=\"817\" data-end=\"889\"><span style=\"vertical-align: inherit;\"><span style=\"vertical-align: inherit;\">Kursun ba\u015flamas\u0131ndan 14 g\u00fcn \u00f6ncesine kadar \u00fccretsiz iptal m\u00fcmk\u00fcnd\u00fcr.<\/span><\/span><\/li>\n<li data-start=\"890\" data-end=\"1002\"><span style=\"vertical-align: inherit;\"><span style=\"vertical-align: inherit;\">Kursun ba\u015flamas\u0131ndan 7 g\u00fcn \u00f6ncesine kadar iptal etmeniz durumunda, kurs \u00fccretinin 50%'si tutar\u0131nda bir i\u015flem \u00fccreti tahsil edilecektir.<\/span><\/span><\/li>\n<li data-start=\"1003\" data-end=\"1061\"><span style=\"vertical-align: inherit;\"><span style=\"vertical-align: inherit;\">Kurs ba\u015flad\u0131ktan sonra para iadesi m\u00fcmk\u00fcn de\u011fildir.<\/span><\/span><\/li>\n<li data-start=\"1062\" data-end=\"1152\"><strong data-start=\"1064\" data-end=\"1150\"><span style=\"vertical-align: inherit;\"><span style=\"vertical-align: inherit;\">Kat\u0131l\u0131mc\u0131lar taraf\u0131ndan ka\u00e7\u0131r\u0131lan g\u00fcnler iade edilmeyecek ve telafi edilemeyecektir.<\/span><\/span><\/strong><\/li>\n<\/ul>\n<h4 data-start=\"1154\" data-end=\"1193\"><strong data-start=\"1159\" data-end=\"1191\"><span style=\"vertical-align: inherit;\"><span style=\"vertical-align: inherit;\">4 Kurs uygulamas\u0131 ve iptali<\/span><\/span><\/strong><\/h4>\n<ul data-start=\"1194\" data-end=\"1466\">\n<li data-start=\"1194\" data-end=\"1266\"><span style=\"vertical-align: inherit;\"><span style=\"vertical-align: inherit;\">Bir kurs, asgari kat\u0131l\u0131mc\u0131 say\u0131s\u0131na ula\u015f\u0131lmas\u0131 halinde ger\u00e7ekle\u015ftirilecektir.<\/span><\/span><\/li>\n<li data-start=\"1267\" data-end=\"1394\"><span style=\"vertical-align: inherit;\"><span style=\"vertical-align: inherit;\">Yeterli say\u0131da kat\u0131l\u0131mc\u0131 olmamas\u0131 nedeniyle bir kursun ger\u00e7ekle\u015ftirilememesi durumunda, para iadesi veya yeniden rezervasyon yap\u0131lacakt\u0131r.<\/span><\/span><\/li>\n<li data-start=\"1395\" data-end=\"1466\"><span style=\"vertical-align: inherit;\"><span style=\"vertical-align: inherit;\">\u00d6\u011fretmenin hastalanmas\u0131 durumunda, yedek bir ders organize edilecektir.<\/span><\/span><\/li>\n<\/ul>\n<h4 data-start=\"1468\" data-end=\"1504\"><strong data-start=\"1473\" data-end=\"1502\"><span style=\"vertical-align: inherit;\"><span style=\"vertical-align: inherit;\">5. kat\u0131l\u0131m sertifikas\u0131<\/span><\/span><\/strong><\/h4>\n<ul data-start=\"1505\" data-end=\"1641\">\n<li data-start=\"1505\" data-end=\"1641\"><span style=\"vertical-align: inherit;\"><span style=\"vertical-align: inherit;\">Kurs sonunda kat\u0131l\u0131mc\u0131lar, derslerin en az 80%'sine kat\u0131lm\u0131\u015flarsa bir kat\u0131l\u0131m sertifikas\u0131 alacaklard\u0131r.<\/span><\/span><\/li>\n<\/ul>\n<h4 data-start=\"1643\" data-end=\"1676\"><strong data-start=\"1648\" data-end=\"1674\"><span style=\"vertical-align: inherit;\"><span style=\"vertical-align: inherit;\">6 Di\u011fer d\u00fczenlemeler<\/span><\/span><\/strong><\/h4>\n<ul data-start=\"1677\" data-end=\"1973\">\n<li data-start=\"1677\" data-end=\"1777\"><span style=\"vertical-align: inherit;\"><span style=\"vertical-align: inherit;\">Kursa ba\u011fl\u0131 olarak, \u00f6\u011fretim materyalleri fiyata dahildir veya ayr\u0131ca sat\u0131n al\u0131nmal\u0131d\u0131r.<\/span><\/span><\/li>\n<li data-start=\"1778\" data-end=\"1884\"><span style=\"vertical-align: inherit;\"><span style=\"vertical-align: inherit;\">Resmi tatiller \u00f6\u011fretim g\u00fcnlerinden say\u0131lmaz ve yedek ders hakk\u0131 yoktur.<\/span><\/span><\/li>\n<li data-start=\"1885\" data-end=\"1973\"><span style=\"vertical-align: inherit;\"><span style=\"vertical-align: inherit;\">Kat\u0131l\u0131mc\u0131lar s\u0131n\u0131f kurallar\u0131na ve ev kurallar\u0131na uymay\u0131 kabul ederler.<\/span><\/span><\/li>\n<\/ul>","protected":false},"excerpt":{"rendered":"<p>Conditions for German courses at Delingvo UG 1. Course offerings &amp; participation The German courses offered are aimed at participants [&hellip;]<\/p>\n","protected":false},"author":1,"featured_media":0,"parent":0,"menu_order":0,"comment_status":"open","ping_status":"closed","template":"","meta":{"footnotes":""},"class_list":["post-2707","page","type-page","status-publish","hentry"],"_links":{"self":[{"href":"https:\/\/delingvo.de\/tr\/wp-json\/wp\/v2\/pages\/2707","targetHints":{"allow":["GET"]}}],"collection":[{"href":"https:\/\/delingvo.de\/tr\/wp-json\/wp\/v2\/pages"}],"about":[{"href":"https:\/\/delingvo.de\/tr\/wp-json\/wp\/v2\/types\/page"}],"author":[{"embeddable":true,"href":"https:\/\/delingvo.de\/tr\/wp-json\/wp\/v2\/users\/1"}],"replies":[{"embeddable":true,"href":"https:\/\/delingvo.de\/tr\/wp-json\/wp\/v2\/comments?post=2707"}],"version-history":[{"count":2,"href":"https:\/\/delingvo.de\/tr\/wp-json\/wp\/v2\/pages\/2707\/revisions"}],"predecessor-version":[{"id":5161,"href":"https:\/\/delingvo.de\/tr\/wp-json\/wp\/v2\/pages\/2707\/revisions\/5161"}],"wp:attachment":[{"href":"https:\/\/delingvo.de\/tr\/wp-json\/wp\/v2\/media?parent=2707"}],"curies":[{"name":"wp","href":"https:\/\/api.w.org\/{rel}","templated":true}]}}