{"id":3597,"date":"2024-09-18T18:48:59","date_gmt":"2024-09-18T18:48:59","guid":{"rendered":"https:\/\/delingvo.de\/?page_id=3597"},"modified":"2025-06-26T06:24:06","modified_gmt":"2025-06-26T06:24:06","slug":"baski","status":"publish","type":"page","link":"https:\/\/delingvo.de\/tr\/impressum\/","title":{"rendered":"K\u00fcnye"},"content":{"rendered":"<h3>\ud83d\udccb Impressum der DeLingvo UG (haftungsbeschr\u00e4nkt)<\/h3>\n<p><strong>DeLingvo UG (haftungsbeschr\u00e4nkt) &#8211; Impressum<\/strong><br \/>\n\ud83d\udccd <strong>Adresse:<\/strong><br \/>\nWendenstra\u00dfe 29,<br \/>\n20097 Hamburg, Deutschland<\/p>\n<p>\ud83d\udcde <strong>Telefon:<\/strong> 040 23813117<br \/>\n\u2709\ufe0f <strong>E-Mail:<\/strong> <a rel=\"noopener\">info@delingvo.de<\/a><\/p>\n<p><strong>Gesch\u00e4ftsf\u00fchrung:<\/strong><\/p>\n<ul>\n<li>Fuad Babayev (vertretungsberechtigter Gesch\u00e4ftsf\u00fchrer)<\/li>\n<li>Malahat Vahabova (vertretungsberechtigte Person)<\/li>\n<\/ul>\n<hr \/>\n<h3>\u2696\ufe0f Rechtliche Angaben &#8211; <span style=\"font-size: 16px;\">Impressum der DeLingvo UG (haftungsbeschr\u00e4nkt)<\/span><\/h3>\n<p><strong>Registergericht:<\/strong> Amtsgericht Hamburg<br \/>\n<strong>Registernummer:<\/strong> HRB 186518<br \/>\n<strong>Umsatzsteuer-ID gem\u00e4\u00df \u00a7 27a UStG:<\/strong> [Angabe erforderlich]\n<p><strong>Verantwortlich f\u00fcr den Inhalt gem\u00e4\u00df \u00a7 55 Abs. 2 RStV:<\/strong><\/p>\n<ul>\n<li>Fuad Babayev<br \/>\nWendenstra\u00dfe 29,<br \/>\n20097 Hamburg<\/li>\n<\/ul>\n<hr \/>\n<h3>\u26a0\ufe0f Haftungsausschluss<\/h3>\n<p>Die Inhalte unserer Website wurden mit gr\u00f6\u00dfter Sorgfalt erstellt. Dennoch k\u00f6nnen wir keine Garantie f\u00fcr die <strong>Richtigkeit, Vollst\u00e4ndigkeit oder Aktualit\u00e4t<\/strong> der Inhalte \u00fcbernehmen.<\/p>\n<p>Als Diensteanbieter sind wir gem\u00e4\u00df \u00a7 7 Abs. 1 TMG f\u00fcr eigene Inhalte auf unseren Seiten nach den allgemeinen Gesetzen verantwortlich. Allerdings sind wir gem\u00e4\u00df \u00a7\u00a7 8 bis 10 TMG nicht verpflichtet, \u00fcbermittelte oder gespeicherte fremde Informationen zu \u00fcberwachen oder nach Umst\u00e4nden zu forschen, die auf rechtswidrige T\u00e4tigkeiten hinweisen.<\/p>\n<hr \/>\n<h3>\ud83d\udee0\ufe0f Streitschlichtung<\/h3>\n<p>Die Europ\u00e4ische Kommission bietet eine Plattform zur <strong>Online-Streitbeilegung (OS):<\/strong><br \/>\n<a href=\"https:\/\/ec.europa.eu\/consumers\/odr\" target=\"_new\" rel=\"noopener\">https:\/\/ec.europa.eu\/consumers\/odr<\/a><\/p>\n<p>Unsere E-Mail-Adresse findest du oben im Impressum.<br \/>\nWir sind <strong>nicht bereit oder verpflichtet<\/strong>, an Streitbeilegungsverfahren vor einer Verbraucherschlichtungsstelle teilzunehmen.<\/p>\n<hr \/>\n<p><strong>\ud83d\udd17 Hinweis:<\/strong> Dieses Impressum entspricht den rechtlichen Vorgaben und bietet dir Transparenz \u00fcber die Verantwortlichkeiten und Kontaktm\u00f6glichkeiten der DeLingvo UG.<\/p>\n","protected":false},"excerpt":{"rendered":"<p>\ud83d\udccb Impressum der DeLingvo UG (haftungsbeschr\u00e4nkt) DeLingvo UG (haftungsbeschr\u00e4nkt) &#8211; Impressum \ud83d\udccd Adresse: Wendenstra\u00dfe 29, 20097 Hamburg, Deutschland \ud83d\udcde Telefon: [&hellip;]<\/p>\n","protected":false},"author":1,"featured_media":0,"parent":0,"menu_order":0,"comment_status":"closed","ping_status":"closed","template":"","meta":{"footnotes":""},"class_list":["post-3597","page","type-page","status-publish","hentry"],"_links":{"self":[{"href":"https:\/\/delingvo.de\/tr\/wp-json\/wp\/v2\/pages\/3597","targetHints":{"allow":["GET"]}}],"collection":[{"href":"https:\/\/delingvo.de\/tr\/wp-json\/wp\/v2\/pages"}],"about":[{"href":"https:\/\/delingvo.de\/tr\/wp-json\/wp\/v2\/types\/page"}],"author":[{"embeddable":true,"href":"https:\/\/delingvo.de\/tr\/wp-json\/wp\/v2\/users\/1"}],"replies":[{"embeddable":true,"href":"https:\/\/delingvo.de\/tr\/wp-json\/wp\/v2\/comments?post=3597"}],"version-history":[{"count":1,"href":"https:\/\/delingvo.de\/tr\/wp-json\/wp\/v2\/pages\/3597\/revisions"}],"predecessor-version":[{"id":5159,"href":"https:\/\/delingvo.de\/tr\/wp-json\/wp\/v2\/pages\/3597\/revisions\/5159"}],"wp:attachment":[{"href":"https:\/\/delingvo.de\/tr\/wp-json\/wp\/v2\/media?parent=3597"}],"curies":[{"name":"wp","href":"https:\/\/api.w.org\/{rel}","templated":true}]}}