{"id":4322,"date":"2024-12-26T12:27:46","date_gmt":"2024-12-26T12:27:46","guid":{"rendered":"https:\/\/delingvo.de\/?page_id=4322"},"modified":"2025-06-26T08:17:06","modified_gmt":"2025-06-26T08:17:06","slug":"mi%cc%87syon-bi%cc%87ldi%cc%87ri%cc%87mi%cc%87mi%cc%87z","status":"publish","type":"page","link":"https:\/\/delingvo.de\/tr\/unser-leitbild\/","title":{"rendered":"Misyon Bildirimiz"},"content":{"rendered":"<h2><strong>Misyon Bildirimiz\u00a0<\/strong><\/h2>\n<h3><strong>\ud83c\udf1f Vizyonumuz<\/strong><\/h3>\n<p>DeLingvo UG, her insan\u0131n ola\u011fan\u00fcst\u00fc bir potansiyele sahip oldu\u011funa inanan Hamburglu bir e\u011fitim kurulu\u015fudur.<br \/>\nVizyonumuz, e\u011fitim ve i\u015fg\u00fcc\u00fc piyasas\u0131na giri\u015fte deste\u011fe ihtiya\u00e7 duyan ki\u015filere e\u015flik etmektir.<br \/>\nile <strong>\u00f6zelle\u015ftirilmi\u015f e\u011fitim teklifleri<\/strong> Yard\u0131m ediyoruz, <strong>Yerle\u015ftirmenin \u00f6n\u00fcndeki engeller<\/strong> \u00fcstesinden gelmek ve <strong>S\u00fcrd\u00fcr\u00fclebilir kariyer beklentileri<\/strong> yaratmak i\u00e7in.<\/p>\n<hr \/>\n<h3><strong>\ud83c\udfaf Misyonumuz<\/strong><\/h3>\n<p>Bir par\u00e7as\u0131 olarak <a href=\"https:\/\/de.wikipedia.org\/wiki\/Ma%C3%9Fnahmen_zur_Aktivierung_und_beruflichen_Eingliederung\" target=\"_blank\" rel=\"noopener\"><strong>SGB III Madde 45 uyar\u0131nca aktivasyon ve entegrasyon \u00f6nlemleri<\/strong> <\/a>Misyonumuz, insanlar\u0131 hedefe y\u00f6nelik bir \u015fekilde desteklemektir:<\/p>\n<p><strong>\ud83c\udf0d \u0130\u015fg\u00fcc\u00fc piyasas\u0131na giri\u015f:<\/strong><br \/>\n\u0130\u015f d\u00fcnyas\u0131na k\u00f6pr\u00fcler kuruyor ve kat\u0131l\u0131mc\u0131lar\u0131m\u0131z\u0131n ba\u015far\u0131l\u0131 bir \u015fekilde entegre olmalar\u0131na yard\u0131mc\u0131 oluyoruz.<\/p>\n<p><strong>\ud83d\udee0\ufe0f \u0130stihdam\u0131n \u00f6n\u00fcndeki engelleri azalt\u0131n:<\/strong><br \/>\nile <strong>bi\u0307reysel strateji\u0307ler<\/strong> ve hedefe y\u00f6nelik destek \u00f6nlemleriyle ki\u015fisel ve mesleki zorluklar\u0131 \u00e7\u00f6z\u00fcyoruz.<\/p>\n<p><strong>\ud83d\udcc8 Yetkinliklerin g\u00fc\u00e7lendirilmesi:<\/strong><br \/>\nUygulama odakl\u0131 e\u011fitim ve ko\u00e7luk, ki\u015fisel inisiyatifi te\u015fvik eder ve a\u015fa\u011f\u0131dakilerin ger\u00e7ekle\u015fme \u015fans\u0131n\u0131 art\u0131r\u0131r <strong>S\u00fcrd\u00fcr\u00fclebilir istihdam<\/strong>.<\/p>\n<hr \/>\n<h3><strong>\ud83d\udca1 De\u011ferlerimiz<\/strong><\/h3>\n<h4><strong>\ud83d\udee0\ufe0f Pratik uygunluk ve bireysellik<\/strong><\/h4>\n<p>Programlar\u0131m\u0131z uygulama odakl\u0131d\u0131r ve kat\u0131l\u0131mc\u0131lar\u0131m\u0131z\u0131n farkl\u0131 ihtiya\u00e7lar\u0131n\u0131 dikkate al\u0131r.<br \/>\nKullan\u0131m yoluyla <strong>modern y\u00f6ntemler<\/strong> ve \u015firketlerle i\u015fbirli\u011fi yaparak, i\u00e7eri\u011fin <strong>Pazar odakl\u0131 ve ilgili<\/strong> vard\u0131r.<\/p>\n<hr \/>\n<h4><strong>\ud83c\udf0d Entegrasyon ve \u00e7e\u015fitlilik<\/strong><\/h4>\n<p>Aktif olarak te\u015fvik ediyoruz <strong>Entegrasyon<\/strong> i\u015fg\u00fcc\u00fc piyasas\u0131na dahil etmek ve bir <strong>Kapsay\u0131c\u0131 \u00f6\u011frenme ortam\u0131<\/strong>.<\/p>\n<ul>\n<li><strong>Dezavantajl\u0131 gruplara y\u00f6nelik tedbirler<\/strong><\/li>\n<li>Promosyon <strong>k\u00fclt\u00fcrleraras\u0131 anlay\u0131\u015f<\/strong><\/li>\n<\/ul>\n<hr \/>\n<h3><strong>\ud83d\udd11 Bir bak\u0131\u015fta temel de\u011ferlerimiz:<\/strong><\/h3>\n<p><strong>\u2764\ufe0f Ba\u011fl\u0131l\u0131k:<\/strong> Kat\u0131l\u0131mc\u0131lar\u0131m\u0131z\u0131n mesleki geli\u015fimi konusunda tutkuluyuz.<\/p>\n<p><strong>\ud83c\udfc6 Kalite:<\/strong> Programlar\u0131m\u0131z bireysel ve en y\u00fcksek kalitededir.<\/p>\n<p><strong>\ud83e\udd1d Ortakl\u0131k:<\/strong> \u0130stihdam b\u00fcrolar\u0131, \u015firketler ve sosyal kurulu\u015flarla i\u015fbirli\u011fi yaparak g\u00fc\u00e7l\u00fc a\u011flar olu\u015fturuyoruz.<\/p>\n<hr \/>\n<p><a href=\"https:\/\/delingvo.de\/tr\/\">DeLingvo UG<\/a> Bu misyon ifadesini gururla ya\u015famakta ve kat\u0131l\u0131mc\u0131lar\u0131m\u0131z\u0131n mesleki geli\u015fimine ve ya\u015famlar\u0131n\u0131n iyile\u015ftirilmesine aktif olarak katk\u0131da bulunmaktad\u0131r.<\/p>","protected":false},"excerpt":{"rendered":"<p>Unser Leitbild\u00a0 \ud83c\udf1f Unsere Vision DeLingvo UG ist ein Bildungstr\u00e4ger aus Hamburg, der fest daran glaubt, dass jeder Mensch au\u00dfergew\u00f6hnliches [&hellip;]<\/p>\n","protected":false},"author":1,"featured_media":0,"parent":0,"menu_order":0,"comment_status":"closed","ping_status":"closed","template":"","meta":{"footnotes":""},"class_list":["post-4322","page","type-page","status-publish","hentry"],"_links":{"self":[{"href":"https:\/\/delingvo.de\/tr\/wp-json\/wp\/v2\/pages\/4322","targetHints":{"allow":["GET"]}}],"collection":[{"href":"https:\/\/delingvo.de\/tr\/wp-json\/wp\/v2\/pages"}],"about":[{"href":"https:\/\/delingvo.de\/tr\/wp-json\/wp\/v2\/types\/page"}],"author":[{"embeddable":true,"href":"https:\/\/delingvo.de\/tr\/wp-json\/wp\/v2\/users\/1"}],"replies":[{"embeddable":true,"href":"https:\/\/delingvo.de\/tr\/wp-json\/wp\/v2\/comments?post=4322"}],"version-history":[{"count":2,"href":"https:\/\/delingvo.de\/tr\/wp-json\/wp\/v2\/pages\/4322\/revisions"}],"predecessor-version":[{"id":5174,"href":"https:\/\/delingvo.de\/tr\/wp-json\/wp\/v2\/pages\/4322\/revisions\/5174"}],"wp:attachment":[{"href":"https:\/\/delingvo.de\/tr\/wp-json\/wp\/v2\/media?parent=4322"}],"curies":[{"name":"wp","href":"https:\/\/api.w.org\/{rel}","templated":true}]}}