{"id":4536,"date":"2024-08-01T09:51:09","date_gmt":"2024-08-01T09:51:09","guid":{"rendered":"https:\/\/wp.themepure.net\/acadia\/?page_id=4536"},"modified":"2025-11-24T17:36:56","modified_gmt":"2025-11-24T17:36:56","slug":"hakkimizda-delingvo","status":"publish","type":"page","link":"https:\/\/delingvo.de\/tr\/ueber-uns-delingvo\/","title":{"rendered":"\u00dcber uns DeLingvo"},"content":{"rendered":"<div data-elementor-type=\"wp-page\" data-elementor-id=\"4536\" class=\"elementor elementor-4536\">\n\t\t\t\t<div class=\"elementor-element elementor-element-48d4b16 e-con-full e-flex e-con e-parent\" data-id=\"48d4b16\" data-element_type=\"container\" data-e-type=\"container\" data-settings=\"{&quot;background_background&quot;:&quot;classic&quot;}\">\n\t\t<div class=\"elementor-element elementor-element-b420351 e-flex e-con-boxed e-con e-child\" data-id=\"b420351\" data-element_type=\"container\" data-e-type=\"container\">\n\t\t\t\t\t<div class=\"e-con-inner\">\n\t\t\t\t<div class=\"elementor-element elementor-element-08aa68c elementor-widget elementor-widget-tp-heading\" data-id=\"08aa68c\" data-element_type=\"widget\" data-e-type=\"widget\" data-settings=\"{&quot;tp_anima_type&quot;:&quot;fadeInUp&quot;}\" data-widget_type=\"tp-heading.default\">\n\t\t\t\t<div class=\"elementor-widget-container\">\n\t\t\t\t\t\r\n\t\t\r\n\t\t\t<div class=\"tp-section tp-el-section align-box mb-40 wow fadeInUp\" data-wow-duration=\"1.5s\" data-wow-delay=\"0.3s\">\r\n\r\n\t\t\t\t\t\t\t\t\t<h5 class=\"tp-section-3-subtitle tp-el-subtitle\">\r\n\t\t\t\t\t\tHakkimizda\n\t\t\t\t\t<\/h5>\r\n\t\t\t\t\r\n\t\t\t\t<h2 class=\"tp-section-3-title tp-el-span-image  tp-el-acadia-title tp-hero-2-title tp-el-title\">Almanca kurslar\u0131 sunuyoruz<br>\nHamburg'da en iyi kalitede<\/h2>\r\n\t\t\t\t\t\t\t<\/div>\r\n\r\n\t\t\t\t\t\t<\/div>\n\t\t\t\t<\/div>\n\t\t\t\t\t<\/div>\n\t\t\t\t<\/div>\n\t\t\t\t<\/div>\n\t\t<div class=\"elementor-element elementor-element-63fbd87 e-flex e-con-boxed e-con e-child\" data-id=\"63fbd87\" data-element_type=\"container\" data-e-type=\"container\">\n\t\t\t\t\t<div class=\"e-con-inner\">\n\t\t<div class=\"elementor-element elementor-element-af117d5 e-con-full e-flex e-con e-child\" data-id=\"af117d5\" data-element_type=\"container\" data-e-type=\"container\">\n\t\t\t\t<div class=\"elementor-element elementor-element-8520999 elementor-widget elementor-widget-tp-icon-box\" data-id=\"8520999\" data-element_type=\"widget\" data-e-type=\"widget\" data-settings=\"{&quot;tp_anima_type&quot;:&quot;fadeInUp&quot;}\" data-widget_type=\"tp-icon-box.default\">\n\t\t\t\t<div class=\"elementor-widget-container\">\n\t\t\t\t\t\r\n\t\t\r\n\t\t\t<div class=\"tp-tutor-item about text-center tp-el-section mb-30 wow fadeInUp\" data-wow-duration=\"1.5s\" data-wow-delay=\"0.3s\">\r\n\t\t\t\t<div class=\"tp-tutor-icon tp-icon-box-icon\">\r\n\t\t\t\t\t            <span class=\"tp-icon_box-image-icon\">\r\n                            <img decoding=\"async\" src=\"https:\/\/wp.themepure.net\/acadia\/wp-content\/uploads\/2024\/08\/Group.png\" alt=\"\" title=\"\">\r\n                    <\/span>\r\n    \t\t\t\t<\/div>\r\n\t\t\t\t<div class=\"tp-tutor-content\">\r\n\r\n\t\t\t\t\t\t\t\t\t\t\t<h4 class=\"tp-category-title tp-el-title\">\r\n\t\t\t\t\t\t\tProfesyonel E\u011fitimciler\t\t\t\t\t\t<\/h4>\r\n\t\t\t\t\t\t\t\t\t\t\t\t\t\t\t\t<p class=\"tp-el-content\">\r\n\t\t\t\t\t\t\tUzmanlar\u0131m\u0131zdan ki\u015fisel destek al\u0131n.\n\n\t\t\t\t\t\t<\/p>\r\n\t\t\t\t\t\t\t\t\t<\/div>\r\n\t\t\t<\/div>\r\n\r\n\t\t\r\n\t\t\t\t\t\t<\/div>\n\t\t\t\t<\/div>\n\t\t\t\t<\/div>\n\t\t<div class=\"elementor-element elementor-element-28c1ff4 e-con-full e-flex e-con e-child\" data-id=\"28c1ff4\" data-element_type=\"container\" data-e-type=\"container\">\n\t\t\t\t<div class=\"elementor-element elementor-element-ee29634 elementor-widget elementor-widget-tp-icon-box\" data-id=\"ee29634\" data-element_type=\"widget\" data-e-type=\"widget\" data-settings=\"{&quot;tp_anima_type&quot;:&quot;fadeInUp&quot;}\" data-widget_type=\"tp-icon-box.default\">\n\t\t\t\t<div class=\"elementor-widget-container\">\n\t\t\t\t\t\r\n\t\t\r\n\t\t\t<div class=\"tp-tutor-item about text-center tp-el-section mb-30 wow fadeInUp\" data-wow-duration=\"1.7s\" data-wow-delay=\"0.3s\">\r\n\t\t\t\t<div class=\"tp-tutor-icon tp-icon-box-icon\">\r\n\t\t\t\t\t            <span class=\"tp-icon_box-image-icon\">\r\n                            <img decoding=\"async\" src=\"https:\/\/wp.themepure.net\/acadia\/wp-content\/uploads\/2024\/08\/icon6.png\" alt=\"\" title=\"\">\r\n                    <\/span>\r\n    \t\t\t\t<\/div>\r\n\t\t\t\t<div class=\"tp-tutor-content\">\r\n\r\n\t\t\t\t\t\t\t\t\t\t\t<h4 class=\"tp-category-title tp-el-title\">\r\n\t\t\t\t\t\t\tGer\u00e7ek zamanl\u0131 destek\t\t\t\t\t\t<\/h4>\r\n\t\t\t\t\t\t\t\t\t\t\t\t\t\t\t\t<p class=\"tp-el-content\">\r\n\t\t\t\t\t\t\tUzmanlar\u0131m\u0131zdan bireysel destek al\u0131n.\t\t\t\t\t\t<\/p>\r\n\t\t\t\t\t\t\t\t\t<\/div>\r\n\t\t\t<\/div>\r\n\r\n\t\t\r\n\t\t\t\t\t\t<\/div>\n\t\t\t\t<\/div>\n\t\t\t\t<\/div>\n\t\t<div class=\"elementor-element elementor-element-69fd6f9 e-con-full e-flex e-con e-child\" data-id=\"69fd6f9\" data-element_type=\"container\" data-e-type=\"container\">\n\t\t\t\t<div class=\"elementor-element elementor-element-b127c20 elementor-widget elementor-widget-tp-icon-box\" data-id=\"b127c20\" data-element_type=\"widget\" data-e-type=\"widget\" data-settings=\"{&quot;tp_anima_type&quot;:&quot;fadeInUp&quot;}\" data-widget_type=\"tp-icon-box.default\">\n\t\t\t\t<div class=\"elementor-widget-container\">\n\t\t\t\t\t\r\n\t\t\r\n\t\t\t<div class=\"tp-tutor-item about text-center tp-el-section mb-30 wow fadeInUp\" data-wow-duration=\"1.9s\" data-wow-delay=\"0.3s\">\r\n\t\t\t\t<div class=\"tp-tutor-icon tp-icon-box-icon\">\r\n\t\t\t\t\t            <span class=\"tp-icon_box-image-icon\">\r\n                            <img decoding=\"async\" src=\"https:\/\/wp.themepure.net\/acadia\/wp-content\/uploads\/2024\/08\/icon5.png\" alt=\"\" title=\"\">\r\n                    <\/span>\r\n    \t\t\t\t<\/div>\r\n\t\t\t\t<div class=\"tp-tutor-content\">\r\n\r\n\t\t\t\t\t\t\t\t\t\t\t<h4 class=\"tp-category-title tp-el-title\">\r\n\t\t\t\t\t\t\tBa\u015far\u0131 yan\u0131n\u0131zda\t\t\t\t\t\t<\/h4>\r\n\t\t\t\t\t\t\t\t\t\t\t\t\t\t\t\t<p class=\"tp-el-content\">\r\n\t\t\t\t\t\t\tBa\u015far\u0131n\u0131z i\u00e7in \u2013 s\u0131navlarda ve i\u015f hayat\u0131nda \u2013 yan\u0131n\u0131zday\u0131z.\t\t\t\t\t\t<\/p>\r\n\t\t\t\t\t\t\t\t\t<\/div>\r\n\t\t\t<\/div>\r\n\r\n\t\t\r\n\t\t\t\t\t\t<\/div>\n\t\t\t\t<\/div>\n\t\t\t\t<\/div>\n\t\t\t\t\t<\/div>\n\t\t\t\t<\/div>\n\t\t<div class=\"elementor-element elementor-element-54aef36c e-flex e-con-boxed e-con e-parent\" data-id=\"54aef36c\" data-element_type=\"container\" data-e-type=\"container\">\n\t\t\t\t\t<div class=\"e-con-inner\">\n\t\t<div class=\"elementor-element elementor-element-9ba9ca8 e-con-full e-flex e-con e-child\" data-id=\"9ba9ca8\" data-element_type=\"container\" data-e-type=\"container\">\n\t\t<div class=\"elementor-element elementor-element-30252c89 e-con-full e-flex e-con e-child\" data-id=\"30252c89\" data-element_type=\"container\" data-e-type=\"container\">\n\t\t<div class=\"elementor-element elementor-element-19f1d58f e-con-full e-flex e-con e-child\" data-id=\"19f1d58f\" data-element_type=\"container\" data-e-type=\"container\" data-settings=\"{&quot;background_background&quot;:&quot;gradient&quot;}\">\n\t\t\t\t<div class=\"elementor-element elementor-element-55f0d7c8 elementor-widget elementor-widget-image\" data-id=\"55f0d7c8\" data-element_type=\"widget\" data-e-type=\"widget\" data-widget_type=\"image.default\">\n\t\t\t\t\t\t\t\t\t\t\t\t\t\t\t<img decoding=\"async\" width=\"20\" height=\"20\" src=\"https:\/\/delingvo.de\/wp-content\/uploads\/2025\/11\/icon4.png\" class=\"attachment-full size-full wp-image-15901\" alt=\"\" title=\"\">\t\t\t\t\t\t\t\t\t\t\t\t\t\t\t<\/div>\n\t\t\t\t<\/div>\n\t\t\t\t<div class=\"elementor-element elementor-element-3b5d126b elementor-widget elementor-widget-heading\" data-id=\"3b5d126b\" data-element_type=\"widget\" data-e-type=\"widget\" data-widget_type=\"heading.default\">\n\t\t\t\t\t<h2 class=\"elementor-heading-title elementor-size-default\">Kurslar\u0131m\u0131z hakk\u0131nda daha fazla bilgi edinin<\/h2>\t\t\t\t<\/div>\n\t\t\t\t<\/div>\n\t\t\t\t<div class=\"elementor-element elementor-element-27019c8 elementor-widget elementor-widget-heading\" data-id=\"27019c8\" data-element_type=\"widget\" data-e-type=\"widget\" data-widget_type=\"heading.default\">\n\t\t\t\t\t<h2 class=\"elementor-heading-title elementor-size-default\"><h2 class=\"tp-section-3-title tp-el-span-image  tp-el-acadia-title tp-hero-2-title tp-el-title\" style=\"margin-bottom: 0px;font-weight: 600;font-size: 50px;font-family: Outfit, sans-serif;letter-spacing: -1px\">E\u015fsiz \u00f6\u011frenme deneyimleri<br>yarat\u0131yoruz.<\/h2><\/h2>\t\t\t\t<\/div>\n\t\t\t\t<div class=\"elementor-element elementor-element-7ae48c2 elementor-widget elementor-widget-text-editor\" data-id=\"7ae48c2\" data-element_type=\"widget\" data-e-type=\"widget\" data-widget_type=\"text-editor.default\">\n\t\t\t\t\t\t\t\t\t<p>DeLingvo, Almanya'da Almanca kurslar\u0131 ve entegrasyon i\u00e7in lider adresinizdir. $\\S$ 178 SGB III uyar\u0131nca AZAV sertifikal\u0131 bir e\u011fitim sa\u011flay\u0131c\u0131s\u0131 olarak, d\u00fcnyan\u0131n her yerinden insanlara y\u00fcksek kaliteli dil kurslar\u0131 ve mesleki e\u011fitim tedbirleri sunuyoruz. Misyonumuz, size Almanya'da ba\u015far\u0131l\u0131 bir ya\u015fam ve \u00e7al\u0131\u015fma yolunu \u2013 dilsel, mesleki ve k\u00fclt\u00fcrel olarak \u2013 a\u00e7makt\u0131r.<\/p><p>A1'den C1'e kadar, hem k\u00fc\u00e7\u00fck gruplar halinde hem de bireysel, y\u00fcz y\u00fcze veya \u00e7evrimi\u00e7i olarak, esnek ve amaca y\u00f6nelik tasarlanm\u0131\u015f uygulamaya d\u00f6n\u00fck Almanca kurslar\u0131 sunuyoruz. Ayr\u0131ca, uzmanlar, mesle\u011fe yeni ba\u015flayanlar ve entegrasyon hedefleri olan g\u00f6\u00e7menler i\u00e7in ideal olan, AZAV destekli mesleki e\u011fitim tedbirleri ger\u00e7ekle\u015ftiriyoruz. Uluslararas\u0131 doktorlar i\u00e7in ise, t\u0131bbi terminolojiye, hasta g\u00f6r\u00fc\u015fmelerine ve s\u0131nav stratejilerine odaklanarak, T\u0131bbi Uzmanl\u0131k Dili S\u0131nav\u0131 (C1) i\u00e7in hedefli haz\u0131rl\u0131k kurslar\u0131 sunuyoruz.<\/p><p>Dahas\u0131, kurslar\u0131m\u0131z dilsel, metodolojik ve resmi gereksinimlerin g\u00fcvenle \u00fcstesinden gelmek i\u00e7in Goethe, telc, TestDaF ve DSH gibi sertifikalara y\u00f6nelik hedefli haz\u0131rl\u0131k sunar. Buna ek olarak, h\u0131zl\u0131 ve ba\u015far\u0131l\u0131 entegrasyonu desteklemek amac\u0131yla Alman k\u00fclt\u00fcr\u00fc, toplumu ve i\u015f hayat\u0131 hakk\u0131nda at\u00f6lye \u00e7al\u0131\u015fmalar\u0131 ve oryantasyon kurslar\u0131 sunuyoruz.<\/p><p>Organizasyonel sorular\u0131n\u0131zda, ba\u015fvurularda, resmi i\u015flemlerde ve Almanya'daki mesleki oryantasyonunuzda size g\u00fcvenilir ve \u00e7ok dilli bir \u015fekilde ki\u015fisel olarak e\u015flik ediyoruz. Deneyimli \u00f6\u011fretim g\u00f6revlileri, modern \u00f6\u011fretim y\u00f6ntemleri, dijital ara\u00e7lar ve bireysel \u00f6\u011frenme rehberli\u011fi ile ki\u015fisel ve destekleyici bir \u00f6\u011frenme atmosferi yarat\u0131yoruz.<\/p><p>B\u00fcy\u00fcyen toplulu\u011fumuzun bir par\u00e7as\u0131 olun ve dil yeterlili\u011fi ve entegrasyon i\u00e7in g\u00fc\u00e7l\u00fc orta\u011f\u0131n\u0131z olan DeLingvo ile Almanya'daki gelece\u011finizi ba\u015flat\u0131n.<\/p>\t\t\t\t\t\t\t\t<\/div>\n\t\t\t\t<\/div>\n\t\t<div class=\"elementor-element elementor-element-68c7fb96 e-con-full e-flex e-con e-child\" data-id=\"68c7fb96\" data-element_type=\"container\" data-e-type=\"container\">\n\t\t\t\t<div class=\"elementor-element elementor-element-27753dc8 elementor-widget__width-initial elementor-widget elementor-widget-text-editor\" data-id=\"27753dc8\" data-element_type=\"widget\" data-e-type=\"widget\" data-widget_type=\"text-editor.default\">\n\t\t\t\t\t\t\t\t\t<div style=\"font-family: Arial, sans-serif; font-size: 16px; line-height: 1.6; width: 100%;\">\n  <div style=\"width: 100%; border-bottom: 1px dashed #999; margin-bottom: 15px; padding: 8px 0 12px 0;\">\n    Telefon: \n    <a style=\"color: #555;\" href=\"tel:+494023813117\">+49 4023813117<\/a>\n  <\/div>\n  \n  <div style=\"width: 100%; border-bottom: 1px dashed #999; margin-bottom: 15px; padding: 8px 0 12px 0;\">\n    E-Mail: \n    <a style=\"color: #555;\" href=\"mailto:info@delingvo.de\">info@delingvo.de<\/a>\n  <\/div>\n  \n  <div style=\"width: 100%; border-bottom: 1px dashed #999; margin-bottom: 15px; padding: 8px 0 15px 0;\">\n    Web sitesi: \n    <a style=\"text-decoration: underline; color: #555;\" href=\"https:\/\/delingvo.de\/tr\/\" target=\"_blank\" rel=\"noopener\">\n      www.delingvo.de\n    <\/a>\n  <\/div>\n<\/div>\t\t\t\t\t\t\t\t<\/div>\n\t\t\t\t<div class=\"elementor-element elementor-element-15ed67c6 elementor-widget elementor-widget-google_maps\" data-id=\"15ed67c6\" data-element_type=\"widget\" data-e-type=\"widget\" data-widget_type=\"google_maps.default\">\n\t\t\t\t\t\t\t<div class=\"elementor-custom-embed\">\n\t\t\t<iframe loading=\"lazy\"\n\t\t\t\t\tsrc=\"https:\/\/maps.google.com\/maps?q=Wendenstra%C3%9Fe%2029%2C%2020097%20Hamburg&#038;t=m&#038;z=14&#038;output=embed&#038;iwloc=near\"\n\t\t\t\t\ttitle=\"Wendenstra\u00dfe 29, 20097 Hamburg\"\n\t\t\t\t\taria-label=\"Wendenstra\u00dfe 29, 20097 Hamburg\"\n\t\t\t><\/iframe>\n\t\t<\/div>\n\t\t\t\t\t\t<\/div>\n\t\t\t\t<div class=\"elementor-element elementor-element-3c69d23f elementor-widget elementor-widget-image\" data-id=\"3c69d23f\" data-element_type=\"widget\" data-e-type=\"widget\" data-widget_type=\"image.default\">\n\t\t\t\t\t\t\t\t\t\t\t\t\t\t\t<img fetchpriority=\"high\" decoding=\"async\" width=\"600\" height=\"400\" src=\"https:\/\/delingvo.de\/wp-content\/uploads\/2025\/11\/AZAV-Zertifizierung-600x400-1.webp\" class=\"attachment-medium size-medium wp-image-15905\" alt=\"\" title=\"\">\t\t\t\t\t\t\t\t\t\t\t\t\t\t\t<\/div>\n\t\t\t\t<div class=\"elementor-element elementor-element-ae5af65 elementor-align-left elementor-widget elementor-widget-button\" data-id=\"ae5af65\" data-element_type=\"widget\" data-e-type=\"widget\" data-widget_type=\"button.default\">\n\t\t\t\t\t\t\t\t\t\t<a class=\"elementor-button elementor-button-link elementor-size-sm\" href=\"\/tr\/kayit-formu\/\">\n\t\t\t\t\t\t<span class=\"elementor-button-content-wrapper\">\n\t\t\t\t\t\t\t\t\t<span class=\"elementor-button-text\">Kursunuzu Bulun<\/span>\n\t\t\t\t\t<\/span>\n\t\t\t\t\t<\/a>\n\t\t\t\t\t\t\t\t<\/div>\n\t\t\t\t<\/div>\n\t\t\t\t\t<\/div>\n\t\t\t\t<\/div>\n\t\t<div class=\"elementor-element elementor-element-bf68945 e-flex e-con-boxed e-con e-parent\" data-id=\"bf68945\" data-element_type=\"container\" data-e-type=\"container\" data-settings=\"{&quot;background_background&quot;:&quot;classic&quot;}\">\n\t\t\t\t\t<div class=\"e-con-inner\">\n\t\t<div class=\"elementor-element elementor-element-052e76c e-con-full e-flex e-con e-child\" data-id=\"052e76c\" data-element_type=\"container\" data-e-type=\"container\">\n\t\t<div class=\"elementor-element elementor-element-6e54787 e-con-full e-flex e-con e-child\" data-id=\"6e54787\" data-element_type=\"container\" data-e-type=\"container\">\n\t\t\t\t<div class=\"elementor-element elementor-element-fdf116c elementor-widget elementor-widget-tp-counter\" data-id=\"fdf116c\" data-element_type=\"widget\" data-e-type=\"widget\" data-widget_type=\"tp-counter.default\">\n\t\t\t\t<div class=\"elementor-widget-container\">\n\t\t\t\t\t\r\n    \r\n      <div class=\"tp-counter-item text-center tp-el-section\">\r\n                  <span class=\"tp-acadia-counter-border\"><\/span>\r\n                <h3 class=\"tp-counter-count mb-10 tp_counter_title_align\">\r\n          \r\n          <i data-purecounter-duration=\"1\" data-purecounter-end=\"10\" class=\"tp-el-counter-number purecounter\">0<\/i>\r\n\r\n                  <\/h3>\r\n\r\n        <p class=\"tp-el-counter-title tp_counter_title_align\">Unsere Filialen f\u00fcr Sie im Einsatz\n\n<\/p>      <\/div>\r\n\r\n    \r\n    \t\t\t\t<\/div>\n\t\t\t\t<\/div>\n\t\t\t\t<\/div>\n\t\t<div class=\"elementor-element elementor-element-4d02625 e-con-full e-flex e-con e-child\" data-id=\"4d02625\" data-element_type=\"container\" data-e-type=\"container\">\n\t\t\t\t<div class=\"elementor-element elementor-element-c3975ac elementor-widget elementor-widget-tp-counter\" data-id=\"c3975ac\" data-element_type=\"widget\" data-e-type=\"widget\" data-widget_type=\"tp-counter.default\">\n\t\t\t\t<div class=\"elementor-widget-container\">\n\t\t\t\t\t\r\n    \r\n      <div class=\"tp-counter-item text-center tp-el-section\">\r\n                  <span class=\"tp-acadia-counter-border\"><\/span>\r\n                <h3 class=\"tp-counter-count mb-10 tp_counter_title_align\">\r\n          \r\n          <i data-purecounter-duration=\"1\" data-purecounter-end=\"25\" class=\"tp-el-counter-number purecounter\">0<\/i>\r\n\r\n                      <span class=\"tp-el-counter-suffix\">\r\n              +            <\/span>\r\n                  <\/h3>\r\n\r\n        <p class=\"tp-el-counter-title tp_counter_title_align\">Kurslar\u0131m\u0131z<br>\nHer seviye i\u00e7in<\/p>      <\/div>\r\n\r\n    \r\n    \t\t\t\t<\/div>\n\t\t\t\t<\/div>\n\t\t\t\t<\/div>\n\t\t<div class=\"elementor-element elementor-element-c22d15c e-con-full e-flex e-con e-child\" data-id=\"c22d15c\" data-element_type=\"container\" data-e-type=\"container\">\n\t\t\t\t<div class=\"elementor-element elementor-element-a241ec3 elementor-widget elementor-widget-tp-counter\" data-id=\"a241ec3\" data-element_type=\"widget\" data-e-type=\"widget\" data-widget_type=\"tp-counter.default\">\n\t\t\t\t<div class=\"elementor-widget-container\">\n\t\t\t\t\t\r\n    \r\n      <div class=\"tp-counter-item text-center tp-el-section\">\r\n                  <span class=\"tp-acadia-counter-border\"><\/span>\r\n                <h3 class=\"tp-counter-count mb-10 tp_counter_title_align\">\r\n          \r\n          <i data-purecounter-duration=\"1\" data-purecounter-end=\"250\" class=\"tp-el-counter-number purecounter\">0<\/i>\r\n\r\n                      <span class=\"tp-el-counter-suffix\">\r\n              +            <\/span>\r\n                  <\/h3>\r\n\r\n        <p class=\"tp-el-counter-title tp_counter_title_align\">Ba\u015far\u0131l\u0131 \u00f6\u011frenciler\n<\/p>      <\/div>\r\n\r\n    \r\n    \t\t\t\t<\/div>\n\t\t\t\t<\/div>\n\t\t\t\t<\/div>\n\t\t<div class=\"elementor-element elementor-element-c17d9cc e-con-full e-flex e-con e-child\" data-id=\"c17d9cc\" data-element_type=\"container\" data-e-type=\"container\">\n\t\t\t\t<div class=\"elementor-element elementor-element-967b534 elementor-widget elementor-widget-tp-counter\" data-id=\"967b534\" data-element_type=\"widget\" data-e-type=\"widget\" data-widget_type=\"tp-counter.default\">\n\t\t\t\t<div class=\"elementor-widget-container\">\n\t\t\t\t\t\r\n    \r\n      <div class=\"tp-counter-item text-center tp-el-section\">\r\n                <h3 class=\"tp-counter-count mb-10 tp_counter_title_align\">\r\n          \r\n          <i data-purecounter-duration=\"1\" data-purecounter-end=\"5\" class=\"tp-el-counter-number purecounter\">0<\/i>\r\n\r\n                  <\/h3>\r\n\r\n        <p class=\"tp-el-counter-title tp_counter_title_align\">Deneyimli E\u011fitmenler<\/p>      <\/div>\r\n\r\n    \r\n    \t\t\t\t<\/div>\n\t\t\t\t<\/div>\n\t\t\t\t<\/div>\n\t\t\t\t<\/div>\n\t\t\t\t\t<\/div>\n\t\t\t\t<\/div>\n\t\t\t\t<\/div>","protected":false},"excerpt":{"rendered":"<p>\u00dcber uns Wir bieten Deutschkurse von bester Qualit\u00e4t in Hamburg an Professional Educators Erhalten Sie pers\u00f6nliche Unterst\u00fctzung von unseren Fachexperten. [&hellip;]<\/p>\n","protected":false},"author":64,"featured_media":0,"parent":0,"menu_order":0,"comment_status":"closed","ping_status":"closed","template":"elementor_header_footer","meta":{"footnotes":""},"class_list":["post-4536","page","type-page","status-publish","hentry"],"_links":{"self":[{"href":"https:\/\/delingvo.de\/tr\/wp-json\/wp\/v2\/pages\/4536","targetHints":{"allow":["GET"]}}],"collection":[{"href":"https:\/\/delingvo.de\/tr\/wp-json\/wp\/v2\/pages"}],"about":[{"href":"https:\/\/delingvo.de\/tr\/wp-json\/wp\/v2\/types\/page"}],"author":[{"embeddable":true,"href":"https:\/\/delingvo.de\/tr\/wp-json\/wp\/v2\/users\/64"}],"replies":[{"embeddable":true,"href":"https:\/\/delingvo.de\/tr\/wp-json\/wp\/v2\/comments?post=4536"}],"version-history":[{"count":13,"href":"https:\/\/delingvo.de\/tr\/wp-json\/wp\/v2\/pages\/4536\/revisions"}],"predecessor-version":[{"id":15915,"href":"https:\/\/delingvo.de\/tr\/wp-json\/wp\/v2\/pages\/4536\/revisions\/15915"}],"wp:attachment":[{"href":"https:\/\/delingvo.de\/tr\/wp-json\/wp\/v2\/media?parent=4536"}],"curies":[{"name":"wp","href":"https:\/\/api.w.org\/{rel}","templated":true}]}}