{"id":4674,"date":"2025-03-27T08:52:38","date_gmt":"2025-03-27T08:52:38","guid":{"rendered":"https:\/\/delingvo.de\/?page_id=4674"},"modified":"2025-06-26T06:08:23","modified_gmt":"2025-06-26T06:08:23","slug":"veri%cc%87-koruma","status":"publish","type":"page","link":"https:\/\/delingvo.de\/tr\/datenschutz\/","title":{"rendered":"Veri koruma"},"content":{"rendered":"<p class=\"\" data-start=\"145\" data-end=\"185\"><strong data-start=\"145\" data-end=\"185\"><span style=\"vertical-align: inherit;\"><span style=\"vertical-align: inherit;\">DeLingvo UG Gizlilik Politikas\u0131<\/span><\/span><\/strong><\/p>\n<p class=\"\" data-start=\"187\" data-end=\"210\"><strong data-start=\"187\" data-end=\"210\"><span style=\"vertical-align: inherit;\"><span style=\"vertical-align: inherit;\">1. sorumlu ki\u015fi<\/span><\/span><\/strong><\/p>\n<p class=\"\" data-start=\"212\" data-end=\"358\"><span style=\"vertical-align: inherit;\"><span style=\"vertical-align: inherit;\">DeLingvo UG <\/span><\/span><br data-start=\"223\" data-end=\"226\" \/><span style=\"vertical-align: inherit;\"><span style=\"vertical-align: inherit;\">Wendenstrasse 29 <\/span><\/span><br data-start=\"241\" data-end=\"244\" \/><span style=\"vertical-align: inherit;\"><span style=\"vertical-align: inherit;\">20097 Hamburg <\/span><\/span><br data-start=\"257\" data-end=\"260\" \/><span style=\"vertical-align: inherit;\"><span style=\"vertical-align: inherit;\">Almanya <\/span><\/span><br data-start=\"271\" data-end=\"274\" \/><span style=\"vertical-align: inherit;\"><span style=\"vertical-align: inherit;\">Telefon: 040 23813117 <\/span><\/span><br data-start=\"295\" data-end=\"298\" \/><span style=\"vertical-align: inherit;\"><span style=\"vertical-align: inherit;\">E-posta: <\/span><\/span><a class=\"cursor-pointer\" rel=\"noopener\" data-start=\"306\" data-end=\"322\"><span style=\"vertical-align: inherit;\"><span style=\"vertical-align: inherit;\">info@delingvo.de <\/span><\/span><\/a><br data-start=\"322\" data-end=\"325\" \/><strong data-start=\"325\" data-end=\"358\"><span style=\"vertical-align: inherit;\"><span style=\"vertical-align: inherit;\">Temsilci: Fuad Babayev<\/span><\/span><\/strong><\/p>\n<p class=\"\" data-start=\"360\" data-end=\"386\"><strong data-start=\"360\" data-end=\"386\"><span style=\"vertical-align: inherit;\"><span style=\"vertical-align: inherit;\">2. genel bi\u0307lgi\u0307ler<\/span><\/span><\/strong><\/p>\n<p class=\"\" data-start=\"388\" data-end=\"615\"><span style=\"vertical-align: inherit;\"><span style=\"vertical-align: inherit;\">DeLingvo UG olarak ki\u015fisel verilerinizin korunmas\u0131n\u0131 \u00e7ok ciddiye al\u0131yoruz. Ki\u015fisel verileriniz gizli bir \u015fekilde ve yasal veri koruma d\u00fczenlemelerine ve bu gizlilik politikas\u0131na uygun olarak ele al\u0131nacakt\u0131r.<\/span><\/span><\/p>\n<p class=\"\" data-start=\"617\" data-end=\"673\"><strong data-start=\"617\" data-end=\"673\"><span style=\"vertical-align: inherit;\"><span style=\"vertical-align: inherit;\">3. Ki\u015fisel verilerin toplanmas\u0131 ve i\u015flenmesi<\/span><\/span><\/strong><\/p>\n<p class=\"\" data-start=\"675\" data-end=\"930\"><span style=\"vertical-align: inherit;\"><span style=\"vertical-align: inherit;\">Ki\u015fisel verileri yaln\u0131zca bizimle ileti\u015fime ge\u00e7erken veya kay\u0131t olurken g\u00f6n\u00fcll\u00fc olarak bize vermeniz halinde toplar\u0131z. Bu verileri yaln\u0131zca sorular\u0131n\u0131z\u0131 i\u015flemek ve hizmetlerimizi sunmak i\u00e7in kullan\u0131r\u0131z.<\/span><\/span><\/p>\n<p class=\"\" data-start=\"932\" data-end=\"976\"><strong data-start=\"932\" data-end=\"976\"><span style=\"vertical-align: inherit;\"><span style=\"vertical-align: inherit;\">4. web sitemizde veri i\u015fleme<\/span><\/span><\/strong><\/p>\n<p class=\"\" data-start=\"978\" data-end=\"1075\"><span style=\"vertical-align: inherit;\"><span style=\"vertical-align: inherit;\">Web sitemizi ziyaret etti\u011finizde, a\u015fa\u011f\u0131dakiler de dahil olmak \u00fczere bilgiler (sunucu g\u00fcnl\u00fck dosyalar\u0131) otomatik olarak toplan\u0131r:<\/span><\/span><\/p>\n<ul data-start=\"1077\" data-end=\"1236\">\n<li class=\"\" data-start=\"1077\" data-end=\"1104\">\n<p class=\"\" data-start=\"1079\" data-end=\"1104\"><span style=\"vertical-align: inherit;\"><span style=\"vertical-align: inherit;\">Taray\u0131c\u0131 t\u00fcr\u00fc ve s\u00fcr\u00fcm\u00fc<\/span><\/span><\/p>\n<\/li>\n<li class=\"\" data-start=\"1105\" data-end=\"1135\">\n<p class=\"\" data-start=\"1107\" data-end=\"1135\"><span style=\"vertical-align: inherit;\"><span style=\"vertical-align: inherit;\">Kullan\u0131lan i\u015fletim sistemi<\/span><\/span><\/p>\n<\/li>\n<li class=\"\" data-start=\"1136\" data-end=\"1152\">\n<p class=\"\" data-start=\"1138\" data-end=\"1152\"><span style=\"vertical-align: inherit;\"><span style=\"vertical-align: inherit;\">Y\u00f6nlendiren URL<\/span><\/span><\/p>\n<\/li>\n<li class=\"\" data-start=\"1153\" data-end=\"1191\">\n<p class=\"\" data-start=\"1155\" data-end=\"1191\"><span style=\"vertical-align: inherit;\"><span style=\"vertical-align: inherit;\">Eri\u015fen bilgisayar\u0131n ana bilgisayar ad\u0131<\/span><\/span><\/p>\n<\/li>\n<li class=\"\" data-start=\"1192\" data-end=\"1221\">\n<p class=\"\" data-start=\"1194\" data-end=\"1221\"><span style=\"vertical-align: inherit;\"><span style=\"vertical-align: inherit;\">Sunucu iste\u011finin zaman\u0131<\/span><\/span><\/p>\n<\/li>\n<li class=\"\" data-start=\"1222\" data-end=\"1236\">\n<p class=\"\" data-start=\"1224\" data-end=\"1236\"><span style=\"vertical-align: inherit;\"><span style=\"vertical-align: inherit;\">IP adresi<\/span><\/span><\/p>\n<\/li>\n<\/ul>\n<p class=\"\" data-start=\"1238\" data-end=\"1353\"><span style=\"vertical-align: inherit;\"><span style=\"vertical-align: inherit;\">Bu veriler belirli ki\u015filere atanamaz. Di\u011fer veri kaynaklar\u0131 ile birle\u015ftirilmemi\u015ftir.<\/span><\/span><\/p>\n<p class=\"\" data-start=\"1355\" data-end=\"1384\"><strong data-start=\"1355\" data-end=\"1384\"><span style=\"vertical-align: inherit;\"><span style=\"vertical-align: inherit;\">5. \u00e7erezlerin kullan\u0131m\u0131<\/span><\/span><\/strong><\/p>\n<p class=\"\" data-start=\"1386\" data-end=\"1688\"><span style=\"vertical-align: inherit;\"><span style=\"vertical-align: inherit;\">Web sitemizde \u00e7erezler kullan\u0131lmaktad\u0131r. Bunlar cihaz\u0131n\u0131za zarar vermez ve vir\u00fcs i\u00e7ermez. \u00c7erezler, hizmetimizi daha kullan\u0131c\u0131 dostu ve etkili hale getirmeye yarar. Taray\u0131c\u0131 yaz\u0131l\u0131m\u0131n\u0131z\u0131 uygun \u015fekilde ayarlayarak \u00e7erezlerin kaydedilmesini \u00f6nleyebilirsiniz.<\/span><\/span><\/p>\n<p class=\"\" data-start=\"1690\" data-end=\"1712\"><strong data-start=\"1690\" data-end=\"1712\"><span style=\"vertical-align: inherit;\"><span style=\"vertical-align: inherit;\">6. \u0130leti\u015fim<\/span><\/span><\/strong><\/p>\n<p class=\"\" data-start=\"1714\" data-end=\"1932\"><span style=\"vertical-align: inherit;\"><span style=\"vertical-align: inherit;\">Bizimle e-posta veya ileti\u015fim formu arac\u0131l\u0131\u011f\u0131yla ileti\u015fime ge\u00e7erseniz, sorgunuzu i\u015fleme koymak ve takip sorular\u0131 i\u00e7in bilgilerinizi kaydedece\u011fiz. Verileriniz a\u00e7\u0131k izniniz olmadan payla\u015f\u0131lmayacakt\u0131r.<\/span><\/span><\/p>\n<p class=\"\" data-start=\"1934\" data-end=\"1952\"><strong data-start=\"1934\" data-end=\"1952\"><span style=\"vertical-align: inherit;\"><span style=\"vertical-align: inherit;\">7. haklariniz<\/span><\/span><\/strong><\/p>\n<p class=\"\" data-start=\"1954\" data-end=\"1978\"><span style=\"vertical-align: inherit;\"><span style=\"vertical-align: inherit;\">Buna hakk\u0131n\u0131z var:<\/span><\/span><\/p>\n<ul data-start=\"1980\" data-end=\"2178\">\n<li class=\"\" data-start=\"1980\" data-end=\"2030\">\n<p class=\"\" data-start=\"1982\" data-end=\"2030\"><span style=\"vertical-align: inherit;\"><span style=\"vertical-align: inherit;\">Taraf\u0131m\u0131zca saklanan verileriniz hakk\u0131nda bilgiler<\/span><\/span><\/p>\n<\/li>\n<li class=\"\" data-start=\"2031\" data-end=\"2065\">\n<p class=\"\" data-start=\"2033\" data-end=\"2065\"><span style=\"vertical-align: inherit;\"><span style=\"vertical-align: inherit;\">Yanl\u0131\u015f verilerin d\u00fczeltilmesi<\/span><\/span><\/p>\n<\/li>\n<li class=\"\" data-start=\"2066\" data-end=\"2114\">\n<p class=\"\" data-start=\"2068\" data-end=\"2114\"><span style=\"vertical-align: inherit;\"><span style=\"vertical-align: inherit;\">\u0130\u015flemenin silinmesi veya k\u0131s\u0131tlanmas\u0131<\/span><\/span><\/p>\n<\/li>\n<li class=\"\" data-start=\"2115\" data-end=\"2153\">\n<p class=\"\" data-start=\"2117\" data-end=\"2153\"><span style=\"vertical-align: inherit;\"><span style=\"vertical-align: inherit;\">\u0130\u015flemeye itiraz<\/span><\/span><\/p>\n<\/li>\n<li class=\"\" data-start=\"2154\" data-end=\"2178\">\n<p class=\"\" data-start=\"2156\" data-end=\"2178\"><span style=\"vertical-align: inherit;\"><span style=\"vertical-align: inherit;\">Veri ta\u015f\u0131nabilirli\u011fi<\/span><\/span><\/p>\n<\/li>\n<\/ul>\n<p class=\"\" data-start=\"2180\" data-end=\"2228\"><span style=\"vertical-align: inherit;\"><span style=\"vertical-align: inherit;\">L\u00fctfen ileti\u015fime ge\u00e7in: <\/span><\/span><a class=\"cursor-pointer\" rel=\"noopener\" data-start=\"2212\" data-end=\"2228\"><span style=\"vertical-align: inherit;\"><span style=\"vertical-align: inherit;\">info@delingvo.de<\/span><\/span><\/a><\/p>\n<p class=\"\" data-start=\"2230\" data-end=\"2266\"><strong data-start=\"2230\" data-end=\"2266\"><span style=\"vertical-align: inherit;\"><span style=\"vertical-align: inherit;\">8. reklam e-postalar\u0131na itiraz<\/span><\/span><\/strong><\/p>\n<p class=\"\" data-start=\"2268\" data-end=\"2430\"><span style=\"vertical-align: inherit;\"><span style=\"vertical-align: inherit;\">\u0130leti\u015fim bilgilerimizin istenmeyen reklam ve bilgi materyalleri g\u00f6ndermek i\u00e7in kullan\u0131lmas\u0131 burada a\u00e7\u0131k\u00e7a yasaklanm\u0131\u015ft\u0131r.<\/span><\/span><\/p>\n<p class=\"\" data-start=\"2432\" data-end=\"2477\"><strong data-start=\"2432\" data-end=\"2477\"><span style=\"vertical-align: inherit;\"><span style=\"vertical-align: inherit;\">9 Bu Gizlilik Politikas\u0131ndaki De\u011fi\u015fiklikler<\/span><\/span><\/strong><\/p>\n<p class=\"\" data-start=\"2479\" data-end=\"2619\"><span style=\"vertical-align: inherit;\"><span style=\"vertical-align: inherit;\">Bu gizlilik politikas\u0131n\u0131 istedi\u011fimiz zaman de\u011fi\u015ftirme hakk\u0131m\u0131z sakl\u0131d\u0131r. En g\u00fcncel versiyonu web sitemizde bulabilirsiniz.<\/span><\/span><\/p>","protected":false},"excerpt":{"rendered":"<p>Privacy Policy of DeLingvo UG 1. Person responsible DeLingvo UG Wendenstra\u00dfe 29 20097 Hamburg Germany Phone: 040 23813117 Email: info@delingvo.de [&hellip;]<\/p>\n","protected":false},"author":1,"featured_media":0,"parent":0,"menu_order":0,"comment_status":"closed","ping_status":"closed","template":"","meta":{"footnotes":""},"class_list":["post-4674","page","type-page","status-publish","hentry"],"_links":{"self":[{"href":"https:\/\/delingvo.de\/tr\/wp-json\/wp\/v2\/pages\/4674","targetHints":{"allow":["GET"]}}],"collection":[{"href":"https:\/\/delingvo.de\/tr\/wp-json\/wp\/v2\/pages"}],"about":[{"href":"https:\/\/delingvo.de\/tr\/wp-json\/wp\/v2\/types\/page"}],"author":[{"embeddable":true,"href":"https:\/\/delingvo.de\/tr\/wp-json\/wp\/v2\/users\/1"}],"replies":[{"embeddable":true,"href":"https:\/\/delingvo.de\/tr\/wp-json\/wp\/v2\/comments?post=4674"}],"version-history":[{"count":1,"href":"https:\/\/delingvo.de\/tr\/wp-json\/wp\/v2\/pages\/4674\/revisions"}],"predecessor-version":[{"id":5152,"href":"https:\/\/delingvo.de\/tr\/wp-json\/wp\/v2\/pages\/4674\/revisions\/5152"}],"wp:attachment":[{"href":"https:\/\/delingvo.de\/tr\/wp-json\/wp\/v2\/media?parent=4674"}],"curies":[{"name":"wp","href":"https:\/\/api.w.org\/{rel}","templated":true}]}}