{"id":5001,"date":"2025-05-16T14:20:18","date_gmt":"2025-05-16T14:20:18","guid":{"rendered":"https:\/\/delingvo.de\/?page_id=5001"},"modified":"2025-08-05T16:02:05","modified_gmt":"2025-08-05T16:02:05","slug":"kali%cc%87te-yoeneti%cc%87mi%cc%87","status":"publish","type":"page","link":"https:\/\/delingvo.de\/tr\/unser-leitbild\/qualitaetsmanagement\/","title":{"rendered":"Kalite y\u00f6netimi"},"content":{"rendered":"<h3 data-start=\"158\" data-end=\"213\"><strong data-start=\"162\" data-end=\"213\">DeLingvo UG'de kalite birinci \u00f6nceli\u011fe sahiptir.<\/strong><\/h3>\n<p data-start=\"215\" data-end=\"531\">'deki \u00e7al\u0131\u015fmalar\u0131m\u0131z\u0131n kalitesi <strong data-start=\"247\" data-end=\"262\">DeLingvo UG<\/strong> tesad\u00fcf de\u011fildir - yap\u0131land\u0131r\u0131lm\u0131\u015f, profesyonel bir kalite y\u00f6netim sisteminin sonucudur. E\u011fitim organizasyonumuz a\u015fa\u011f\u0131daki standartlara g\u00f6re sertifikaland\u0131r\u0131lm\u0131\u015ft\u0131r <a href=\"https:\/\/www.bmas.de\/DE\/Arbeit\/Arbeitsfoerderung\/akkreditierung.html\" target=\"_blank\" rel=\"noopener\"><strong data-start=\"403\" data-end=\"472\">\u0130stihdam\u0131n Te\u015fviki i\u00e7in Akreditasyon ve Yetkilendirme Y\u00f6netmeli\u011fi (AZAV)<\/strong> <\/a>uzman merkez taraf\u0131ndan <strong data-start=\"494\" data-end=\"517\">Kiwa Zertpunkt GmbH<\/strong> Sertifikal\u0131.<\/p>\n<figure id=\"attachment_5003\" aria-describedby=\"caption-attachment-5003\" style=\"width: 419px\" class=\"wp-caption alignnone\"><a href=\"https:\/\/delingvo.de\/wp-content\/uploads\/2025\/05\/ZertTraeg_Traegerzulassung.pdf\"><img fetchpriority=\"high\" decoding=\"async\" class=\"size-medium wp-image-5003\" src=\"https:\/\/delingvo.de\/wp-content\/uploads\/2025\/05\/AZAV-Traegerzulassung--419x600.webp\" alt=\"AZAV ta\u015f\u0131y\u0131c\u0131 onay\u0131\" width=\"419\" height=\"600\" title=\"\" srcset=\"https:\/\/delingvo.de\/wp-content\/uploads\/2025\/05\/AZAV-Traegerzulassung--419x600.webp 419w, https:\/\/delingvo.de\/wp-content\/uploads\/2025\/05\/AZAV-Traegerzulassung--105x150.webp 105w, https:\/\/delingvo.de\/wp-content\/uploads\/2025\/05\/AZAV-Traegerzulassung--8x12.webp 8w, https:\/\/delingvo.de\/wp-content\/uploads\/2025\/05\/AZAV-Traegerzulassung--600x860.webp 600w, https:\/\/delingvo.de\/wp-content\/uploads\/2025\/05\/AZAV-Traegerzulassung--jpg.webp 633w\" sizes=\"(max-width: 419px) 100vw, 419px\" \/><\/a><figcaption id=\"caption-attachment-5003\" class=\"wp-caption-text\">\ud83c\udfc6 <strong data-start=\"541\" data-end=\"565\">AZAV yetkilendirmesi<\/strong><\/figcaption><\/figure>\n<p data-start=\"567\" data-end=\"760\">Bu sertifika, programlar\u0131m\u0131z\u0131n Avrupa Birli\u011fi'nin y\u00fcksek standartlar\u0131n\u0131 kar\u015f\u0131lad\u0131\u011f\u0131n\u0131 teyit etmektedir. <strong data-start=\"645\" data-end=\"691\">Federal \u00c7al\u0131\u015fma ve Sosyal \u0130\u015fler Bakanl\u0131\u011f\u0131<\/strong> hem i\u00e7erik hem de organizasyon a\u00e7\u0131s\u0131ndan. Buna \u015funlar dahildir<\/p>\n<ul data-start=\"762\" data-end=\"939\">\n<li data-start=\"762\" data-end=\"814\">\n<p data-start=\"764\" data-end=\"814\">Ko\u00e7lar\u0131m\u0131z\u0131n ve e\u011fitmenlerimizin nitelikleri<\/p>\n<\/li>\n<li data-start=\"815\" data-end=\"848\">\n<p data-start=\"817\" data-end=\"848\">Pedagojik kavramlar\u0131m\u0131z<\/p>\n<\/li>\n<li data-start=\"849\" data-end=\"876\">\n<p data-start=\"851\" data-end=\"876\">\u0130\u015fg\u00fcc\u00fc piyasas\u0131 oda\u011f\u0131m\u0131z<\/p>\n<\/li>\n<li data-start=\"877\" data-end=\"939\">\n<p data-start=\"879\" data-end=\"939\">Kat\u0131l\u0131mc\u0131lar\u0131m\u0131za sundu\u011fumuz deste\u011fin yan\u0131 s\u0131ra.<\/p>\n<\/li>\n<\/ul>\n<hr data-start=\"941\" data-end=\"944\" \/>\n<p data-start=\"946\" data-end=\"1152\">\ud83d\udcbc <strong data-start=\"949\" data-end=\"1002\">S\u00fcbvansiyonlu ko\u00e7luk ve e\u011fitim programlar\u0131m\u0131z<\/strong> - \u00f6zellikle de <a href=\"https:\/\/delingvo.de\/tr\/kurslar\/hamburgda-i%cc%87s-basvuru-koclugu\/\"><strong data-start=\"1022\" data-end=\"1044\">\u0130\u015f ba\u015fvurusu ko\u00e7lu\u011fu<\/strong><\/a> - \u0130nsanlar\u0131 \u00f6zellikle i\u015fg\u00fcc\u00fc piyasas\u0131na (yeniden) girmeleri konusunda desteklemek. Kat\u0131l\u0131mc\u0131lar \u015funlardan faydalan\u0131r:<\/p>\n<p data-start=\"1154\" data-end=\"1274\">\u2705 Ki\u015fiselle\u015ftirilmi\u015f tavsiye<br data-start=\"1178\" data-end=\"1181\" \/>\u2705 Ba\u015fvuru s\u00fcrecinde pratik destek<br data-start=\"1229\" data-end=\"1232\" \/>\u2705 Almanca dil becerilerinin hedeflenen geli\u015fimi<\/p>\n<p data-start=\"1276\" data-end=\"1323\">... i\u015fg\u00fcc\u00fc piyasas\u0131nda ba\u015far\u0131l\u0131 bir yer edinmek i\u00e7in.<\/p>\n<hr data-start=\"1325\" data-end=\"1328\" \/>\n<p data-start=\"1330\" data-end=\"1495\">\ud83d\udd12 ile <strong data-start=\"1341\" data-end=\"1390\">AZAV sertifikas\u0131 taraf\u0131ndan <a href=\"https:\/\/www.kiwa.com\/de\/de\/kontakt\/standorte2\/kiwa-zertpunkt-gmbh\/\" target=\"_blank\" rel=\"noopener\">Kiwa Zertpunkt GmbH<\/a><\/strong> Hizmetlerimizin her zaman y\u00fcksek standartlarda olmas\u0131n\u0131 sa\u011flamaya kararl\u0131y\u0131z - bu sizin i\u00e7in \u015fu anlama geliyor<\/p>\n<p data-start=\"1497\" data-end=\"1632\">\u2728 <strong data-start=\"1499\" data-end=\"1524\">G\u00fcvenilir kalite<\/strong><br data-start=\"1524\" data-end=\"1527\" \/>\u2728 <strong data-start=\"1529\" data-end=\"1556\">\u015eeffaf yap\u0131lar<\/strong><br data-start=\"1556\" data-end=\"1559\" \/>\u2728 <strong data-start=\"1561\" data-end=\"1632\">Gelecekteki kariyeriniz i\u00e7in m\u00fcmk\u00fcn olan en iyi destek.<\/strong><\/p>","protected":false},"excerpt":{"rendered":"<p>Qualit\u00e4t hat bei DeLingvo UG oberste Priorit\u00e4t. Die Qualit\u00e4t unserer Arbeit bei DeLingvo UG ist kein Zufall \u2013 sie ist [&hellip;]<\/p>\n","protected":false},"author":1,"featured_media":5007,"parent":4322,"menu_order":0,"comment_status":"closed","ping_status":"closed","template":"","meta":{"footnotes":""},"class_list":["post-5001","page","type-page","status-publish","has-post-thumbnail","hentry"],"_links":{"self":[{"href":"https:\/\/delingvo.de\/tr\/wp-json\/wp\/v2\/pages\/5001","targetHints":{"allow":["GET"]}}],"collection":[{"href":"https:\/\/delingvo.de\/tr\/wp-json\/wp\/v2\/pages"}],"about":[{"href":"https:\/\/delingvo.de\/tr\/wp-json\/wp\/v2\/types\/page"}],"author":[{"embeddable":true,"href":"https:\/\/delingvo.de\/tr\/wp-json\/wp\/v2\/users\/1"}],"replies":[{"embeddable":true,"href":"https:\/\/delingvo.de\/tr\/wp-json\/wp\/v2\/comments?post=5001"}],"version-history":[{"count":4,"href":"https:\/\/delingvo.de\/tr\/wp-json\/wp\/v2\/pages\/5001\/revisions"}],"predecessor-version":[{"id":5207,"href":"https:\/\/delingvo.de\/tr\/wp-json\/wp\/v2\/pages\/5001\/revisions\/5207"}],"up":[{"embeddable":true,"href":"https:\/\/delingvo.de\/tr\/wp-json\/wp\/v2\/pages\/4322"}],"wp:featuredmedia":[{"embeddable":true,"href":"https:\/\/delingvo.de\/tr\/wp-json\/wp\/v2\/media\/5007"}],"wp:attachment":[{"href":"https:\/\/delingvo.de\/tr\/wp-json\/wp\/v2\/media?parent=5001"}],"curies":[{"name":"wp","href":"https:\/\/api.w.org\/{rel}","templated":true}]}}