{"id":5847,"date":"2024-08-07T11:03:39","date_gmt":"2024-08-07T11:03:39","guid":{"rendered":"https:\/\/wp.themepure.net\/acadia\/?page_id=5847"},"modified":"2025-11-29T16:32:07","modified_gmt":"2025-11-29T16:32:07","slug":"kayit-formu","status":"publish","type":"page","link":"https:\/\/delingvo.de\/tr\/anmeldeformular\/","title":{"rendered":"Kay\u0131t formu"},"content":{"rendered":"<div data-elementor-type=\"wp-page\" data-elementor-id=\"5847\" class=\"elementor elementor-5847\">\n\t\t\t\t<div class=\"elementor-element elementor-element-aab136d e-con-full e-flex e-con e-parent\" data-id=\"aab136d\" data-element_type=\"container\" data-e-type=\"container\">\n\t\t<div class=\"elementor-element elementor-element-82b6c6c e-flex e-con-boxed e-con e-child\" data-id=\"82b6c6c\" data-element_type=\"container\" data-e-type=\"container\">\n\t\t\t\t\t<div class=\"e-con-inner\">\n\t\t\t\t<div class=\"elementor-element elementor-element-bf4d12b elementor-widget elementor-widget-tp-heading\" data-id=\"bf4d12b\" data-element_type=\"widget\" data-e-type=\"widget\" data-settings=\"{&quot;tp_anima_type&quot;:&quot;fadeInUp&quot;}\" data-widget_type=\"tp-heading.default\">\n\t\t\t\t<div class=\"elementor-widget-container\">\n\t\t\t\t\t\r\n\t\t\r\n\t\t\t<div class=\"tp-section tp-el-section align-box mb-40 wow fadeInUp\" data-wow-duration=\"1.5s\" data-wow-delay=\"0.3s\">\r\n\r\n\t\t\t\t\r\n\t\t\t\t<h2 class=\"tp-section-3-title tp-el-span-image  tp-el-acadia-title tp-hero-2-title tp-el-title\">Kursunuzu Bulun\n<\/h2>\r\n\t\t\t\t\t\t\t\t\t<p class=\"tp-el-content\">\r\n\t\t\t\t\t\tSizinle ileti\u015fime ge\u00e7ip en uygun kursu bulman\u0131za yard\u0131mc\u0131 olabilmemiz i\u00e7in a\u015fa\u011f\u0131daki formu doldurun.\n\n\t\t\t\t\t<\/p>\r\n\t\t\t\t\t\t\t<\/div>\r\n\r\n\t\t\t\t\t\t<\/div>\n\t\t\t\t<\/div>\n\t\t\t\t\t<\/div>\n\t\t\t\t<\/div>\n\t\t<div class=\"elementor-element elementor-element-b9ad68b e-con-full e-flex e-con e-child\" data-id=\"b9ad68b\" data-element_type=\"container\" data-e-type=\"container\" data-settings=\"{&quot;background_background&quot;:&quot;classic&quot;}\">\n\t\t<div class=\"elementor-element elementor-element-99ef3a4 e-flex e-con-boxed e-con e-child\" data-id=\"99ef3a4\" data-element_type=\"container\" data-e-type=\"container\">\n\t\t\t\t\t<div class=\"e-con-inner\">\n\t\t<div class=\"elementor-element elementor-element-fca4e87 e-con-full e-flex e-con e-child\" data-id=\"fca4e87\" data-element_type=\"container\" data-e-type=\"container\" data-settings=\"{&quot;background_background&quot;:&quot;gradient&quot;}\">\n\t\t\t\t<div class=\"elementor-element elementor-element-cf6771b elementor-widget elementor-widget-tp-heading\" data-id=\"cf6771b\" data-element_type=\"widget\" data-e-type=\"widget\" data-settings=\"{&quot;tp_anima_type&quot;:&quot;fadeInUp&quot;}\" data-widget_type=\"tp-heading.default\">\n\t\t\t\t<div class=\"elementor-widget-container\">\n\t\t\t\t\t\r\n\t\t\r\n\t\t\t<div class=\"tp-section tp-el-section align-box mb-40 wow fadeInUp\" data-wow-duration=\"1.5s\" data-wow-delay=\"0.3s\">\r\n\r\n\t\t\t\t\r\n\t\t\t\t<h2 class=\"tp-section-3-title tp-el-span-image  tp-el-acadia-title tp-hero-2-title tp-el-title\">kaydolun<\/h2>\r\n\t\t\t\t\t\t\t<\/div>\r\n\r\n\t\t\t\t\t\t<\/div>\n\t\t\t\t<\/div>\n\t\t\t\t<div class=\"elementor-element elementor-element-79dfbe7 elementor-widget elementor-widget-shortcode\" data-id=\"79dfbe7\" data-element_type=\"widget\" data-e-type=\"widget\" data-widget_type=\"shortcode.default\">\n\t\t\t\t\t\t\t<div class=\"elementor-shortcode\">\n<div class=\"wpcf7 no-js\" id=\"wpcf7-f4671-o1\" lang=\"de-DE\" dir=\"ltr\" data-wpcf7-id=\"4671\">\n<div class=\"screen-reader-response\"><p role=\"status\" aria-live=\"polite\" aria-atomic=\"true\"><\/p> <ul><\/ul><\/div>\n<form action=\"\/tr\/wp-json\/wp\/v2\/pages\/5847#wpcf7-f4671-o1\" method=\"post\" class=\"wpcf7-form init\" aria-label=\"\u0130leti\u015fim formu\" novalidate=\"novalidate\" data-status=\"init\" data-trp-original-action=\"\/tr\/wp-json\/wp\/v2\/pages\/5847#wpcf7-f4671-o1\">\n<fieldset class=\"hidden-fields-container\"><input type=\"hidden\" name=\"_wpcf7\" value=\"4671\" \/><input type=\"hidden\" name=\"_wpcf7_version\" value=\"6.1.5\" \/><input type=\"hidden\" name=\"_wpcf7_locale\" value=\"de_DE\" \/><input type=\"hidden\" name=\"_wpcf7_unit_tag\" value=\"wpcf7-f4671-o1\" \/><input type=\"hidden\" name=\"_wpcf7_container_post\" value=\"0\" \/><input type=\"hidden\" name=\"_wpcf7_posted_data_hash\" value=\"\" \/>\n<\/fieldset>\n<div id=\"kurs-form-wrapper\">\n\n<div class=\"cf7-grid\"> \n  <div class=\"cf7-row\">\n    <label>\u0130lk isim*<\/label>\n    <span class=\"wpcf7-form-control-wrap\" data-name=\"vorname\"><input size=\"40\" maxlength=\"400\" class=\"wpcf7-form-control wpcf7-text wpcf7-validates-as-required\" aria-required=\"true\" aria-invalid=\"false\" placeholder=\"isminiz\" value=\"\" type=\"text\" name=\"vorname\" \/><\/span>\n  <\/div>\n\n  <div class=\"cf7-row\">\n    <label>Soyad\u0131*<\/label>\n    <span class=\"wpcf7-form-control-wrap\" data-name=\"nachname\"><input size=\"40\" maxlength=\"400\" class=\"wpcf7-form-control wpcf7-text wpcf7-validates-as-required\" aria-required=\"true\" aria-invalid=\"false\" placeholder=\"soyisminiz\" value=\"\" type=\"text\" name=\"nachname\" \/><\/span>\n  <\/div>\n\n  <div class=\"cf7-row\">\n    <label>E-posta adresi*<\/label>\n    <span class=\"wpcf7-form-control-wrap\" data-name=\"email\"><input size=\"40\" maxlength=\"400\" class=\"wpcf7-form-control wpcf7-email wpcf7-validates-as-required wpcf7-text wpcf7-validates-as-email\" aria-required=\"true\" aria-invalid=\"false\" placeholder=\"ornek@gmail.com\" value=\"\" type=\"email\" name=\"email\" \/><\/span>\n  <\/div>\n\n  <div class=\"cf7-row\">\n    <label>Telefon numaras\u0131*<\/label>\n    <span class=\"wpcf7-form-control-wrap\" data-name=\"telefon\"><input size=\"40\" maxlength=\"400\" class=\"wpcf7-form-control wpcf7-tel wpcf7-validates-as-required wpcf7-text wpcf7-validates-as-tel\" aria-required=\"true\" aria-invalid=\"false\" placeholder=\"+49 123 456789\" value=\"\" type=\"tel\" name=\"telefon\" \/><\/span>\n  <\/div>\n\n  <div class=\"cf7-row\">\n    <label>Hangi kurs veya program i\u00e7in rezervasyon yapt\u0131rmak istersiniz?<\/label>\n    <span class=\"wpcf7-form-control-wrap\" data-name=\"kurswahl\"><select class=\"wpcf7-form-control wpcf7-select\" aria-invalid=\"false\" name=\"kurswahl\"><option value=\"Bitte ausw\u00e4hlen\">L\u00fctfen se\u00e7iniz<\/option><option value=\"A1 Deutschkurs \u2013 Semi-Intensivkurs\">A1 Almanca kursu - Yar\u0131 yo\u011fun kurs<\/option><option value=\"A2 Deutschkurs \u2013 Semi-Intensivkurs\">A2 Almanca kursu - Yar\u0131 yo\u011fun kurs<\/option><option value=\"B1 Deutschkurs \u2013 Semi-Intensivkurs\">B1 Almanca kursu - Yar\u0131 yo\u011fun kurs<\/option><option value=\"B2 Deutschkurs \u2013 Semi-Intensivkurs\">B2 Almanca kursu - Yar\u0131 yo\u011fun kurs<\/option><option value=\"C1 Deutschkurs \u2013 Semi-Intensivkurs\">C1 Almanca kursu - Yar\u0131 yo\u011fun kurs<\/option><option value=\"A1 Deutschkurs \u2013 Intensivkurs\">A1 Deutschkurs \u2013 Intensivkurs<\/option><option value=\"A2 Deutschkurs \u2013 Intensivkurs\">A2 Deutschkurs \u2013 Intensivkurs<\/option><option value=\"B1 Deutschkurs \u2013 Intensivkurs\">B1 Deutschkurs \u2013 Intensivkurs<\/option><option value=\"B2 Deutschkurs \u2013 Intensivkurs\">B2 Deutschkurs \u2013 Intensivkurs<\/option><option value=\"C1 Deutschkurs \u2013 Intensivkurs\">C1 Deutschkurs \u2013 Intensivkurs<\/option><option value=\"Deutsch Konversationskurs\">Almanca konu\u015fma kursu<\/option><option value=\"B1 Deutsch Pr\u00fcfungsvorbereitung\">B1 Almanca s\u0131nav\u0131na haz\u0131rl\u0131k<\/option><option value=\"Fachsprachenpr\u00fcfung-Intensivkurs\">Yo\u011funla\u015ft\u0131r\u0131lm\u0131\u015f uzmanla\u015fm\u0131\u015f dil kursu<\/option><option value=\"Integra berufliche Orientierung \u2013 Gruppenma\u00dfnahme\">Integra mesleki y\u00f6nelim - grup \u00f6l\u00e7\u00fcm\u00fc<\/option><option value=\"Integra Kompetenzerweiterung \u2013 Gruppenma\u00dfnahme\">Integra beceri geli\u015ftirme - grup \u00f6l\u00e7\u00fcm\u00fc<\/option><option value=\"Integra berufliche Integration \u2013 Gruppenma\u00dfnahme B2\/C1\">Integra mesleki entegrasyon - B2\/C1 grup tedbiri<\/option><option value=\"Integra berufliche Integration \u2013 Einzelma\u00dfnahme\">Integra mesleki entegrasyon - bireysel \u00f6nlem<\/option><option value=\"Integra berufliche Kompetenzerweiterung \u2013 Einzelma\u00dfnahme\">Integra mesleki beceri geli\u015ftirme - bireysel \u00f6nlem<\/option><option value=\"Integra berufliche Orientierung \u2013 Einzelma\u00dfnahme\">Integra mesleki y\u00f6nelim - bireysel \u00f6l\u00e7\u00fcm<\/option><option value=\"Integra Bewerbungscoaching\">Integra i\u015f ba\u015fvuru ko\u00e7lu\u011fu<\/option><\/select><\/span>\n  <\/div>\n\n  <div class=\"cf7-row\">\n    <label>\u0130stenen ba\u015flang\u0131\u00e7 tarihi<\/label>\n    <span class=\"wpcf7-form-control-wrap\" data-name=\"startdatum\"><input class=\"wpcf7-form-control wpcf7-date wpcf7-validates-as-date\" aria-invalid=\"false\" placeholder=\"aa\/gg\/yyyy\" value=\"\" type=\"date\" name=\"startdatum\" \/><\/span>\n  <\/div>\n\n  <div class=\"cf7-row\">\n    <label>Tercih edilen kurs saati*<\/label>\n    <span class=\"wpcf7-form-control-wrap\" data-name=\"kurszeit\"><select class=\"wpcf7-form-control wpcf7-select wpcf7-validates-as-required\" aria-required=\"true\" aria-invalid=\"false\" name=\"kurszeit\"><option value=\"Bitte ausw\u00e4hlen\">L\u00fctfen se\u00e7iniz<\/option><option value=\"Vormittags\">Sabahlar\u0131<\/option><option value=\"Mittags\">\u00d6\u011fle Yeme\u011fi<\/option><option value=\"Nachmittags\">\u00d6\u011fleden sonra<\/option><option value=\"Abends\">Ak\u015fam<\/option><\/select><\/span>\n  <\/div>\n\n  <div class=\"cf7-row\">\n    <label>Nas\u0131l kat\u0131lmak istersiniz? (\u00e7evrimi\u00e7i veya haz\u0131r bulunma)<\/label>\n    <span class=\"wpcf7-form-control-wrap\" data-name=\"unterrichtsart\"><select class=\"wpcf7-form-control wpcf7-select\" aria-invalid=\"false\" name=\"unterrichtsart\"><option value=\"Online\">\u00c7evrimi\u00e7i<\/option><option value=\"Pr\u00e4senz\">Varl\u0131k<\/option><\/select><\/span>\n  <\/div>\n\n  <div class=\"cf7-row\">\n    <label>Bireysel mi yoksa grup kursu mu istiyorsunuz?<\/label>\n    <span class=\"wpcf7-form-control-wrap\" data-name=\"kursart\"><select class=\"wpcf7-form-control wpcf7-select\" aria-invalid=\"false\" name=\"kursart\"><option value=\"Einzelkurs\">Bireysel kurs<\/option><option value=\"Gruppenkurs\">Grup kursu<\/option><\/select><\/span>\n  <\/div>\n\n  <div class=\"cf7-row\">\n    <label>Hangi dil seviyesini \u00f6\u011frenmek istersiniz?<\/label>\n    <span class=\"wpcf7-form-control-wrap\" data-name=\"sprachniveau\"><select class=\"wpcf7-form-control wpcf7-select wpcf7-validates-as-required\" aria-required=\"true\" aria-invalid=\"false\" name=\"sprachniveau\"><option value=\"A1\">A1<\/option><option value=\"A2\">A2<\/option><option value=\"B1\">B1<\/option><option value=\"B2\">B2<\/option><option value=\"C1\">C1<\/option><\/select><\/span>\n  <\/div>\n\n  <div class=\"cf7-row\">\n    <label>Zaten dil sertifikalar\u0131n\u0131z var m\u0131?<\/label>\n    <span class=\"wpcf7-form-control-wrap\" data-name=\"zertifikate-use\"><span class=\"wpcf7-form-control wpcf7-radio\"><span class=\"wpcf7-list-item first\"><label><input type=\"radio\" name=\"zertifikate-use\" value=\"Ja\" \/><span class=\"wpcf7-list-item-label\">Evet<\/span><\/label><\/span><span class=\"wpcf7-list-item last\"><label><input type=\"radio\" name=\"zertifikate-use\" value=\"Nein\" \/><span class=\"wpcf7-list-item-label\">Hay\u0131r<\/span><\/label><\/span><\/span><\/span>\n  <\/div>\n\n  <div class=\"cf7-row\">\n    <label>E\u011fer \u00f6yleyse, hangisi?<\/label>\n    <span class=\"wpcf7-form-control-wrap\" data-name=\"zertifikate-details\"><input size=\"40\" maxlength=\"400\" class=\"wpcf7-form-control wpcf7-text\" aria-invalid=\"false\" placeholder=\"z. B. TELC B1, Goethe A2\" value=\"\" type=\"text\" name=\"zertifikate-details\" \/><\/span>\n  <\/div>\n\n  <div class=\"cf7-row\">\n    <label>Di\u011fer yorumlar veya talepler<\/label>\n    <span class=\"wpcf7-form-control-wrap\" data-name=\"bemerkungen\"><textarea cols=\"40\" rows=\"10\" maxlength=\"2000\" class=\"wpcf7-form-control wpcf7-textarea\" aria-invalid=\"false\" placeholder=\"Opsiyonel\" name=\"bemerkungen\"><\/textarea><\/span>\n  <\/div>\n\n<div class=\"cf7-row\">\n  <label class=\"cf7-privacy translation-block\"><span class=\"wpcf7-form-control-wrap\" data-name=\"datenschutz-akzeptiert\"><span class=\"wpcf7-form-control wpcf7-acceptance\"><span class=\"wpcf7-list-item\"><input type=\"checkbox\" name=\"datenschutz-akzeptiert\" value=\"1\" aria-invalid=\"false\"><\/span><\/span><\/span> Ich habe die <a href=\"https:\/\/delingvo.de\/tr\/veri%cc%87-koruma\/\" target=\"_blank\" rel=\"noopener\">Datenschutzerkl\u00e4rung<\/a> gelesen und akzeptiere sie.<\/label>\n<\/div>\n\n  <div class=\"cf7-row\">\n    <input class=\"wpcf7-form-control wpcf7-submit has-spinner\" type=\"submit\" value=\"\u015eimdi kay\u0131t olun\" \/>\n  <\/div>\n<\/div>\n\n<\/div><div class=\"wpcf7-response-output\" aria-hidden=\"true\"><\/div>\n<input type=\"hidden\" name=\"trp-form-language\" value=\"tr\"\/><\/form>\n<\/div>\n<\/div>\n\t\t\t\t\t\t<\/div>\n\t\t\t\t<\/div>\n\t\t\t\t\t<\/div>\n\t\t\t\t<\/div>\n\t\t\t\t<\/div>\n\t\t\t\t<div class=\"elementor-element elementor-element-39e232f elementor-absolute elementor-widget elementor-widget-image\" data-id=\"39e232f\" data-element_type=\"widget\" data-e-type=\"widget\" data-settings=\"{&quot;_position&quot;:&quot;absolute&quot;}\" data-widget_type=\"image.default\">\n\t\t\t\t\t\t\t\t\t\t\t\t\t\t\t<img fetchpriority=\"high\" decoding=\"async\" width=\"1920\" height=\"507\" src=\"https:\/\/delingvo.de\/wp-content\/uploads\/2024\/08\/contact-bg.webp\" class=\"attachment-full size-full wp-image-5850\" alt=\"\" title=\"\">\t\t\t\t\t\t\t\t\t\t\t\t\t\t\t<\/div>\n\t\t\t\t<\/div>\n\t\t<div class=\"elementor-element elementor-element-766dcd3 e-flex e-con-boxed e-con e-parent\" data-id=\"766dcd3\" data-element_type=\"container\" data-e-type=\"container\">\n\t\t\t\t\t<div class=\"e-con-inner\">\n\t\t\t\t<div class=\"elementor-element elementor-element-7d7335e elementor-widget elementor-widget-tp-heading\" data-id=\"7d7335e\" data-element_type=\"widget\" data-e-type=\"widget\" data-settings=\"{&quot;tp_anima_type&quot;:&quot;fadeInUp&quot;}\" data-widget_type=\"tp-heading.default\">\n\t\t\t\t<div class=\"elementor-widget-container\">\n\t\t\t\t\t\r\n\t\t\r\n\t\t\t<div class=\"tp-section tp-el-section align-box mb-40 wow fadeInUp\" data-wow-duration=\"1.5s\" data-wow-delay=\"0.3s\">\r\n\r\n\t\t\t\t\r\n\t\t\t\t<h2 class=\"tp-section-3-title tp-el-span-image  tp-el-acadia-title tp-hero-2-title tp-el-title\">Lassen Sie uns wissen, wie wir Ihnen helfen k\u00f6nnen.<\/h2>\r\n\t\t\t\t\t\t\t<\/div>\r\n\r\n\t\t\t\t\t\t<\/div>\n\t\t\t\t<\/div>\n\t\t<div class=\"elementor-element elementor-element-d304899 e-con-full e-flex e-con e-child\" data-id=\"d304899\" data-element_type=\"container\" data-e-type=\"container\">\n\t\t<div class=\"elementor-element elementor-element-917f075 e-con-full e-flex e-con e-child\" data-id=\"917f075\" data-element_type=\"container\" data-e-type=\"container\">\n\t\t\t\t<div class=\"elementor-element elementor-element-2d4b339 elementor-widget elementor-widget-tp-contact-link\" data-id=\"2d4b339\" data-element_type=\"widget\" data-e-type=\"widget\" data-settings=\"{&quot;tp_anima_type&quot;:&quot;fadeInUp&quot;}\" data-widget_type=\"tp-contact-link.default\">\n\t\t\t\t<div class=\"elementor-widget-container\">\n\t\t\t\t\t\r\n\t\t\r\n\t\t\t<div class=\"tp-contact-info-item tp-el-section wow fadeInUp\" data-wow-duration=\"1.5s\" data-wow-delay=\"0.3s\">\r\n\t\t\t\t<div class=\"tp-contact-info-icon tp-icon-box-icon\">\r\n\t\t\t\t\t            <span class=\"tp-icon_box-svg-icon\">\r\n                            <svg width=\"18\" height=\"15\" viewbox=\"0 0 18 15\" fill=\"none\" xmlns=\"http:\/\/www.w3.org\/2000\/svg\">\n                                    <path d=\"M2.6 1H15.4C16.28 1 17 1.72 17 2.6V12.2C17 13.08 16.28 13.8 15.4 13.8H2.6C1.72 13.8 1 13.08 1 12.2V2.6C1 1.72 1.72 1 2.6 1Z\" stroke=\"#57595F\" stroke-width=\"2\" stroke-linecap=\"round\" stroke-linejoin=\"round\"><\/path>\n                                    <path d=\"M17 2.6001L9 8.2001L1 2.6001\" stroke=\"#57595F\" stroke-width=\"2\" stroke-linecap=\"round\" stroke-linejoin=\"round\"><\/path>\n                                    <\/svg>                    <\/span>\r\n    \t\t\t\t<\/div>\r\n\t\t\t\t\t\t\t\t\t<h4 class=\"tp-contact-info-title tp-el-title\">\r\n\t\t\t\t\t\tgeri bildirim\t\t\t\t\t<\/h4>\r\n\t\t\t\t\r\n\t\t\t\t\t\t\t\t\t<p class=\"tp-el-subtitle\">\r\n\t\t\t\t\t\tSprechen Sie mit unserem freundlichen Team.\t\t\t\t\t<\/p>\r\n\t\t\t\t\r\n\t\t\t\t\t\t\t\t\t<a href=\"mailto:info@delingvo.de\" target=\"\" rel=\"\">\r\n\t\t\t\t\t\tinfo@delingvo.de\t\t\t\t\t<\/a>\r\n\t\t\t\t\t\t\t<\/div>\r\n\r\n\t\t\t\t\t\t<\/div>\n\t\t\t\t<\/div>\n\t\t\t\t<\/div>\n\t\t<div class=\"elementor-element elementor-element-fb93da7 e-con-full e-flex e-con e-child\" data-id=\"fb93da7\" data-element_type=\"container\" data-e-type=\"container\">\n\t\t\t\t<div class=\"elementor-element elementor-element-b27eacf elementor-widget elementor-widget-tp-contact-link\" data-id=\"b27eacf\" data-element_type=\"widget\" data-e-type=\"widget\" data-settings=\"{&quot;tp_anima_type&quot;:&quot;fadeInUp&quot;}\" data-widget_type=\"tp-contact-link.default\">\n\t\t\t\t<div class=\"elementor-widget-container\">\n\t\t\t\t\t\r\n\t\t\r\n\t\t\t<div class=\"tp-contact-info-item tp-el-section wow fadeInUp\" data-wow-duration=\"1.7s\" data-wow-delay=\"0.3s\">\r\n\t\t\t\t<div class=\"tp-contact-info-icon tp-icon-box-icon\">\r\n\t\t\t\t\t            <span class=\"tp-icon_box-svg-icon\">\r\n                            <svg xmlns=\"http:\/\/www.w3.org\/2000\/svg\" width=\"17\" height=\"17\" viewbox=\"0 0 17 17\" fill=\"none\">\n                                    <path d=\"M10.291 3.86696C10.9924 4.00354 11.637 4.34592 12.1424 4.85028C12.6477 5.35463 12.9907 5.99801 13.1276 6.69808M10.291 1C11.7483 1.16158 13.1072 1.81291 14.1446 2.84704C15.182 3.88118 15.8363 5.23665 16 6.69091M15.2819 12.4105V14.5607C15.2827 14.7603 15.2417 14.9579 15.1616 15.1408C15.0815 15.3237 14.964 15.4879 14.8166 15.6228C14.6692 15.7578 14.4952 15.8605 14.3058 15.9244C14.1163 15.9884 13.9156 16.0121 13.7164 15.9942C11.5067 15.7545 9.38404 15.0009 7.5191 13.7938C5.78402 12.6934 4.31297 11.2251 3.21043 9.49336C1.99681 7.62353 1.24154 5.49467 1.00583 3.27923C0.987883 3.08103 1.01148 2.88127 1.07513 2.69267C1.13877 2.50407 1.24106 2.33076 1.37549 2.18378C1.50992 2.0368 1.67353 1.91937 1.85592 1.83896C2.03831 1.75855 2.23548 1.71693 2.43487 1.71674H4.58921C4.93771 1.71332 5.27557 1.83649 5.53981 2.06331C5.80406 2.29012 5.97665 2.6051 6.02543 2.94953C6.11636 3.63765 6.28499 4.31329 6.52811 4.96357C6.62472 5.22011 6.64564 5.49891 6.58836 5.76695C6.53109 6.03498 6.39803 6.28101 6.20496 6.47589L5.29296 7.38614C6.31523 9.18053 7.8038 10.6663 9.60163 11.6866L10.5136 10.7763C10.7089 10.5836 10.9554 10.4508 11.2239 10.3936C11.4925 10.3365 11.7718 10.3574 12.0288 10.4538C12.6804 10.6964 13.3573 10.8648 14.0467 10.9555C14.3956 11.0046 14.7142 11.18 14.9419 11.4483C15.1696 11.7165 15.2906 12.059 15.2819 12.4105Z\" stroke=\"#57595F\" stroke-width=\"2\" stroke-linecap=\"round\" stroke-linejoin=\"round\"><\/path>\n                                  <\/svg>                    <\/span>\r\n    \t\t\t\t<\/div>\r\n\t\t\t\t\t\t\t\t\t<h4 class=\"tp-contact-info-title tp-el-title\">\r\n\t\t\t\t\t\tRufen Sie uns an\t\t\t\t\t<\/h4>\r\n\t\t\t\t\r\n\t\t\t\t\t\t\t\t\t<p class=\"tp-el-subtitle\">\r\n\t\t\t\t\t\tPzt\u2013Cum, 08:00 - 17:00 aras\u0131\t\t\t\t\t<\/p>\r\n\t\t\t\t\r\n\t\t\t\t\t\t\t\t\t<a href=\"tel:+494023813117\" target=\"\" rel=\"\">\r\n\t\t\t\t\t\t+494023813117\t\t\t\t\t<\/a>\r\n\t\t\t\t\t\t\t<\/div>\r\n\r\n\t\t\t\t\t\t<\/div>\n\t\t\t\t<\/div>\n\t\t\t\t<\/div>\n\t\t<div class=\"elementor-element elementor-element-d0b00ff e-con-full e-flex e-con e-child\" data-id=\"d0b00ff\" data-element_type=\"container\" data-e-type=\"container\">\n\t\t\t\t<div class=\"elementor-element elementor-element-d4f7e6b elementor-widget elementor-widget-tp-contact-link\" data-id=\"d4f7e6b\" data-element_type=\"widget\" data-e-type=\"widget\" data-settings=\"{&quot;tp_anima_type&quot;:&quot;fadeInUp&quot;}\" data-widget_type=\"tp-contact-link.default\">\n\t\t\t\t<div class=\"elementor-widget-container\">\n\t\t\t\t\t\r\n\t\t\r\n\t\t\t<div class=\"tp-contact-info-item tp-el-section wow fadeInUp\" data-wow-duration=\"1.9s\" data-wow-delay=\"0.3s\">\r\n\t\t\t\t<div class=\"tp-contact-info-icon tp-icon-box-icon\">\r\n\t\t\t\t\t            <span class=\"tp-icon_box-svg-icon\">\r\n                            <svg xmlns=\"http:\/\/www.w3.org\/2000\/svg\" width=\"16\" height=\"16\" viewbox=\"0 0 16 16\" fill=\"none\">\n                                    <g clip-path=\"url(#clip0_6207_333)\">\n                                      <path d=\"M14 6.6665C14 11.3332 8 15.3332 8 15.3332C8 15.3332 2 11.3332 2 6.6665C2 5.07521 2.63214 3.54908 3.75736 2.42386C4.88258 1.29864 6.4087 0.666504 8 0.666504C9.5913 0.666504 11.1174 1.29864 12.2426 2.42386C13.3679 3.54908 14 5.07521 14 6.6665Z\" stroke=\"#57595F\" stroke-width=\"2\" stroke-linecap=\"round\" stroke-linejoin=\"round\"><\/path>\n                                      <path d=\"M8 8.6665C9.10457 8.6665 10 7.77107 10 6.6665C10 5.56193 9.10457 4.6665 8 4.6665C6.89543 4.6665 6 5.56193 6 6.6665C6 7.77107 6.89543 8.6665 8 8.6665Z\" stroke=\"#57595F\" stroke-width=\"2\" stroke-linecap=\"round\" stroke-linejoin=\"round\"><\/path>\n                                    <\/g>\n                                    <defs>\n                                      <clippath id=\"clip0_6207_333\">\n                                        <rect width=\"16\" height=\"16\" fill=\"white\"><\/rect>\n                                      <\/clippath>\n                                    <\/defs>\n                                  <\/svg>                    <\/span>\r\n    \t\t\t\t<\/div>\r\n\t\t\t\t\t\t\t\t\t<h4 class=\"tp-contact-info-title tp-el-title\">\r\n\t\t\t\t\t\tBizi Ziyaret Edin\t\t\t\t\t<\/h4>\r\n\t\t\t\t\r\n\t\t\t\t\t\t\t\t\t<p class=\"tp-el-subtitle\">\r\n\t\t\t\t\t\tOfisimizi ziyaret edin\t\t\t\t\t<\/p>\r\n\t\t\t\t\r\n\t\t\t\t\t\t\t\t\t<a href=\"https:\/\/www.google.com\/maps\/search\/?api=1&amp;query=Wendenstra%C3%9Fe%2029%2C%2020097%2C%20Hamburg\" target=\"\" rel=\"noopener\">\r\n\t\t\t\t\t\tWendenstra\u00dfe 29, 20097\t\t\t\t\t<\/a>\r\n\t\t\t\t\t\t\t<\/div>\r\n\r\n\t\t\t\t\t\t<\/div>\n\t\t\t\t<\/div>\n\t\t\t\t<\/div>\n\t\t\t\t<\/div>\n\t\t\t\t\t<\/div>\n\t\t\t\t<\/div>\n\t\t<div class=\"elementor-element elementor-element-9888c5d e-con-full e-flex e-con e-parent\" data-id=\"9888c5d\" data-element_type=\"container\" data-e-type=\"container\">\n\t\t\t\t<div class=\"elementor-element elementor-element-0c5b697 elementor-widget elementor-widget-google_maps\" data-id=\"0c5b697\" data-element_type=\"widget\" data-e-type=\"widget\" data-widget_type=\"google_maps.default\">\n\t\t\t\t\t\t\t<div class=\"elementor-custom-embed\">\n\t\t\t<iframe loading=\"lazy\"\n\t\t\t\t\tsrc=\"https:\/\/maps.google.com\/maps?q=Wendenstra%C3%9Fe%2029%2C%2020097&#038;t=m&#038;z=15&#038;output=embed&#038;iwloc=near\"\n\t\t\t\t\ttitle=\"Wendenstra\u00dfe 29, 20097\"\n\t\t\t\t\taria-label=\"Wendenstra\u00dfe 29, 20097\"\n\t\t\t><\/iframe>\n\t\t<\/div>\n\t\t\t\t\t\t<\/div>\n\t\t\t\t<\/div>\n\t\t\t\t<\/div>","protected":false},"excerpt":{"rendered":"<p>Finden Sie Ihren Kurs F\u00fcllen Sie das untenstehende Formular aus, damit wir Sie kontaktieren und Ihnen helfen k\u00f6nnen, den passenden [&hellip;]<\/p>\n","protected":false},"author":64,"featured_media":0,"parent":0,"menu_order":0,"comment_status":"closed","ping_status":"closed","template":"elementor_header_footer","meta":{"footnotes":""},"class_list":["post-5847","page","type-page","status-publish","hentry"],"_links":{"self":[{"href":"https:\/\/delingvo.de\/tr\/wp-json\/wp\/v2\/pages\/5847","targetHints":{"allow":["GET"]}}],"collection":[{"href":"https:\/\/delingvo.de\/tr\/wp-json\/wp\/v2\/pages"}],"about":[{"href":"https:\/\/delingvo.de\/tr\/wp-json\/wp\/v2\/types\/page"}],"author":[{"embeddable":true,"href":"https:\/\/delingvo.de\/tr\/wp-json\/wp\/v2\/users\/64"}],"replies":[{"embeddable":true,"href":"https:\/\/delingvo.de\/tr\/wp-json\/wp\/v2\/comments?post=5847"}],"version-history":[{"count":23,"href":"https:\/\/delingvo.de\/tr\/wp-json\/wp\/v2\/pages\/5847\/revisions"}],"predecessor-version":[{"id":16496,"href":"https:\/\/delingvo.de\/tr\/wp-json\/wp\/v2\/pages\/5847\/revisions\/16496"}],"wp:attachment":[{"href":"https:\/\/delingvo.de\/tr\/wp-json\/wp\/v2\/media?parent=5847"}],"curies":[{"name":"wp","href":"https:\/\/api.w.org\/{rel}","templated":true}]}}